{"id":131,"date":"2015-10-21T09:44:48","date_gmt":"2015-10-21T08:44:48","guid":{"rendered":"http:\/\/www.nguyensao.fr\/?page_id=131"},"modified":"2025-03-28T13:12:12","modified_gmt":"2025-03-28T12:12:12","slug":"expositions-collectives","status":"publish","type":"page","link":"https:\/\/www.nguyensao.fr\/index.php\/fr\/expositions-collectives\/","title":{"rendered":"Expositions collectives"},"content":{"rendered":"<h2>Avant 1939<\/h2>\n<ul>\n<li>1935 : Foire internationale de Sa\u00efgon (Vi\u00eat-Nam)<\/li>\n<\/ul>\n<h2>P\u00e9riode 1940 &#8211; 1952<\/h2>\n<ul>\n<li>1941 : Salon de Peinture de l\u2019\u00c9cole municipale des Beaux-arts de la Ville, Avignon (Vaucluse)<\/li>\n<li>1944 : Concours de peinture Lefranc<\/li>\n<li>1946 : Salon des Arts d\u00e9coratifs de la Ville, Paris<\/li>\n<li>1949 : Galerie \u00e0 Z\u00fcrich ; Salon d&rsquo;Hiver, Paris<\/li>\n<li>1950 : Salon de Peinture, Deauville (Calvados) ; Exposition de l&rsquo;Ann\u00e9e Sainte au Palais du Vatican, Rome (Italie)<\/li>\n<\/ul>\n<h2>P\u00e9riode 1952 &#8211; 1972<\/h2>\n<ul>\n<li>1956 : Salon de l&rsquo;Association culturelle du Vi\u00eat-Nam, Sa\u00efgon (Vi\u00eat-Nam)<\/li>\n<li>1957 : D\u00e9corateur \u00e0 la Foire de Thi-Nghe (Vi\u00eat-Nam)<\/li>\n<li>1958 : Salon de l&rsquo;Association culturelle du Vi\u00eat-Nam, Sa\u00efgon (Vi\u00eat-Nam)<\/li>\n<li>1959 : Salon de Printemps, Sa\u00efgon (Vi\u00eat-Nam)<\/li>\n<li>1960 : Salon de Printemps, Sa\u00efgon (Vi\u00eat-Nam)<\/li>\n<li>1961 : Salon de Printemps, Sa\u00efgon (Vi\u00eat-Nam)<\/li>\n<li>1962 : 1\u00e8re Exposition internationale des Beaux-arts, Jardin botanique ; Exposition Laque et C\u00e9ramique au Hall Tu-Do ; Salon d&rsquo;art religieux \u00e0 l&rsquo;Alliance Fran\u00e7aise, Sa\u00efgon (Vi\u00eat-Nam)<\/li>\n<li>1962 &#8211; 1972 : Exposition Internationale de Peinture et de Laque, Tokyo &#8211; Ta\u00efwan &#8211; Hong Kong &#8211; Tha\u00eflande &#8211;\u00a0 Manille (Asie)<\/li>\n<li>1964 : Foire internationale, Paris<\/li>\n<\/ul>\n<h2>P\u00e9riode 1972 &#8211; 2007<\/h2>\n<ul>\n<li>1972 : Exposition du Palais de Chaillot : \u00ab\u00a0<em>Le Christ tel que les peintres le voient<\/em>\u00a0\u00bb ; Galerie R\u00e9gis Langlois ; Galerie Louis Soulanges ; Salon d&rsquo;Automne au Grand-Palais, Paris<\/li>\n<li>1973 : 1er Salon de Peinture et de Sculpture de Nice et de la C\u00f4te d&rsquo;Azur, Nice (Alpes-Maritimes); Salon du Grand Prix de P\u00e2ques, Nice\/St-Paul de Vence ; Salon du Grand Prix du Festival de Cannes (Alpes-Maritimes); Salon du XXIVe Grand Prix international de Peinture de Deauville (Calvados)<\/li>\n<li>1974 : Mostra internazionale di Pittura \u00ab\u00a0<em>I sette colli di Roma<\/em>\u00ab\u00a0, Roma ; Mostra internazionale di Pittura, Vicenza (Italie) ; Salle des F\u00eates de la Mairie, Taverny (Val-d&rsquo;Oise)<\/li>\n<li>1975 : Salle des F\u00eates, Mairie du 4\u00e8me, Paris<\/li>\n<li>1976 : Salle des F\u00eates, Mairie du 20\u00e8me. Paris\u00a0 ; Salle des F\u00eates, Mairie de Cormeilles-en-Parisis (Val-d&rsquo;Oise) ; Salon du 8\u00e8me Grand concours international de l&rsquo;Acad\u00e9mie Internationale de Lut\u00e8ce, Paris<\/li>\n<li>1977 : Maison de Bretagne, Paris ; Salon du 9\u00e8me Grand concours international de l&rsquo;Acad\u00e9mie Internationale de Lut\u00e8ce, Paris<\/li>\n<li>1978 : Festival international de Peinture d&rsquo;Osaka (Japon) ; Festival international de Peinture et d&rsquo;Art graphico-plastique de\u00a0 Saint-Germain-des-Pr\u00e9s, Paris<\/li>\n<li>1979 : Festival international de Peinture d&rsquo;Osaka (Japon)<\/li>\n<li>1980 : Salon de la Palette de la Cit\u00e9, Paris<\/li>\n<li>1981 : 5\u00e8me Festival international de Peinture et d&rsquo;Art graphico-plastique, Costa Brava (Espagne) ; Exposition du Salon des Meubles Ming, Paris ; XIIIe Salon national de l&rsquo;Association de Membres de l&rsquo;Ordre des Palmes Acad\u00e9miques, Paris<\/li>\n<li>1982 : Salon de la Palette de la Cit\u00e9, Paris ; Festival international de Peinture et d&rsquo;Art graphico-plastique, Bruxelles (Belgique) ; Salon de l&rsquo;Institut Acad\u00e9mique de Paris, Prix de la Main d&rsquo;Or.<\/li>\n<li>1984 : Salon du Festival de Peinture au Pays de Lancelot, Casino des Thermes, Bagnoles-de-l&rsquo;Orne (Orne)<\/li>\n<li>1985 : Rencontre artistique picturale internationale, \u00ab\u00a0<em>Un instant de paix<\/em>\u00a0\u00bb au Caf\u00e9 de la Paix \u00e0 l&rsquo;Op\u00e9ra, Paris<\/li>\n<li>1986 :\u00a0 XVIIe Salon national de l&rsquo;Association des Membres de l&rsquo;Ordre des Palmes Acad\u00e9miques ; 2\u00e8me Salon des \u00ab\u00a0Jardins de la Roquette\u00a0\u00bb, Paris ; Salon de l&rsquo;Association Gratentour Marie-Louise, Centre Hospitalier des Arm\u00e9es, Toulouse (Haute-Garonne)<\/li>\n<li>1987 : XVIIIe Salon national de l&rsquo;Association des Membres de l&rsquo;Ordre des Palmes Acad\u00e9miques, Paris<\/li>\n<li>1988 : Salon de l&rsquo;Acad\u00e9mie de Peinture de S\u00e9nart, Brunoy (Essonne) ; Salon de la Palette de la Cit\u00e9, Paris<\/li>\n<li>1990 : Salon de peinture \u00e0 l&rsquo;Espace culturel Bonnefoy, Toulouse (Haute-Garonne)<\/li>\n<li>1994 : Salon de la Palette de la Cit\u00e9, Paris<\/li>\n<li>1995 : Salon de la Palette de la Cit\u00e9, Paris<\/li>\n<li>1997 : Salon de Printemps de l&rsquo;Acad\u00e9mie europ\u00e9enne des Arts, Paris<\/li>\n<li>1999 : Salon de Printemps de l&rsquo;Acad\u00e9mie europ\u00e9enne des Arts, Paris<\/li>\n<li>2007 : Salon de la Galerie Thuillier, Paris (participation posthume)<\/li>\n<\/ul>\n<p>&nbsp;<\/p>\n","protected":false},"excerpt":{"rendered":"<p>Avant 1939 1935 : Foire internationale de Sa\u00efgon (Vi\u00eat-Nam) P\u00e9riode 1940 &#8211; 1952 1941 : Salon de Peinture de l\u2019\u00c9cole municipale des Beaux-arts de la Ville, Avignon (Vaucluse) 1944 : Concours de peinture Lefranc 1946 : Salon des Arts d\u00e9coratifs de la Ville, Paris 1949 : Galerie \u00e0 Z\u00fcrich ; Salon d&rsquo;Hiver, Paris 1950 : &hellip; <a href=\"https:\/\/www.nguyensao.fr\/index.php\/fr\/expositions-collectives\/\" class=\"more-link\">Continuer la lecture de <span class=\"screen-reader-text\">Expositions collectives<\/span> <span class=\"meta-nav\">&rarr;<\/span><\/a><\/p>\n","protected":false},"author":1,"featured_media":0,"parent":0,"menu_order":0,"comment_status":"closed","ping_status":"closed","template":"full-width-page.php","meta":{"iawp_total_views":28,"footnotes":""},"class_list":["post-131","page","type-page","status-publish","hentry"],"yoast_head":"<!-- This site is optimized with the Yoast SEO plugin v27.5 - https:\/\/yoast.com\/product\/yoast-seo-wordpress\/ -->\n<title>Expositions collectives - Nguyen Sao<\/title>\n<meta name=\"robots\" content=\"index, follow, max-snippet:-1, max-image-preview:large, max-video-preview:-1\" \/>\n<link rel=\"canonical\" href=\"https:\/\/www.nguyensao.fr\/index.php\/fr\/expositions-collectives\/\" \/>\n<meta property=\"og:locale\" content=\"fr_FR\" \/>\n<meta property=\"og:type\" content=\"article\" \/>\n<meta property=\"og:title\" content=\"Expositions collectives - Nguyen Sao\" \/>\n<meta property=\"og:description\" content=\"Avant 1939 1935 : Foire internationale de Sa\u00efgon (Vi\u00eat-Nam) P\u00e9riode 1940 &#8211; 1952 1941 : Salon de Peinture de l\u2019\u00c9cole municipale des Beaux-arts de la Ville, Avignon (Vaucluse) 1944 : Concours de peinture Lefranc 1946 : Salon des Arts d\u00e9coratifs de la Ville, Paris 1949 : Galerie \u00e0 Z\u00fcrich ; Salon d&rsquo;Hiver, Paris 1950 : &hellip; Continuer la lecture de Expositions collectives &rarr;\" \/>\n<meta property=\"og:url\" content=\"https:\/\/www.nguyensao.fr\/index.php\/fr\/expositions-collectives\/\" \/>\n<meta property=\"og:site_name\" content=\"Nguyen Sao\" \/>\n<meta property=\"article:modified_time\" content=\"2025-03-28T12:12:12+00:00\" \/>\n<meta name=\"twitter:card\" content=\"summary_large_image\" \/>\n<meta name=\"twitter:label1\" content=\"Dur\u00e9e de lecture estim\u00e9e\" \/>\n\t<meta name=\"twitter:data1\" content=\"3 minutes\" \/>\n<script type=\"application\/ld+json\" class=\"yoast-schema-graph\">{\"@context\":\"https:\\\/\\\/schema.org\",\"@graph\":[{\"@type\":\"WebPage\",\"@id\":\"https:\\\/\\\/www.nguyensao.fr\\\/index.php\\\/fr\\\/expositions-collectives\\\/\",\"url\":\"https:\\\/\\\/www.nguyensao.fr\\\/index.php\\\/fr\\\/expositions-collectives\\\/\",\"name\":\"Expositions collectives - Nguyen Sao\",\"isPartOf\":{\"@id\":\"https:\\\/\\\/www.nguyensao.fr\\\/#website\"},\"datePublished\":\"2015-10-21T08:44:48+00:00\",\"dateModified\":\"2025-03-28T12:12:12+00:00\",\"inLanguage\":\"fr-FR\",\"potentialAction\":[{\"@type\":\"ReadAction\",\"target\":[\"https:\\\/\\\/www.nguyensao.fr\\\/index.php\\\/fr\\\/expositions-collectives\\\/\"]}]},{\"@type\":\"WebSite\",\"@id\":\"https:\\\/\\\/www.nguyensao.fr\\\/#website\",\"url\":\"https:\\\/\\\/www.nguyensao.fr\\\/\",\"name\":\"Nguyen Sao\",\"description\":\"Un artiste aux multiples facettes\",\"potentialAction\":[{\"@type\":\"SearchAction\",\"target\":{\"@type\":\"EntryPoint\",\"urlTemplate\":\"https:\\\/\\\/www.nguyensao.fr\\\/?s={search_term_string}\"},\"query-input\":{\"@type\":\"PropertyValueSpecification\",\"valueRequired\":true,\"valueName\":\"search_term_string\"}}],\"inLanguage\":\"fr-FR\"}]}<\/script>\n<!-- \/ Yoast SEO plugin. -->","yoast_head_json":{"title":"Expositions collectives - Nguyen Sao","robots":{"index":"index","follow":"follow","max-snippet":"max-snippet:-1","max-image-preview":"max-image-preview:large","max-video-preview":"max-video-preview:-1"},"canonical":"https:\/\/www.nguyensao.fr\/index.php\/fr\/expositions-collectives\/","og_locale":"fr_FR","og_type":"article","og_title":"Expositions collectives - Nguyen Sao","og_description":"Avant 1939 1935 : Foire internationale de Sa\u00efgon (Vi\u00eat-Nam) P\u00e9riode 1940 &#8211; 1952 1941 : Salon de Peinture de l\u2019\u00c9cole municipale des Beaux-arts de la Ville, Avignon (Vaucluse) 1944 : Concours de peinture Lefranc 1946 : Salon des Arts d\u00e9coratifs de la Ville, Paris 1949 : Galerie \u00e0 Z\u00fcrich ; Salon d&rsquo;Hiver, Paris 1950 : &hellip; Continuer la lecture de Expositions collectives &rarr;","og_url":"https:\/\/www.nguyensao.fr\/index.php\/fr\/expositions-collectives\/","og_site_name":"Nguyen Sao","article_modified_time":"2025-03-28T12:12:12+00:00","twitter_card":"summary_large_image","twitter_misc":{"Dur\u00e9e de lecture estim\u00e9e":"3 minutes"},"schema":{"@context":"https:\/\/schema.org","@graph":[{"@type":"WebPage","@id":"https:\/\/www.nguyensao.fr\/index.php\/fr\/expositions-collectives\/","url":"https:\/\/www.nguyensao.fr\/index.php\/fr\/expositions-collectives\/","name":"Expositions collectives - Nguyen Sao","isPartOf":{"@id":"https:\/\/www.nguyensao.fr\/#website"},"datePublished":"2015-10-21T08:44:48+00:00","dateModified":"2025-03-28T12:12:12+00:00","inLanguage":"fr-FR","potentialAction":[{"@type":"ReadAction","target":["https:\/\/www.nguyensao.fr\/index.php\/fr\/expositions-collectives\/"]}]},{"@type":"WebSite","@id":"https:\/\/www.nguyensao.fr\/#website","url":"https:\/\/www.nguyensao.fr\/","name":"Nguyen Sao","description":"Un artiste aux multiples facettes","potentialAction":[{"@type":"SearchAction","target":{"@type":"EntryPoint","urlTemplate":"https:\/\/www.nguyensao.fr\/?s={search_term_string}"},"query-input":{"@type":"PropertyValueSpecification","valueRequired":true,"valueName":"search_term_string"}}],"inLanguage":"fr-FR"}]}},"_links":{"self":[{"href":"https:\/\/www.nguyensao.fr\/index.php\/wp-json\/wp\/v2\/pages\/131","targetHints":{"allow":["GET"]}}],"collection":[{"href":"https:\/\/www.nguyensao.fr\/index.php\/wp-json\/wp\/v2\/pages"}],"about":[{"href":"https:\/\/www.nguyensao.fr\/index.php\/wp-json\/wp\/v2\/types\/page"}],"author":[{"embeddable":true,"href":"https:\/\/www.nguyensao.fr\/index.php\/wp-json\/wp\/v2\/users\/1"}],"replies":[{"embeddable":true,"href":"https:\/\/www.nguyensao.fr\/index.php\/wp-json\/wp\/v2\/comments?post=131"}],"version-history":[{"count":8,"href":"https:\/\/www.nguyensao.fr\/index.php\/wp-json\/wp\/v2\/pages\/131\/revisions"}],"predecessor-version":[{"id":1921,"href":"https:\/\/www.nguyensao.fr\/index.php\/wp-json\/wp\/v2\/pages\/131\/revisions\/1921"}],"wp:attachment":[{"href":"https:\/\/www.nguyensao.fr\/index.php\/wp-json\/wp\/v2\/media?parent=131"}],"curies":[{"name":"wp","href":"https:\/\/api.w.org\/{rel}","templated":true}]}}