{"id":133,"date":"2015-10-21T09:45:16","date_gmt":"2015-10-21T08:45:16","guid":{"rendered":"http:\/\/www.nguyensao.fr\/?page_id=133"},"modified":"2025-03-25T13:56:32","modified_gmt":"2025-03-25T12:56:32","slug":"expositions-personnelles","status":"publish","type":"page","link":"https:\/\/www.nguyensao.fr\/index.php\/fr\/expositions-personnelles\/","title":{"rendered":"Expositions personnelles"},"content":{"rendered":"<h2>P\u00e9riode 1939 &#8211; 1952<\/h2>\n<ul>\n<li>1948 : Galerie de l&rsquo;Agence des Colonies ; Galerie de l\u2019\u00c9lys\u00e9e, Paris*<\/li>\n<li>1949 : Galerie Cambac\u00e9r\u00e8s, Paris\u00a0 ; Maison des Arts de Monte-Carlo (Principaut\u00e9 de Monaco)<\/li>\n<\/ul>\n<h2>P\u00e9riode 1952 &#8211; 1972<\/h2>\n<ul>\n<li>1953 : Salon des Glaces du Th\u00e9\u00e2tre Municipal, Hano\u00ef (Vi\u00eat-Nam)<\/li>\n<li>1956 : Salon de Peinture de la Galerie Portail, Sa\u00efgon (Vi\u00eat-Nam)<\/li>\n<li>1957 : Salon de l&rsquo;Alliance Fran\u00e7aise, Sa\u00efgon (Vi\u00eat-Nam)<\/li>\n<li>1959 : Salon de l&rsquo;Alliance Fran\u00e7aise, Sa\u00efgon (Vi\u00eat-Nam)<\/li>\n<li>1960 : Salle d&rsquo;exposition permanente du Minist\u00e8re de l&rsquo;Information ; Salon de l&rsquo;Alliance Fran\u00e7aise, Sa\u00efgon (Vi\u00eat-Nam)<\/li>\n<li>1961 : Salon de l&rsquo;Alliance Fran\u00e7aise, Sa\u00efgon (Vi\u00eat-Nam)<\/li>\n<li>1963 :\u00a0 Salon de l&rsquo;Alliance Fran\u00e7aise, Sa\u00efgon (Vi\u00eat-Nam)<\/li>\n<li>1964 : Salon de l&rsquo;Alliance Fran\u00e7aise, Sa\u00efgon (Vi\u00eat-Nam)<\/li>\n<li>1965 : Salon de l&rsquo;Alliance Fran\u00e7aise, Sa\u00efgon (Vi\u00eat-Nam)<\/li>\n<\/ul>\n<h2>P\u00e9riode 1972 &#8211; 2009<\/h2>\n<ul>\n<li>1974 : Maison de la Culture et des Loisirs, Poitiers (Vienne) ; Galleria d&rsquo;Arte Moderna, Treviso (Italie)*<\/li>\n<li>1976 : Galerie Seventy-Two, Paris<\/li>\n<li>1978 : Galerie Tkim Quynh\/Argenson ; Salon d&rsquo;honneur de la brasserie Ruc Univers, Paris<\/li>\n<li>1981 : Salon de l&rsquo;H\u00f4tel Forest-Hill, Bougival (Yvelines)<\/li>\n<li>1987 : Salon de l&rsquo;Union des artistes vietnamiens d&rsquo;Outre-Mer, Paris*<\/li>\n<li>1988 : Salon de la Maison des Thermes, Chaudes-Aigues (Cantal)<\/li>\n<li>1989 : Salon de la Maison des Thermes, Chaudes-Aigues (Cantal)<\/li>\n<li>1999 : Salon priv\u00e9 \u00cele de la Cit\u00e9, Paris*<\/li>\n<li>2009 : Exposition posthume \u00e0 l&rsquo;Espace Qi-Gong-Sant\u00e9-Culture, Chaville (Hauts-de-Seine)<\/li>\n<\/ul>\n<p>N.B : *Ont \u00e9t\u00e9 consid\u00e9r\u00e9es expositions \u00ab\u00a0<em>personnelles<\/em>\u00ab\u00a0, les galeries ou salons ayant pr\u00e9sent\u00e9 un nombre significatif d\u2019\u0153uvres de Nguyen Sao avec celles de deux \u00e0 quatre artistes amis.<\/p>\n<p>&nbsp;<\/p>\n","protected":false},"excerpt":{"rendered":"<p>P\u00e9riode 1939 &#8211; 1952 1948 : Galerie de l&rsquo;Agence des Colonies ; Galerie de l\u2019\u00c9lys\u00e9e, Paris* 1949 : Galerie Cambac\u00e9r\u00e8s, Paris\u00a0 ; Maison des Arts de Monte-Carlo (Principaut\u00e9 de Monaco) P\u00e9riode 1952 &#8211; 1972 1953 : Salon des Glaces du Th\u00e9\u00e2tre Municipal, Hano\u00ef (Vi\u00eat-Nam) 1956 : Salon de Peinture de la Galerie Portail, Sa\u00efgon (Vi\u00eat-Nam) &hellip; <a href=\"https:\/\/www.nguyensao.fr\/index.php\/fr\/expositions-personnelles\/\" class=\"more-link\">Continuer la lecture de <span class=\"screen-reader-text\">Expositions personnelles<\/span> <span class=\"meta-nav\">&rarr;<\/span><\/a><\/p>\n","protected":false},"author":1,"featured_media":0,"parent":0,"menu_order":0,"comment_status":"closed","ping_status":"closed","template":"full-width-page.php","meta":{"iawp_total_views":29,"footnotes":""},"class_list":["post-133","page","type-page","status-publish","hentry"],"yoast_head":"<!-- This site is optimized with the Yoast SEO plugin v27.5 - https:\/\/yoast.com\/product\/yoast-seo-wordpress\/ -->\n<title>Expositions personnelles - Nguyen Sao<\/title>\n<meta name=\"robots\" content=\"index, follow, max-snippet:-1, max-image-preview:large, max-video-preview:-1\" \/>\n<link rel=\"canonical\" href=\"https:\/\/www.nguyensao.fr\/index.php\/fr\/expositions-personnelles\/\" \/>\n<meta property=\"og:locale\" content=\"fr_FR\" \/>\n<meta property=\"og:type\" content=\"article\" \/>\n<meta property=\"og:title\" content=\"Expositions personnelles - Nguyen Sao\" \/>\n<meta property=\"og:description\" content=\"P\u00e9riode 1939 &#8211; 1952 1948 : Galerie de l&rsquo;Agence des Colonies ; Galerie de l\u2019\u00c9lys\u00e9e, Paris* 1949 : Galerie Cambac\u00e9r\u00e8s, Paris\u00a0 ; Maison des Arts de Monte-Carlo (Principaut\u00e9 de Monaco) P\u00e9riode 1952 &#8211; 1972 1953 : Salon des Glaces du Th\u00e9\u00e2tre Municipal, Hano\u00ef (Vi\u00eat-Nam) 1956 : Salon de Peinture de la Galerie Portail, Sa\u00efgon (Vi\u00eat-Nam) &hellip; Continuer la lecture de Expositions personnelles &rarr;\" \/>\n<meta property=\"og:url\" content=\"https:\/\/www.nguyensao.fr\/index.php\/fr\/expositions-personnelles\/\" \/>\n<meta property=\"og:site_name\" content=\"Nguyen Sao\" \/>\n<meta property=\"article:modified_time\" content=\"2025-03-25T12:56:32+00:00\" \/>\n<meta name=\"twitter:card\" content=\"summary_large_image\" \/>\n<meta name=\"twitter:label1\" content=\"Dur\u00e9e de lecture estim\u00e9e\" \/>\n\t<meta name=\"twitter:data1\" content=\"2 minutes\" \/>\n<script type=\"application\/ld+json\" class=\"yoast-schema-graph\">{\"@context\":\"https:\\\/\\\/schema.org\",\"@graph\":[{\"@type\":\"WebPage\",\"@id\":\"https:\\\/\\\/www.nguyensao.fr\\\/index.php\\\/fr\\\/expositions-personnelles\\\/\",\"url\":\"https:\\\/\\\/www.nguyensao.fr\\\/index.php\\\/fr\\\/expositions-personnelles\\\/\",\"name\":\"Expositions personnelles - Nguyen Sao\",\"isPartOf\":{\"@id\":\"https:\\\/\\\/www.nguyensao.fr\\\/#website\"},\"datePublished\":\"2015-10-21T08:45:16+00:00\",\"dateModified\":\"2025-03-25T12:56:32+00:00\",\"inLanguage\":\"fr-FR\",\"potentialAction\":[{\"@type\":\"ReadAction\",\"target\":[\"https:\\\/\\\/www.nguyensao.fr\\\/index.php\\\/fr\\\/expositions-personnelles\\\/\"]}]},{\"@type\":\"WebSite\",\"@id\":\"https:\\\/\\\/www.nguyensao.fr\\\/#website\",\"url\":\"https:\\\/\\\/www.nguyensao.fr\\\/\",\"name\":\"Nguyen Sao\",\"description\":\"Un artiste aux multiples facettes\",\"potentialAction\":[{\"@type\":\"SearchAction\",\"target\":{\"@type\":\"EntryPoint\",\"urlTemplate\":\"https:\\\/\\\/www.nguyensao.fr\\\/?s={search_term_string}\"},\"query-input\":{\"@type\":\"PropertyValueSpecification\",\"valueRequired\":true,\"valueName\":\"search_term_string\"}}],\"inLanguage\":\"fr-FR\"}]}<\/script>\n<!-- \/ Yoast SEO plugin. -->","yoast_head_json":{"title":"Expositions personnelles - Nguyen Sao","robots":{"index":"index","follow":"follow","max-snippet":"max-snippet:-1","max-image-preview":"max-image-preview:large","max-video-preview":"max-video-preview:-1"},"canonical":"https:\/\/www.nguyensao.fr\/index.php\/fr\/expositions-personnelles\/","og_locale":"fr_FR","og_type":"article","og_title":"Expositions personnelles - Nguyen Sao","og_description":"P\u00e9riode 1939 &#8211; 1952 1948 : Galerie de l&rsquo;Agence des Colonies ; Galerie de l\u2019\u00c9lys\u00e9e, Paris* 1949 : Galerie Cambac\u00e9r\u00e8s, Paris\u00a0 ; Maison des Arts de Monte-Carlo (Principaut\u00e9 de Monaco) P\u00e9riode 1952 &#8211; 1972 1953 : Salon des Glaces du Th\u00e9\u00e2tre Municipal, Hano\u00ef (Vi\u00eat-Nam) 1956 : Salon de Peinture de la Galerie Portail, Sa\u00efgon (Vi\u00eat-Nam) &hellip; Continuer la lecture de Expositions personnelles &rarr;","og_url":"https:\/\/www.nguyensao.fr\/index.php\/fr\/expositions-personnelles\/","og_site_name":"Nguyen Sao","article_modified_time":"2025-03-25T12:56:32+00:00","twitter_card":"summary_large_image","twitter_misc":{"Dur\u00e9e de lecture estim\u00e9e":"2 minutes"},"schema":{"@context":"https:\/\/schema.org","@graph":[{"@type":"WebPage","@id":"https:\/\/www.nguyensao.fr\/index.php\/fr\/expositions-personnelles\/","url":"https:\/\/www.nguyensao.fr\/index.php\/fr\/expositions-personnelles\/","name":"Expositions personnelles - Nguyen Sao","isPartOf":{"@id":"https:\/\/www.nguyensao.fr\/#website"},"datePublished":"2015-10-21T08:45:16+00:00","dateModified":"2025-03-25T12:56:32+00:00","inLanguage":"fr-FR","potentialAction":[{"@type":"ReadAction","target":["https:\/\/www.nguyensao.fr\/index.php\/fr\/expositions-personnelles\/"]}]},{"@type":"WebSite","@id":"https:\/\/www.nguyensao.fr\/#website","url":"https:\/\/www.nguyensao.fr\/","name":"Nguyen Sao","description":"Un artiste aux multiples facettes","potentialAction":[{"@type":"SearchAction","target":{"@type":"EntryPoint","urlTemplate":"https:\/\/www.nguyensao.fr\/?s={search_term_string}"},"query-input":{"@type":"PropertyValueSpecification","valueRequired":true,"valueName":"search_term_string"}}],"inLanguage":"fr-FR"}]}},"_links":{"self":[{"href":"https:\/\/www.nguyensao.fr\/index.php\/wp-json\/wp\/v2\/pages\/133","targetHints":{"allow":["GET"]}}],"collection":[{"href":"https:\/\/www.nguyensao.fr\/index.php\/wp-json\/wp\/v2\/pages"}],"about":[{"href":"https:\/\/www.nguyensao.fr\/index.php\/wp-json\/wp\/v2\/types\/page"}],"author":[{"embeddable":true,"href":"https:\/\/www.nguyensao.fr\/index.php\/wp-json\/wp\/v2\/users\/1"}],"replies":[{"embeddable":true,"href":"https:\/\/www.nguyensao.fr\/index.php\/wp-json\/wp\/v2\/comments?post=133"}],"version-history":[{"count":2,"href":"https:\/\/www.nguyensao.fr\/index.php\/wp-json\/wp\/v2\/pages\/133\/revisions"}],"predecessor-version":[{"id":1900,"href":"https:\/\/www.nguyensao.fr\/index.php\/wp-json\/wp\/v2\/pages\/133\/revisions\/1900"}],"wp:attachment":[{"href":"https:\/\/www.nguyensao.fr\/index.php\/wp-json\/wp\/v2\/media?parent=133"}],"curies":[{"name":"wp","href":"https:\/\/api.w.org\/{rel}","templated":true}]}}