{"id":40,"date":"2016-04-27T18:13:22","date_gmt":"2016-04-27T17:13:22","guid":{"rendered":"http:\/\/www.nguyensao.fr\/?page_id=40"},"modified":"2016-12-05T10:42:15","modified_gmt":"2016-12-05T09:42:15","slug":"nguyen-sao","status":"publish","type":"page","link":"https:\/\/www.nguyensao.fr\/index.php\/vi\/nguyen-sao\/","title":{"rendered":"Nguy\u1ec5n Sao"},"content":{"rendered":"<figure id=\"attachment_1279\" aria-describedby=\"caption-attachment-1279\" style=\"width: 300px\" class=\"wp-caption alignleft\"><a href=\"http:\/\/www.nguyensao.fr\/wp-content\/uploads\/2016\/05\/1960_1212_ND_murPapa_bas.jpg\"><img loading=\"lazy\" decoding=\"async\" class=\"wp-image-1279 size-medium\" src=\"http:\/\/www.nguyensao.fr\/wp-content\/uploads\/2016\/05\/1960_1212_ND_murPapa_bas-300x209.jpg\" alt=\"Saigon, 1960\" width=\"300\" height=\"209\" srcset=\"https:\/\/www.nguyensao.fr\/wp-content\/uploads\/2016\/05\/1960_1212_ND_murPapa_bas-300x209.jpg 300w, https:\/\/www.nguyensao.fr\/wp-content\/uploads\/2016\/05\/1960_1212_ND_murPapa_bas.jpg 757w\" sizes=\"auto, (max-width: 300px) 100vw, 300px\" \/><\/a><figcaption id=\"caption-attachment-1279\" class=\"wp-caption-text\">Saigon, 1960<\/figcaption><\/figure>\n<figure id=\"attachment_1306\" aria-describedby=\"caption-attachment-1306\" style=\"width: 212px\" class=\"wp-caption alignright\"><a href=\"http:\/\/www.nguyensao.fr\/wp-content\/uploads\/2016\/05\/1994_0000_versAAPP_b_bas-rec.jpg\"><img loading=\"lazy\" decoding=\"async\" class=\"wp-image-1306\" src=\"http:\/\/www.nguyensao.fr\/wp-content\/uploads\/2016\/05\/1994_0000_versAAPP_b_bas-rec-293x300.jpg\" alt=\"1994_0000_versAAPP_b_bas rec\" width=\"212\" height=\"217\" srcset=\"https:\/\/www.nguyensao.fr\/wp-content\/uploads\/2016\/05\/1994_0000_versAAPP_b_bas-rec-293x300.jpg 293w, https:\/\/www.nguyensao.fr\/wp-content\/uploads\/2016\/05\/1994_0000_versAAPP_b_bas-rec.jpg 550w\" sizes=\"auto, (max-width: 212px) 100vw, 212px\" \/><\/a><figcaption id=\"caption-attachment-1306\" class=\"wp-caption-text\">Paris, 1994<\/figcaption><\/figure>\n<p>&nbsp;<\/p>\n<p>&nbsp;<\/p>\n<p>&nbsp;<\/p>\n<p>&nbsp;<\/p>\n<p>&nbsp;<\/p>\n<p>&nbsp;<\/p>\n<p>&nbsp;<\/p>\n<p><strong>Nguy\u1ec5n Sao<\/strong> l\u00e0 m\u1ed9t ngh\u1ec7 s\u0129 g\u1ed1c Vi\u1ec7t, sinh ng\u00e0y 1 th\u00e1ng 9 n\u0103m 1915 t\u1ea1i V\u1ef9 D\u1ea1 ( Hu\u1ebf, Trung B\u1ed9 Vi\u1ec7t Nam ), qua \u0111\u1eddi ng\u00e0y 27 th\u00e1ng 1 n\u0103m 2006 t\u1ea1i Paris.<\/p>\n<p>M\u1eb7c d\u00f9 th\u1ea5m nhu\u1ea7n n\u1ec1n v\u0103n h\u00f3a \u00c1 Ch\u00e2u nh\u01b0ng \u00f4ng c\u00f3 t\u01b0 duy r\u1ea5t c\u1edfi m\u1edf v\u00e0 ch\u00ednh \u0111i\u1ec1u<br \/>\nn\u00e0y \u0111\u00e3 nu\u00f4i d\u01b0\u1ee1ng ngu\u1ed3n c\u1ea3m h\u1ee9ng v\u00f4 t\u1eadn xuy\u00ean qua su\u1ed1t cu\u1ed9c \u0111\u1eddi s\u00e1ng t\u00e1c c\u1ee7a \u00f4ng.<\/p>\n<p>L\u00e0 m\u1ed9t ngh\u1ec7 s\u0129 \u0111a t\u00e0i \u00f4ng \u0111\u00e3 th\u00e0nh \u0111\u1ea1t trong r\u1ea5t nhi\u1ec1u l\u00e3nh v\u1ef1c ngh\u1ec7 thu\u1eadt,<br \/>\nh\u1ed9i h\u1ecda minh h\u1ecda,ch\u1ea1m tr\u1ed5 \u0111i\u00eau kh\u1eafc,s\u01a1n d\u1ea7u, s\u01a1n m\u00e0i, trang tr\u00ed n\u1ed9i th\u1ea5t ngo\u1ea1i c\u1ea3nh.<\/p>\n<p>&nbsp;<\/p>\n<figure id=\"attachment_1303\" aria-describedby=\"caption-attachment-1303\" style=\"width: 300px\" class=\"wp-caption aligncenter\"><a href=\"http:\/\/www.nguyensao.fr\/wp-content\/uploads\/2016\/05\/DevantPalais_b_protegeNoir_bas.jpg\"><img loading=\"lazy\" decoding=\"async\" class=\"wp-image-1303 size-medium\" src=\"http:\/\/www.nguyensao.fr\/wp-content\/uploads\/2016\/05\/DevantPalais_b_protegeNoir_bas-300x209.jpg\" alt=\"DevantPalais_b_protegeNoir_bas\" width=\"300\" height=\"209\" srcset=\"https:\/\/www.nguyensao.fr\/wp-content\/uploads\/2016\/05\/DevantPalais_b_protegeNoir_bas-300x209.jpg 300w, https:\/\/www.nguyensao.fr\/wp-content\/uploads\/2016\/05\/DevantPalais_b_protegeNoir_bas-768x536.jpg 768w, https:\/\/www.nguyensao.fr\/wp-content\/uploads\/2016\/05\/DevantPalais_b_protegeNoir_bas-1024x714.jpg 1024w, https:\/\/www.nguyensao.fr\/wp-content\/uploads\/2016\/05\/DevantPalais_b_protegeNoir_bas.jpg 1038w\" sizes=\"auto, (max-width: 300px) 100vw, 300px\" \/><\/a><figcaption id=\"caption-attachment-1303\" class=\"wp-caption-text\">H\u00e1i sen, tranh s\u01a1n m\u00e0i 60&#215;90 (vers 1970)<\/figcaption><\/figure>\n<figure id=\"attachment_1329\" aria-describedby=\"caption-attachment-1329\" style=\"width: 300px\" class=\"wp-caption alignright\"><a href=\"http:\/\/www.nguyensao.fr\/wp-content\/uploads\/2016\/05\/MarchePleinAir_protegeBleu_bas-rec.jpg\"><img loading=\"lazy\" decoding=\"async\" class=\"size-medium wp-image-1329\" src=\"http:\/\/www.nguyensao.fr\/wp-content\/uploads\/2016\/05\/MarchePleinAir_protegeBleu_bas-rec-300x236.jpg\" alt=\"March\u00e9 en plein air, couleurs sur soie 40x50, vers 1975\" width=\"300\" height=\"236\" srcset=\"https:\/\/www.nguyensao.fr\/wp-content\/uploads\/2016\/05\/MarchePleinAir_protegeBleu_bas-rec-300x236.jpg 300w, https:\/\/www.nguyensao.fr\/wp-content\/uploads\/2016\/05\/MarchePleinAir_protegeBleu_bas-rec.jpg 593w\" sizes=\"auto, (max-width: 300px) 100vw, 300px\" \/><\/a><figcaption id=\"caption-attachment-1329\" class=\"wp-caption-text\">Ch\u1ee3 H\u00e0 N\u1ed9i, tranh l\u1ee5a 40&#215;50 (vers 1975)<\/figcaption><\/figure>\n<figure id=\"attachment_1326\" aria-describedby=\"caption-attachment-1326\" style=\"width: 300px\" class=\"wp-caption alignnone\"><a href=\"http:\/\/www.nguyensao.fr\/wp-content\/uploads\/2016\/05\/166_MarcheSaigon_protegeBleu_bas-huile-rec.jpg\"><img loading=\"lazy\" decoding=\"async\" class=\"size-medium wp-image-1326\" src=\"http:\/\/www.nguyensao.fr\/wp-content\/uploads\/2016\/05\/166_MarcheSaigon_protegeBleu_bas-huile-rec-300x231.jpg\" alt=\"March\u00e9 de Saigon, huile sur toile 50x60, vers 1980\" width=\"300\" height=\"231\" srcset=\"https:\/\/www.nguyensao.fr\/wp-content\/uploads\/2016\/05\/166_MarcheSaigon_protegeBleu_bas-huile-rec-300x231.jpg 300w, https:\/\/www.nguyensao.fr\/wp-content\/uploads\/2016\/05\/166_MarcheSaigon_protegeBleu_bas-huile-rec.jpg 612w\" sizes=\"auto, (max-width: 300px) 100vw, 300px\" \/><\/a><figcaption id=\"caption-attachment-1326\" class=\"wp-caption-text\">Ch\u1ee3 B\u1ebfn Th\u00e0nh, tranh s\u01a1n d\u1ea7u 50&#215;60 (vers 1980)<\/figcaption><\/figure>\n<figure id=\"attachment_1283\" aria-describedby=\"caption-attachment-1283\" style=\"width: 300px\" class=\"wp-caption alignleft\"><a href=\"http:\/\/www.nguyensao.fr\/wp-content\/uploads\/2016\/05\/IMG_1641b_gouachePapier1964_29sur40cm.jpg\"><img loading=\"lazy\" decoding=\"async\" class=\"size-medium wp-image-1283\" src=\"http:\/\/www.nguyensao.fr\/wp-content\/uploads\/2016\/05\/IMG_1641b_gouachePapier1964_29sur40cm-300x220.jpg\" alt=\"P\u00eacheurs, gouache sur papier 29x40 (Saigon, 1964)\" width=\"300\" height=\"220\" srcset=\"https:\/\/www.nguyensao.fr\/wp-content\/uploads\/2016\/05\/IMG_1641b_gouachePapier1964_29sur40cm-300x220.jpg 300w, https:\/\/www.nguyensao.fr\/wp-content\/uploads\/2016\/05\/IMG_1641b_gouachePapier1964_29sur40cm.jpg 620w\" sizes=\"auto, (max-width: 300px) 100vw, 300px\" \/><\/a><figcaption id=\"caption-attachment-1283\" class=\"wp-caption-text\">D\u00e2n ch\u00e0i, tranh m\u00e0u b\u1ed9t 29&#215;40 (1964)<\/figcaption><\/figure>\n<figure id=\"attachment_1273\" aria-describedby=\"caption-attachment-1273\" style=\"width: 300px\" class=\"wp-caption alignright\"><a href=\"http:\/\/www.nguyensao.fr\/wp-content\/uploads\/2016\/05\/IMG_2382b_pastelPapier_52sur68cm.jpg\"><img loading=\"lazy\" decoding=\"async\" class=\"size-medium wp-image-1273\" src=\"http:\/\/www.nguyensao.fr\/wp-content\/uploads\/2016\/05\/IMG_2382b_pastelPapier_52sur68cm-300x222.jpg\" alt=\"Chemin de campagne \u00e0 Auliac, pastel \u00e0 l'huile 52x68 (Paris, vers 1990)\" width=\"300\" height=\"222\" srcset=\"https:\/\/www.nguyensao.fr\/wp-content\/uploads\/2016\/05\/IMG_2382b_pastelPapier_52sur68cm-300x222.jpg 300w, https:\/\/www.nguyensao.fr\/wp-content\/uploads\/2016\/05\/IMG_2382b_pastelPapier_52sur68cm.jpg 635w\" sizes=\"auto, (max-width: 300px) 100vw, 300px\" \/><\/a><figcaption id=\"caption-attachment-1273\" class=\"wp-caption-text\">C\u1ea3nh qu\u00ea l\u00e0ng Auliac, tranh m\u00e0u ph\u1ea7n 52&#215;68 (vers 1990)<\/figcaption><\/figure>\n<figure id=\"attachment_1613\" aria-describedby=\"caption-attachment-1613\" style=\"width: 300px\" class=\"wp-caption aligncenter\"><a href=\"http:\/\/www.nguyensao.fr\/wp-content\/uploads\/2016\/06\/laure.jpg\"><img loading=\"lazy\" decoding=\"async\" class=\"wp-image-1613 size-medium\" src=\"http:\/\/www.nguyensao.fr\/wp-content\/uploads\/2016\/06\/laure-300x200.jpg\" alt=\"laure\" width=\"300\" height=\"200\" srcset=\"https:\/\/www.nguyensao.fr\/wp-content\/uploads\/2016\/06\/laure-300x200.jpg 300w, https:\/\/www.nguyensao.fr\/wp-content\/uploads\/2016\/06\/laure.jpg 400w\" sizes=\"auto, (max-width: 300px) 100vw, 300px\" \/><\/a><figcaption id=\"caption-attachment-1613\" class=\"wp-caption-text\">Laure, tranh s\u01a1n d\u1ea7u 62&#215;75 (vers 1984)<\/figcaption><\/figure>\n<p>&nbsp;<\/p>\n<figure id=\"attachment_1450\" aria-describedby=\"caption-attachment-1450\" style=\"width: 300px\" class=\"wp-caption alignleft\"><a href=\"http:\/\/www.nguyensao.fr\/wp-content\/uploads\/2016\/06\/papaSculpte3red.jpg\"><img loading=\"lazy\" decoding=\"async\" class=\"size-medium wp-image-1450\" src=\"http:\/\/www.nguyensao.fr\/wp-content\/uploads\/2016\/06\/papaSculpte3red-300x282.jpg\" alt=\"Saigon, vers 1970\" width=\"300\" height=\"282\" srcset=\"https:\/\/www.nguyensao.fr\/wp-content\/uploads\/2016\/06\/papaSculpte3red-300x282.jpg 300w, https:\/\/www.nguyensao.fr\/wp-content\/uploads\/2016\/06\/papaSculpte3red.jpg 591w\" sizes=\"auto, (max-width: 300px) 100vw, 300px\" \/><\/a><figcaption id=\"caption-attachment-1450\" class=\"wp-caption-text\">Sai G\u00f2n, 1970<\/figcaption><\/figure>\n<p><a href=\"http:\/\/www.nguyensao.fr\/wp-content\/uploads\/2016\/06\/SculptureMeme2Red.jpg\"><img loading=\"lazy\" decoding=\"async\" class=\"size-medium wp-image-1448 alignright\" src=\"http:\/\/www.nguyensao.fr\/wp-content\/uploads\/2016\/06\/SculptureMeme2Red-286x300.jpg\" alt=\"SculptureMeme2Red\" width=\"286\" height=\"300\" srcset=\"https:\/\/www.nguyensao.fr\/wp-content\/uploads\/2016\/06\/SculptureMeme2Red-286x300.jpg 286w, https:\/\/www.nguyensao.fr\/wp-content\/uploads\/2016\/06\/SculptureMeme2Red.jpg 514w\" sizes=\"auto, (max-width: 286px) 100vw, 286px\" \/><\/a><\/p>\n<p>&nbsp;<\/p>\n<p>&nbsp;<\/p>\n<p>&nbsp;<\/p>\n<p>&nbsp;<\/p>\n<p>&nbsp;<\/p>\n<p>&nbsp;<\/p>\n<p>&nbsp;<\/p>\n<p>&nbsp;<\/p>\n<p>&nbsp;<\/p>\n<p>&nbsp;<\/p>\n<p>&nbsp;<\/p>\n<p>&nbsp;<\/p>\n<p>&nbsp;<\/p>\n","protected":false},"excerpt":{"rendered":"<p>&nbsp; &nbsp; &nbsp; &nbsp; &nbsp; &nbsp; &nbsp; Nguy\u1ec5n Sao l\u00e0 m\u1ed9t ngh\u1ec7 s\u0129 g\u1ed1c Vi\u1ec7t, sinh ng\u00e0y 1 th\u00e1ng 9 n\u0103m 1915 t\u1ea1i V\u1ef9 D\u1ea1 ( Hu\u1ebf, Trung B\u1ed9 Vi\u1ec7t Nam ), qua \u0111\u1eddi ng\u00e0y 27 th\u00e1ng 1 n\u0103m 2006 t\u1ea1i Paris. M\u1eb7c d\u00f9 th\u1ea5m nhu\u1ea7n n\u1ec1n v\u0103n h\u00f3a \u00c1 Ch\u00e2u nh\u01b0ng \u00f4ng c\u00f3 t\u01b0 &hellip; <a href=\"https:\/\/www.nguyensao.fr\/index.php\/vi\/nguyen-sao\/\" class=\"more-link\">Continuer la lecture de <span class=\"screen-reader-text\">Nguy\u1ec5n Sao<\/span> <span class=\"meta-nav\">&rarr;<\/span><\/a><\/p>\n","protected":false},"author":1,"featured_media":0,"parent":0,"menu_order":0,"comment_status":"closed","ping_status":"closed","template":"full-width-page.php","meta":{"iawp_total_views":14,"footnotes":""},"class_list":["post-40","page","type-page","status-publish","hentry"],"yoast_head":"<!-- This site is optimized with the Yoast SEO plugin v27.5 - https:\/\/yoast.com\/product\/yoast-seo-wordpress\/ -->\n<title>Nguy\u1ec5n Sao - Nguyen Sao<\/title>\n<meta name=\"robots\" content=\"index, follow, max-snippet:-1, max-image-preview:large, max-video-preview:-1\" \/>\n<link rel=\"canonical\" href=\"https:\/\/www.nguyensao.fr\/index.php\/vi\/nguyen-sao\/\" \/>\n<meta property=\"og:locale\" content=\"fr_FR\" \/>\n<meta property=\"og:type\" content=\"article\" \/>\n<meta property=\"og:title\" content=\"Nguy\u1ec5n Sao - Nguyen Sao\" \/>\n<meta property=\"og:description\" content=\"&nbsp; &nbsp; &nbsp; &nbsp; &nbsp; &nbsp; &nbsp; Nguy\u1ec5n Sao l\u00e0 m\u1ed9t ngh\u1ec7 s\u0129 g\u1ed1c Vi\u1ec7t, sinh ng\u00e0y 1 th\u00e1ng 9 n\u0103m 1915 t\u1ea1i V\u1ef9 D\u1ea1 ( Hu\u1ebf, Trung B\u1ed9 Vi\u1ec7t Nam ), qua \u0111\u1eddi ng\u00e0y 27 th\u00e1ng 1 n\u0103m 2006 t\u1ea1i Paris. M\u1eb7c d\u00f9 th\u1ea5m nhu\u1ea7n n\u1ec1n v\u0103n h\u00f3a \u00c1 Ch\u00e2u nh\u01b0ng \u00f4ng c\u00f3 t\u01b0 &hellip; Continuer la lecture de Nguy\u1ec5n Sao &rarr;\" \/>\n<meta property=\"og:url\" content=\"https:\/\/www.nguyensao.fr\/index.php\/vi\/nguyen-sao\/\" \/>\n<meta property=\"og:site_name\" content=\"Nguyen Sao\" \/>\n<meta property=\"article:modified_time\" content=\"2016-12-05T09:42:15+00:00\" \/>\n<meta property=\"og:image\" content=\"http:\/\/www.nguyensao.fr\/wp-content\/uploads\/2016\/05\/1960_1212_ND_murPapa_bas-300x209.jpg\" \/>\n<meta name=\"twitter:card\" content=\"summary_large_image\" \/>\n<meta name=\"twitter:label1\" content=\"Dur\u00e9e de lecture estim\u00e9e\" \/>\n\t<meta name=\"twitter:data1\" content=\"2 minutes\" \/>\n<script type=\"application\/ld+json\" class=\"yoast-schema-graph\">{\"@context\":\"https:\\\/\\\/schema.org\",\"@graph\":[{\"@type\":\"WebPage\",\"@id\":\"https:\\\/\\\/www.nguyensao.fr\\\/index.php\\\/vi\\\/nguyen-sao\\\/\",\"url\":\"https:\\\/\\\/www.nguyensao.fr\\\/index.php\\\/vi\\\/nguyen-sao\\\/\",\"name\":\"Nguy\u1ec5n Sao - Nguyen Sao\",\"isPartOf\":{\"@id\":\"https:\\\/\\\/www.nguyensao.fr\\\/#website\"},\"primaryImageOfPage\":{\"@id\":\"https:\\\/\\\/www.nguyensao.fr\\\/index.php\\\/vi\\\/nguyen-sao\\\/#primaryimage\"},\"image\":{\"@id\":\"https:\\\/\\\/www.nguyensao.fr\\\/index.php\\\/vi\\\/nguyen-sao\\\/#primaryimage\"},\"thumbnailUrl\":\"http:\\\/\\\/www.nguyensao.fr\\\/wp-content\\\/uploads\\\/2016\\\/05\\\/1960_1212_ND_murPapa_bas-300x209.jpg\",\"datePublished\":\"2016-04-27T17:13:22+00:00\",\"dateModified\":\"2016-12-05T09:42:15+00:00\",\"inLanguage\":\"fr-FR\",\"potentialAction\":[{\"@type\":\"ReadAction\",\"target\":[\"https:\\\/\\\/www.nguyensao.fr\\\/index.php\\\/vi\\\/nguyen-sao\\\/\"]}]},{\"@type\":\"ImageObject\",\"inLanguage\":\"fr-FR\",\"@id\":\"https:\\\/\\\/www.nguyensao.fr\\\/index.php\\\/vi\\\/nguyen-sao\\\/#primaryimage\",\"url\":\"http:\\\/\\\/www.nguyensao.fr\\\/wp-content\\\/uploads\\\/2016\\\/05\\\/1960_1212_ND_murPapa_bas-300x209.jpg\",\"contentUrl\":\"http:\\\/\\\/www.nguyensao.fr\\\/wp-content\\\/uploads\\\/2016\\\/05\\\/1960_1212_ND_murPapa_bas-300x209.jpg\"},{\"@type\":\"WebSite\",\"@id\":\"https:\\\/\\\/www.nguyensao.fr\\\/#website\",\"url\":\"https:\\\/\\\/www.nguyensao.fr\\\/\",\"name\":\"Nguyen Sao\",\"description\":\"Un artiste aux multiples facettes\",\"potentialAction\":[{\"@type\":\"SearchAction\",\"target\":{\"@type\":\"EntryPoint\",\"urlTemplate\":\"https:\\\/\\\/www.nguyensao.fr\\\/?s={search_term_string}\"},\"query-input\":{\"@type\":\"PropertyValueSpecification\",\"valueRequired\":true,\"valueName\":\"search_term_string\"}}],\"inLanguage\":\"fr-FR\"}]}<\/script>\n<!-- \/ Yoast SEO plugin. -->","yoast_head_json":{"title":"Nguy\u1ec5n Sao - Nguyen Sao","robots":{"index":"index","follow":"follow","max-snippet":"max-snippet:-1","max-image-preview":"max-image-preview:large","max-video-preview":"max-video-preview:-1"},"canonical":"https:\/\/www.nguyensao.fr\/index.php\/vi\/nguyen-sao\/","og_locale":"fr_FR","og_type":"article","og_title":"Nguy\u1ec5n Sao - Nguyen Sao","og_description":"&nbsp; &nbsp; &nbsp; &nbsp; &nbsp; &nbsp; &nbsp; Nguy\u1ec5n Sao l\u00e0 m\u1ed9t ngh\u1ec7 s\u0129 g\u1ed1c Vi\u1ec7t, sinh ng\u00e0y 1 th\u00e1ng 9 n\u0103m 1915 t\u1ea1i V\u1ef9 D\u1ea1 ( Hu\u1ebf, Trung B\u1ed9 Vi\u1ec7t Nam ), qua \u0111\u1eddi ng\u00e0y 27 th\u00e1ng 1 n\u0103m 2006 t\u1ea1i Paris. M\u1eb7c d\u00f9 th\u1ea5m nhu\u1ea7n n\u1ec1n v\u0103n h\u00f3a \u00c1 Ch\u00e2u nh\u01b0ng \u00f4ng c\u00f3 t\u01b0 &hellip; Continuer la lecture de Nguy\u1ec5n Sao &rarr;","og_url":"https:\/\/www.nguyensao.fr\/index.php\/vi\/nguyen-sao\/","og_site_name":"Nguyen Sao","article_modified_time":"2016-12-05T09:42:15+00:00","og_image":[{"url":"http:\/\/www.nguyensao.fr\/wp-content\/uploads\/2016\/05\/1960_1212_ND_murPapa_bas-300x209.jpg","type":"","width":"","height":""}],"twitter_card":"summary_large_image","twitter_misc":{"Dur\u00e9e de lecture estim\u00e9e":"2 minutes"},"schema":{"@context":"https:\/\/schema.org","@graph":[{"@type":"WebPage","@id":"https:\/\/www.nguyensao.fr\/index.php\/vi\/nguyen-sao\/","url":"https:\/\/www.nguyensao.fr\/index.php\/vi\/nguyen-sao\/","name":"Nguy\u1ec5n Sao - Nguyen Sao","isPartOf":{"@id":"https:\/\/www.nguyensao.fr\/#website"},"primaryImageOfPage":{"@id":"https:\/\/www.nguyensao.fr\/index.php\/vi\/nguyen-sao\/#primaryimage"},"image":{"@id":"https:\/\/www.nguyensao.fr\/index.php\/vi\/nguyen-sao\/#primaryimage"},"thumbnailUrl":"http:\/\/www.nguyensao.fr\/wp-content\/uploads\/2016\/05\/1960_1212_ND_murPapa_bas-300x209.jpg","datePublished":"2016-04-27T17:13:22+00:00","dateModified":"2016-12-05T09:42:15+00:00","inLanguage":"fr-FR","potentialAction":[{"@type":"ReadAction","target":["https:\/\/www.nguyensao.fr\/index.php\/vi\/nguyen-sao\/"]}]},{"@type":"ImageObject","inLanguage":"fr-FR","@id":"https:\/\/www.nguyensao.fr\/index.php\/vi\/nguyen-sao\/#primaryimage","url":"http:\/\/www.nguyensao.fr\/wp-content\/uploads\/2016\/05\/1960_1212_ND_murPapa_bas-300x209.jpg","contentUrl":"http:\/\/www.nguyensao.fr\/wp-content\/uploads\/2016\/05\/1960_1212_ND_murPapa_bas-300x209.jpg"},{"@type":"WebSite","@id":"https:\/\/www.nguyensao.fr\/#website","url":"https:\/\/www.nguyensao.fr\/","name":"Nguyen Sao","description":"Un artiste aux multiples facettes","potentialAction":[{"@type":"SearchAction","target":{"@type":"EntryPoint","urlTemplate":"https:\/\/www.nguyensao.fr\/?s={search_term_string}"},"query-input":{"@type":"PropertyValueSpecification","valueRequired":true,"valueName":"search_term_string"}}],"inLanguage":"fr-FR"}]}},"_links":{"self":[{"href":"https:\/\/www.nguyensao.fr\/index.php\/wp-json\/wp\/v2\/pages\/40","targetHints":{"allow":["GET"]}}],"collection":[{"href":"https:\/\/www.nguyensao.fr\/index.php\/wp-json\/wp\/v2\/pages"}],"about":[{"href":"https:\/\/www.nguyensao.fr\/index.php\/wp-json\/wp\/v2\/types\/page"}],"author":[{"embeddable":true,"href":"https:\/\/www.nguyensao.fr\/index.php\/wp-json\/wp\/v2\/users\/1"}],"replies":[{"embeddable":true,"href":"https:\/\/www.nguyensao.fr\/index.php\/wp-json\/wp\/v2\/comments?post=40"}],"version-history":[{"count":6,"href":"https:\/\/www.nguyensao.fr\/index.php\/wp-json\/wp\/v2\/pages\/40\/revisions"}],"predecessor-version":[{"id":1744,"href":"https:\/\/www.nguyensao.fr\/index.php\/wp-json\/wp\/v2\/pages\/40\/revisions\/1744"}],"wp:attachment":[{"href":"https:\/\/www.nguyensao.fr\/index.php\/wp-json\/wp\/v2\/media?parent=40"}],"curies":[{"name":"wp","href":"https:\/\/api.w.org\/{rel}","templated":true}]}}