{"id":5,"date":"2016-04-27T09:18:24","date_gmt":"2016-04-27T08:18:24","guid":{"rendered":"http:\/\/www.nguyensao.fr\/?page_id=5"},"modified":"2025-06-09T15:56:45","modified_gmt":"2025-06-09T14:56:45","slug":"nguyen-sao-2","status":"publish","type":"page","link":"https:\/\/www.nguyensao.fr\/index.php\/fr\/nguyen-sao-2\/","title":{"rendered":"Nguy\u1ec5n Sao"},"content":{"rendered":"<p><strong>Nguy\u1ec5n Sao<\/strong> est un artiste peintre d\u2019origine vietnamienne, n\u00e9 le 1<sup>er<\/sup> septembre 1915 \u00e0 V\u1ef9-D\u1ea1 (Hu\u00ea, Centre Vi\u00eat-Nam), d\u00e9c\u00e9d\u00e9 \u00e0 Paris le 27 janvier 2006.<\/p>\n<figure id=\"attachment_1305\" aria-describedby=\"caption-attachment-1305\" style=\"width: 237px\" class=\"wp-caption alignright\"><a href=\"http:\/\/www.nguyensao.fr\/wp-content\/uploads\/2016\/05\/1994_0000_versAAPP_b_bas-rec.jpg\"><img loading=\"lazy\" decoding=\"async\" class=\"wp-image-1305\" src=\"http:\/\/www.nguyensao.fr\/wp-content\/uploads\/2016\/05\/1994_0000_versAAPP_b_bas-rec-293x300.jpg\" alt=\"1994_0000_versAAPP_b_bas rec\" width=\"237\" height=\"242\" srcset=\"https:\/\/www.nguyensao.fr\/wp-content\/uploads\/2016\/05\/1994_0000_versAAPP_b_bas-rec-293x300.jpg 293w, https:\/\/www.nguyensao.fr\/wp-content\/uploads\/2016\/05\/1994_0000_versAAPP_b_bas-rec.jpg 550w\" sizes=\"auto, (max-width: 237px) 100vw, 237px\" \/><\/a><figcaption id=\"caption-attachment-1305\" class=\"wp-caption-text\">Paris, 1994<\/figcaption><\/figure>\n<figure id=\"attachment_1278\" aria-describedby=\"caption-attachment-1278\" style=\"width: 318px\" class=\"wp-caption alignnone\"><a href=\"http:\/\/www.nguyensao.fr\/wp-content\/uploads\/2016\/05\/1960_1212_ND_murPapa_bas.jpg\"><img loading=\"lazy\" decoding=\"async\" class=\"wp-image-1278\" src=\"http:\/\/www.nguyensao.fr\/wp-content\/uploads\/2016\/05\/1960_1212_ND_murPapa_bas-300x209.jpg\" alt=\"Nguy\u1ec5n Sao \u00e0 Saigon en 1960\" width=\"318\" height=\"222\" srcset=\"https:\/\/www.nguyensao.fr\/wp-content\/uploads\/2016\/05\/1960_1212_ND_murPapa_bas-300x209.jpg 300w, https:\/\/www.nguyensao.fr\/wp-content\/uploads\/2016\/05\/1960_1212_ND_murPapa_bas.jpg 757w\" sizes=\"auto, (max-width: 318px) 100vw, 318px\" \/><\/a><figcaption id=\"caption-attachment-1278\" class=\"wp-caption-text\">Saigon, 1960<\/figcaption><\/figure>\n<h2><strong>Nguy\u1ec5n Sao<\/strong><\/h2>\n<p>Impr\u00e9gn\u00e9 de culture asiatique, il reste cependant un esprit ouvert et son \u0153uvre t\u00e9moigne de diverses inspirations et rencontres artistiques qui ont travers\u00e9 son \u00e9poque et sa vie partag\u00e9e entre le Vi\u00eat-Nam et la France.<\/p>\n<p>Dipl\u00f4m\u00e9 de l\u2019\u00c9cole d&rsquo;Art appliqu\u00e9 de Gia-\u0110inh (Tr\u01b0\u01a1ng V\u1ebd Gia-\u0110inh) en 1935, il compl\u00e8tera sa formation artistique par les \u00c9coles des Beaux-arts et des Arts d\u00e9coratifs de Paris (1943-1949). <strong>Nguy\u1ec5n Sao<\/strong> est\u00a0 l&rsquo;un des derniers <strong>peintres vietnamiens<\/strong> \u00e0 avoir re\u00e7u une formation artistique durant l&rsquo;\u00e9poque coloniale, et de retour dans son pays, l&rsquo;un des premiers \u00e0 avoir enseign\u00e9 dans les \u00c9coles d&rsquo;Art du Vi\u00eat-Nam \u00e0 Hano\u00ef puis \u00e0 Saigon (1952-1964), en apportant son exp\u00e9rience de l&rsquo;art occidental <a href=\"http:\/\/www.nguyensao.fr\/index.php\/fr\/carriere-denseignant\/\">(voir rubrique Carri\u00e8re d&rsquo;enseignant)<\/a>.<\/p>\n<p><strong>Ayant de multiples cordes \u00e0 son arc, son talent s\u2019est exprim\u00e9 dans diff\u00e9rentes disciplines :<\/strong><\/p>\n<h2>Le dessin et la peinture<\/h2>\n<p>Il maitrisait diverses techniques, <strong>la peinture \u00e0 l&rsquo;huile et \u00e0 l&rsquo;eau<\/strong>, <strong>le pastel<\/strong> et <strong>la peinture<\/strong> <strong>sur soie<\/strong>. Nomm\u00e9 par la critique \u00ab\u00a0<em>po\u00e8te du terroir<\/em>\u00a0\u00bb pour ses paysages et ses sc\u00e8nes de la vie paysanne ou urbaine, le portrait \u00e9tait aussi un de ses th\u00e8mes de pr\u00e9dilection, comme l&rsquo;attestent ses compositions int\u00e9grant des membres de sa famille, des amis et des particuliers <a href=\"http:\/\/www.nguyensao.fr\/index.php\/fr\/peintures\/\">(voir rubrique \u0152uvres)<\/a><\/p>\n<figure id=\"attachment_1325\" aria-describedby=\"caption-attachment-1325\" style=\"width: 300px\" class=\"wp-caption alignleft\"><a href=\"http:\/\/www.nguyensao.fr\/wp-content\/uploads\/2016\/05\/166_MarcheSaigon_protegeBleu_bas-huile-rec.jpg\"><img loading=\"lazy\" decoding=\"async\" class=\"size-medium wp-image-1325\" src=\"http:\/\/www.nguyensao.fr\/wp-content\/uploads\/2016\/05\/166_MarcheSaigon_protegeBleu_bas-huile-rec-300x231.jpg\" alt=\"March\u00e9 de Saigon, huile sur toile 50x60, vers 1980\" width=\"300\" height=\"231\" srcset=\"https:\/\/www.nguyensao.fr\/wp-content\/uploads\/2016\/05\/166_MarcheSaigon_protegeBleu_bas-huile-rec-300x231.jpg 300w, https:\/\/www.nguyensao.fr\/wp-content\/uploads\/2016\/05\/166_MarcheSaigon_protegeBleu_bas-huile-rec.jpg 612w\" sizes=\"auto, (max-width: 300px) 100vw, 300px\" \/><\/a><figcaption id=\"caption-attachment-1325\" class=\"wp-caption-text\">March\u00e9 de Saigon, huile sur toile 50&#215;60, (vers 1980)<\/figcaption><\/figure>\n<figure id=\"attachment_1328\" aria-describedby=\"caption-attachment-1328\" style=\"width: 300px\" class=\"wp-caption alignright\"><a href=\"http:\/\/www.nguyensao.fr\/wp-content\/uploads\/2016\/05\/MarchePleinAir_protegeBleu_bas-rec.jpg\"><img loading=\"lazy\" decoding=\"async\" class=\"wp-image-1328 size-medium\" src=\"http:\/\/www.nguyensao.fr\/wp-content\/uploads\/2016\/05\/MarchePleinAir_protegeBleu_bas-rec-300x236.jpg\" alt=\"March\u00e9 en plein air, couleurs sur soie 40x50, vers 1975\" width=\"300\" height=\"236\" srcset=\"https:\/\/www.nguyensao.fr\/wp-content\/uploads\/2016\/05\/MarchePleinAir_protegeBleu_bas-rec-300x236.jpg 300w, https:\/\/www.nguyensao.fr\/wp-content\/uploads\/2016\/05\/MarchePleinAir_protegeBleu_bas-rec.jpg 593w\" sizes=\"auto, (max-width: 300px) 100vw, 300px\" \/><\/a><figcaption id=\"caption-attachment-1328\" class=\"wp-caption-text\">March\u00e9 de Hanoi, couleurs sur soie 40&#215;50, (vers 1975)<\/figcaption><\/figure>\n<figure id=\"attachment_1282\" aria-describedby=\"caption-attachment-1282\" style=\"width: 300px\" class=\"wp-caption alignleft\"><a href=\"http:\/\/www.nguyensao.fr\/wp-content\/uploads\/2016\/05\/IMG_1641b_gouachePapier1964_29sur40cm.jpg\"><img loading=\"lazy\" decoding=\"async\" class=\"wp-image-1282 size-medium\" src=\"http:\/\/www.nguyensao.fr\/wp-content\/uploads\/2016\/05\/IMG_1641b_gouachePapier1964_29sur40cm-300x220.jpg\" alt=\"P\u00eacheurs, gouache sur papier 29x40 (Saigon, 1964)\" width=\"300\" height=\"220\" srcset=\"https:\/\/www.nguyensao.fr\/wp-content\/uploads\/2016\/05\/IMG_1641b_gouachePapier1964_29sur40cm-300x220.jpg 300w, https:\/\/www.nguyensao.fr\/wp-content\/uploads\/2016\/05\/IMG_1641b_gouachePapier1964_29sur40cm.jpg 620w\" sizes=\"auto, (max-width: 300px) 100vw, 300px\" \/><\/a><figcaption id=\"caption-attachment-1282\" class=\"wp-caption-text\">P\u00eacheurs, gouache sur papier 29&#215;40 (1964)<\/figcaption><\/figure>\n<figure id=\"attachment_1272\" aria-describedby=\"caption-attachment-1272\" style=\"width: 300px\" class=\"wp-caption alignright\"><a href=\"http:\/\/www.nguyensao.fr\/wp-content\/uploads\/2016\/05\/IMG_2382b_pastelPapier_52sur68cm.jpg\"><img loading=\"lazy\" decoding=\"async\" class=\"wp-image-1272 size-medium\" src=\"http:\/\/www.nguyensao.fr\/wp-content\/uploads\/2016\/05\/IMG_2382b_pastelPapier_52sur68cm-300x222.jpg\" alt=\"IMG_2382b_pastelPapier_52sur68cm\" width=\"300\" height=\"222\" srcset=\"https:\/\/www.nguyensao.fr\/wp-content\/uploads\/2016\/05\/IMG_2382b_pastelPapier_52sur68cm-300x222.jpg 300w, https:\/\/www.nguyensao.fr\/wp-content\/uploads\/2016\/05\/IMG_2382b_pastelPapier_52sur68cm.jpg 635w\" sizes=\"auto, (max-width: 300px) 100vw, 300px\" \/><\/a><figcaption id=\"caption-attachment-1272\" class=\"wp-caption-text\">Campagne \u00e0 Auliac, pastel sur papier 52&#215;68 (vers 1990)<\/figcaption><\/figure>\n<figure id=\"attachment_1598\" aria-describedby=\"caption-attachment-1598\" style=\"width: 400px\" class=\"wp-caption aligncenter\"><a href=\"http:\/\/www.nguyensao.fr\/wp-content\/uploads\/2016\/06\/laure.jpg\"><img loading=\"lazy\" decoding=\"async\" class=\"wp-image-1598 size-full\" src=\"http:\/\/www.nguyensao.fr\/wp-content\/uploads\/2016\/06\/laure.jpg\" alt=\"Laure\" width=\"400\" height=\"267\" \/><\/a><figcaption id=\"caption-attachment-1598\" class=\"wp-caption-text\">Laure, huile sur toile 62&#215;75, (vers 1984)<\/figcaption><\/figure>\n<h2>La laque<\/h2>\n<p>Il connaissait la <strong>laque traditionnelle vietnamienne (s\u01a1n ta)<\/strong> et les techniques savantes d&rsquo;incrustation de nacre, de coquilles d\u2019\u0153uf, la pose de feuilles d&rsquo;or et d&rsquo;argent, mais il a aussi innov\u00e9 en recherchant et en utilisant des teintes tout \u00e0 fait nouvelles avec ce m\u00e9dium, cr\u00e9ant ainsi une v\u00e9ritable <strong>peinture<\/strong> <a href=\"http:\/\/www.nguyensao.fr\/index.php\/fr\/laques\/\">(s\u01a1n mai &#8211; voir rubrique \u0152uvres &#8211; Laques)<\/a><\/p>\n<figure id=\"attachment_1302\" aria-describedby=\"caption-attachment-1302\" style=\"width: 300px\" class=\"wp-caption aligncenter\"><a href=\"http:\/\/www.nguyensao.fr\/wp-content\/uploads\/2016\/05\/DevantPalais_b_protegeNoir_bas.jpg\"><img loading=\"lazy\" decoding=\"async\" class=\"wp-image-1302 size-medium\" src=\"http:\/\/www.nguyensao.fr\/wp-content\/uploads\/2016\/05\/DevantPalais_b_protegeNoir_bas-300x209.jpg\" alt=\"DevantPalais_b_protegeNoir_bas\" width=\"300\" height=\"209\" srcset=\"https:\/\/www.nguyensao.fr\/wp-content\/uploads\/2016\/05\/DevantPalais_b_protegeNoir_bas-300x209.jpg 300w, https:\/\/www.nguyensao.fr\/wp-content\/uploads\/2016\/05\/DevantPalais_b_protegeNoir_bas-768x536.jpg 768w, https:\/\/www.nguyensao.fr\/wp-content\/uploads\/2016\/05\/DevantPalais_b_protegeNoir_bas-1024x714.jpg 1024w, https:\/\/www.nguyensao.fr\/wp-content\/uploads\/2016\/05\/DevantPalais_b_protegeNoir_bas.jpg 1038w\" sizes=\"auto, (max-width: 300px) 100vw, 300px\" \/><\/a><figcaption id=\"caption-attachment-1302\" class=\"wp-caption-text\">La cueillette des lotus, laque avec feuilles d&rsquo;or 60&#215;90 (vers 1970)<\/figcaption><\/figure>\n<figure id=\"attachment_1925\" aria-describedby=\"caption-attachment-1925\" style=\"width: 308px\" class=\"wp-caption aligncenter\"><a href=\"http:\/\/www.nguyensao.fr\/wp-content\/uploads\/2025\/06\/02-10_1962_AFArelig_600db-REC-corr20.jpg\"><img loading=\"lazy\" decoding=\"async\" class=\"wp-image-1925\" src=\"http:\/\/www.nguyensao.fr\/wp-content\/uploads\/2025\/06\/02-10_1962_AFArelig_600db-REC-corr20-300x223.jpg\" alt=\"\" width=\"308\" height=\"229\" srcset=\"https:\/\/www.nguyensao.fr\/wp-content\/uploads\/2025\/06\/02-10_1962_AFArelig_600db-REC-corr20-300x223.jpg 300w, https:\/\/www.nguyensao.fr\/wp-content\/uploads\/2025\/06\/02-10_1962_AFArelig_600db-REC-corr20.jpg 443w\" sizes=\"auto, (max-width: 308px) 100vw, 308px\" \/><\/a><figcaption id=\"caption-attachment-1925\" class=\"wp-caption-text\">Nguy\u00ean Gia Tri et Nguy\u00ean Sao pr\u00e9sentent leurs laques au Salon de l&rsquo;Alliance Fran\u00e7aise, Saigon 1962<\/figcaption><\/figure>\n<h2>La gravure<\/h2>\n<p>Form\u00e9 \u00e0 la <strong>gravure<\/strong> dans sa jeunesse, il l&rsquo;a surtout mise en valeur plus tard, \u00e0 la mi-temps de sa vie <a href=\"http:\/\/www.nguyensao.fr\/index.php\/fr\/estampes\/\">(voir rubrique \u0152uvres &#8211; Estampes)<\/a>.<\/p>\n<h2>La sculpture<\/h2>\n<p>Les bustes, bas-reliefs, le statuaire religieux r\u00e9alis\u00e9s \u00e0 l&rsquo;apog\u00e9e de sa carri\u00e8re, ont r\u00e9v\u00e9l\u00e9 au public son gout pour la <strong>sculpture<\/strong> <a href=\"http:\/\/www.nguyensao.fr\/index.php\/fr\/sculptures\/\">(voir rubrique \u0152uvres &#8211; Sculptures)<\/a>.<\/p>\n<figure id=\"attachment_1449\" aria-describedby=\"caption-attachment-1449\" style=\"width: 300px\" class=\"wp-caption alignleft\"><a href=\"http:\/\/www.nguyensao.fr\/wp-content\/uploads\/2016\/06\/papaSculpte3red.jpg\"><img loading=\"lazy\" decoding=\"async\" class=\"wp-image-1449 size-medium\" src=\"http:\/\/www.nguyensao.fr\/wp-content\/uploads\/2016\/06\/papaSculpte3red-300x282.jpg\" alt=\"Nguyen Sao \u00e0 Saigon, vers 1970\" width=\"300\" height=\"282\" srcset=\"https:\/\/www.nguyensao.fr\/wp-content\/uploads\/2016\/06\/papaSculpte3red-300x282.jpg 300w, https:\/\/www.nguyensao.fr\/wp-content\/uploads\/2016\/06\/papaSculpte3red.jpg 591w\" sizes=\"auto, (max-width: 300px) 100vw, 300px\" \/><\/a><figcaption id=\"caption-attachment-1449\" class=\"wp-caption-text\">Saigon, 1970<\/figcaption><\/figure>\n<figure id=\"attachment_1447\" aria-describedby=\"caption-attachment-1447\" style=\"width: 286px\" class=\"wp-caption alignright\"><a href=\"http:\/\/www.nguyensao.fr\/wp-content\/uploads\/2016\/06\/SculptureMeme2Red.jpg\"><img loading=\"lazy\" decoding=\"async\" class=\"wp-image-1447 size-medium\" src=\"http:\/\/www.nguyensao.fr\/wp-content\/uploads\/2016\/06\/SculptureMeme2Red-286x300.jpg\" alt=\"SculptureMeme2Red\" width=\"286\" height=\"300\" srcset=\"https:\/\/www.nguyensao.fr\/wp-content\/uploads\/2016\/06\/SculptureMeme2Red-286x300.jpg 286w, https:\/\/www.nguyensao.fr\/wp-content\/uploads\/2016\/06\/SculptureMeme2Red.jpg 514w\" sizes=\"auto, (max-width: 286px) 100vw, 286px\" \/><\/a><figcaption id=\"caption-attachment-1447\" class=\"wp-caption-text\">Buste<\/figcaption><\/figure>\n<h2>L&rsquo; illustration<\/h2>\n<p><a href=\"http:\/\/www.nguyensao.fr\/index.php\/fr\/illustrations\/\">(Voir rubriques \u0152uvres &#8211; Illustrations)<\/a>.<\/p>\n<h2>Et la d\u00e9coration<\/h2>\n<figure id=\"attachment_1644\" aria-describedby=\"caption-attachment-1644\" style=\"width: 300px\" class=\"wp-caption aligncenter\"><a href=\"http:\/\/www.nguyensao.fr\/wp-content\/uploads\/2016\/06\/nonDate_decorJardinInterirur_bas.jpg\"><img loading=\"lazy\" decoding=\"async\" class=\"wp-image-1644 size-medium\" src=\"http:\/\/www.nguyensao.fr\/wp-content\/uploads\/2016\/06\/nonDate_decorJardinInterirur_bas-300x207.jpg\" alt=\"nonDate_decorJardinInterirur_bas\" width=\"300\" height=\"207\" srcset=\"https:\/\/www.nguyensao.fr\/wp-content\/uploads\/2016\/06\/nonDate_decorJardinInterirur_bas-300x207.jpg 300w, https:\/\/www.nguyensao.fr\/wp-content\/uploads\/2016\/06\/nonDate_decorJardinInterirur_bas-768x530.jpg 768w, https:\/\/www.nguyensao.fr\/wp-content\/uploads\/2016\/06\/nonDate_decorJardinInterirur_bas.jpg 799w\" sizes=\"auto, (max-width: 300px) 100vw, 300px\" \/><\/a><figcaption id=\"caption-attachment-1644\" class=\"wp-caption-text\">D\u00e9cor d&rsquo;un jardin (vers 1970)<\/figcaption><\/figure>\n","protected":false},"excerpt":{"rendered":"<p>Nguy\u1ec5n Sao est un artiste peintre d\u2019origine vietnamienne, n\u00e9 le 1er septembre 1915 \u00e0 V\u1ef9-D\u1ea1 (Hu\u00ea, Centre Vi\u00eat-Nam), d\u00e9c\u00e9d\u00e9 \u00e0 Paris le 27 janvier 2006. Nguy\u1ec5n Sao Impr\u00e9gn\u00e9 de culture asiatique, il reste cependant un esprit ouvert et son \u0153uvre t\u00e9moigne de diverses inspirations et rencontres artistiques qui ont travers\u00e9 son \u00e9poque et sa vie &hellip; <a href=\"https:\/\/www.nguyensao.fr\/index.php\/fr\/nguyen-sao-2\/\" class=\"more-link\">Continuer la lecture de <span class=\"screen-reader-text\">Nguy\u1ec5n Sao<\/span> <span class=\"meta-nav\">&rarr;<\/span><\/a><\/p>\n","protected":false},"author":1,"featured_media":0,"parent":0,"menu_order":0,"comment_status":"closed","ping_status":"closed","template":"full-width-page.php","meta":{"iawp_total_views":420,"footnotes":""},"class_list":["post-5","page","type-page","status-publish","hentry"],"yoast_head":"<!-- This site is optimized with the Yoast SEO plugin v27.5 - https:\/\/yoast.com\/product\/yoast-seo-wordpress\/ -->\n<title>Nguy\u1ec5n Sao est un artiste peintre originaire du vietnam<\/title>\n<meta name=\"description\" content=\"Nguy\u1ec5n Sao est un peintre d&#039;origine vietnamienne.Dipl\u00f4m\u00e9 des \u00e9coles de Beaux-arts de Gia-\u0110inh et de Paris.Il a \u00e9t\u00e9 aussi dessinateur, laqueur et sculpteur.\" \/>\n<meta name=\"robots\" content=\"index, follow, max-snippet:-1, max-image-preview:large, max-video-preview:-1\" \/>\n<link rel=\"canonical\" href=\"https:\/\/www.nguyensao.fr\/index.php\/fr\/nguyen-sao-2\/\" \/>\n<meta property=\"og:locale\" content=\"fr_FR\" \/>\n<meta property=\"og:type\" content=\"article\" \/>\n<meta property=\"og:title\" content=\"Nguy\u1ec5n Sao est un artiste peintre originaire du vietnam\" \/>\n<meta property=\"og:description\" content=\"Nguy\u1ec5n Sao est un peintre d&#039;origine vietnamienne.Dipl\u00f4m\u00e9 des \u00e9coles de Beaux-arts de Gia-\u0110inh et de Paris.Il a \u00e9t\u00e9 aussi dessinateur, laqueur et sculpteur.\" \/>\n<meta property=\"og:url\" content=\"https:\/\/www.nguyensao.fr\/index.php\/fr\/nguyen-sao-2\/\" \/>\n<meta property=\"og:site_name\" content=\"Nguyen Sao\" \/>\n<meta property=\"article:modified_time\" content=\"2025-06-09T14:56:45+00:00\" \/>\n<meta property=\"og:image\" content=\"http:\/\/www.nguyensao.fr\/wp-content\/uploads\/2016\/05\/1994_0000_versAAPP_b_bas-rec-293x300.jpg\" \/>\n<meta name=\"twitter:card\" content=\"summary_large_image\" \/>\n<meta name=\"twitter:label1\" content=\"Dur\u00e9e de lecture estim\u00e9e\" \/>\n\t<meta name=\"twitter:data1\" content=\"5 minutes\" \/>\n<script type=\"application\/ld+json\" class=\"yoast-schema-graph\">{\"@context\":\"https:\\\/\\\/schema.org\",\"@graph\":[{\"@type\":\"WebPage\",\"@id\":\"https:\\\/\\\/www.nguyensao.fr\\\/index.php\\\/fr\\\/nguyen-sao-2\\\/\",\"url\":\"https:\\\/\\\/www.nguyensao.fr\\\/index.php\\\/fr\\\/nguyen-sao-2\\\/\",\"name\":\"Nguy\u1ec5n Sao est un artiste peintre originaire du vietnam\",\"isPartOf\":{\"@id\":\"https:\\\/\\\/www.nguyensao.fr\\\/#website\"},\"primaryImageOfPage\":{\"@id\":\"https:\\\/\\\/www.nguyensao.fr\\\/index.php\\\/fr\\\/nguyen-sao-2\\\/#primaryimage\"},\"image\":{\"@id\":\"https:\\\/\\\/www.nguyensao.fr\\\/index.php\\\/fr\\\/nguyen-sao-2\\\/#primaryimage\"},\"thumbnailUrl\":\"http:\\\/\\\/www.nguyensao.fr\\\/wp-content\\\/uploads\\\/2016\\\/05\\\/1994_0000_versAAPP_b_bas-rec-293x300.jpg\",\"datePublished\":\"2016-04-27T08:18:24+00:00\",\"dateModified\":\"2025-06-09T14:56:45+00:00\",\"description\":\"Nguy\u1ec5n Sao est un peintre d'origine vietnamienne.Dipl\u00f4m\u00e9 des \u00e9coles de Beaux-arts de Gia-\u0110inh et de Paris.Il a \u00e9t\u00e9 aussi dessinateur, laqueur et sculpteur.\",\"inLanguage\":\"fr-FR\",\"potentialAction\":[{\"@type\":\"ReadAction\",\"target\":[\"https:\\\/\\\/www.nguyensao.fr\\\/index.php\\\/fr\\\/nguyen-sao-2\\\/\"]}]},{\"@type\":\"ImageObject\",\"inLanguage\":\"fr-FR\",\"@id\":\"https:\\\/\\\/www.nguyensao.fr\\\/index.php\\\/fr\\\/nguyen-sao-2\\\/#primaryimage\",\"url\":\"http:\\\/\\\/www.nguyensao.fr\\\/wp-content\\\/uploads\\\/2016\\\/05\\\/1994_0000_versAAPP_b_bas-rec-293x300.jpg\",\"contentUrl\":\"http:\\\/\\\/www.nguyensao.fr\\\/wp-content\\\/uploads\\\/2016\\\/05\\\/1994_0000_versAAPP_b_bas-rec-293x300.jpg\"},{\"@type\":\"WebSite\",\"@id\":\"https:\\\/\\\/www.nguyensao.fr\\\/#website\",\"url\":\"https:\\\/\\\/www.nguyensao.fr\\\/\",\"name\":\"Nguyen Sao\",\"description\":\"Un artiste aux multiples facettes\",\"potentialAction\":[{\"@type\":\"SearchAction\",\"target\":{\"@type\":\"EntryPoint\",\"urlTemplate\":\"https:\\\/\\\/www.nguyensao.fr\\\/?s={search_term_string}\"},\"query-input\":{\"@type\":\"PropertyValueSpecification\",\"valueRequired\":true,\"valueName\":\"search_term_string\"}}],\"inLanguage\":\"fr-FR\"}]}<\/script>\n<!-- \/ Yoast SEO plugin. -->","yoast_head_json":{"title":"Nguy\u1ec5n Sao est un artiste peintre originaire du vietnam","description":"Nguy\u1ec5n Sao est un peintre d'origine vietnamienne.Dipl\u00f4m\u00e9 des \u00e9coles de Beaux-arts de Gia-\u0110inh et de Paris.Il a \u00e9t\u00e9 aussi dessinateur, laqueur et sculpteur.","robots":{"index":"index","follow":"follow","max-snippet":"max-snippet:-1","max-image-preview":"max-image-preview:large","max-video-preview":"max-video-preview:-1"},"canonical":"https:\/\/www.nguyensao.fr\/index.php\/fr\/nguyen-sao-2\/","og_locale":"fr_FR","og_type":"article","og_title":"Nguy\u1ec5n Sao est un artiste peintre originaire du vietnam","og_description":"Nguy\u1ec5n Sao est un peintre d'origine vietnamienne.Dipl\u00f4m\u00e9 des \u00e9coles de Beaux-arts de Gia-\u0110inh et de Paris.Il a \u00e9t\u00e9 aussi dessinateur, laqueur et sculpteur.","og_url":"https:\/\/www.nguyensao.fr\/index.php\/fr\/nguyen-sao-2\/","og_site_name":"Nguyen Sao","article_modified_time":"2025-06-09T14:56:45+00:00","og_image":[{"url":"http:\/\/www.nguyensao.fr\/wp-content\/uploads\/2016\/05\/1994_0000_versAAPP_b_bas-rec-293x300.jpg","type":"","width":"","height":""}],"twitter_card":"summary_large_image","twitter_misc":{"Dur\u00e9e de lecture estim\u00e9e":"5 minutes"},"schema":{"@context":"https:\/\/schema.org","@graph":[{"@type":"WebPage","@id":"https:\/\/www.nguyensao.fr\/index.php\/fr\/nguyen-sao-2\/","url":"https:\/\/www.nguyensao.fr\/index.php\/fr\/nguyen-sao-2\/","name":"Nguy\u1ec5n Sao est un artiste peintre originaire du vietnam","isPartOf":{"@id":"https:\/\/www.nguyensao.fr\/#website"},"primaryImageOfPage":{"@id":"https:\/\/www.nguyensao.fr\/index.php\/fr\/nguyen-sao-2\/#primaryimage"},"image":{"@id":"https:\/\/www.nguyensao.fr\/index.php\/fr\/nguyen-sao-2\/#primaryimage"},"thumbnailUrl":"http:\/\/www.nguyensao.fr\/wp-content\/uploads\/2016\/05\/1994_0000_versAAPP_b_bas-rec-293x300.jpg","datePublished":"2016-04-27T08:18:24+00:00","dateModified":"2025-06-09T14:56:45+00:00","description":"Nguy\u1ec5n Sao est un peintre d'origine vietnamienne.Dipl\u00f4m\u00e9 des \u00e9coles de Beaux-arts de Gia-\u0110inh et de Paris.Il a \u00e9t\u00e9 aussi dessinateur, laqueur et sculpteur.","inLanguage":"fr-FR","potentialAction":[{"@type":"ReadAction","target":["https:\/\/www.nguyensao.fr\/index.php\/fr\/nguyen-sao-2\/"]}]},{"@type":"ImageObject","inLanguage":"fr-FR","@id":"https:\/\/www.nguyensao.fr\/index.php\/fr\/nguyen-sao-2\/#primaryimage","url":"http:\/\/www.nguyensao.fr\/wp-content\/uploads\/2016\/05\/1994_0000_versAAPP_b_bas-rec-293x300.jpg","contentUrl":"http:\/\/www.nguyensao.fr\/wp-content\/uploads\/2016\/05\/1994_0000_versAAPP_b_bas-rec-293x300.jpg"},{"@type":"WebSite","@id":"https:\/\/www.nguyensao.fr\/#website","url":"https:\/\/www.nguyensao.fr\/","name":"Nguyen Sao","description":"Un artiste aux multiples facettes","potentialAction":[{"@type":"SearchAction","target":{"@type":"EntryPoint","urlTemplate":"https:\/\/www.nguyensao.fr\/?s={search_term_string}"},"query-input":{"@type":"PropertyValueSpecification","valueRequired":true,"valueName":"search_term_string"}}],"inLanguage":"fr-FR"}]}},"_links":{"self":[{"href":"https:\/\/www.nguyensao.fr\/index.php\/wp-json\/wp\/v2\/pages\/5","targetHints":{"allow":["GET"]}}],"collection":[{"href":"https:\/\/www.nguyensao.fr\/index.php\/wp-json\/wp\/v2\/pages"}],"about":[{"href":"https:\/\/www.nguyensao.fr\/index.php\/wp-json\/wp\/v2\/types\/page"}],"author":[{"embeddable":true,"href":"https:\/\/www.nguyensao.fr\/index.php\/wp-json\/wp\/v2\/users\/1"}],"replies":[{"embeddable":true,"href":"https:\/\/www.nguyensao.fr\/index.php\/wp-json\/wp\/v2\/comments?post=5"}],"version-history":[{"count":6,"href":"https:\/\/www.nguyensao.fr\/index.php\/wp-json\/wp\/v2\/pages\/5\/revisions"}],"predecessor-version":[{"id":1930,"href":"https:\/\/www.nguyensao.fr\/index.php\/wp-json\/wp\/v2\/pages\/5\/revisions\/1930"}],"wp:attachment":[{"href":"https:\/\/www.nguyensao.fr\/index.php\/wp-json\/wp\/v2\/media?parent=5"}],"curies":[{"name":"wp","href":"https:\/\/api.w.org\/{rel}","templated":true}]}}