{"id":52,"date":"2015-10-20T14:40:19","date_gmt":"2015-10-20T13:40:19","guid":{"rendered":"http:\/\/www.nguyensao.fr\/?page_id=52"},"modified":"2017-04-29T11:12:25","modified_gmt":"2017-04-29T10:12:25","slug":"ses-oeuvres","status":"publish","type":"page","link":"https:\/\/www.nguyensao.fr\/index.php\/fr\/ses-oeuvres\/","title":{"rendered":"Son \u0153uvre"},"content":{"rendered":"<p>C\u2019est un artiste qui a cr\u00e9\u00e9 quasiment toute sa vie, et il a embrass\u00e9 de multiples techniques\u00a0: peinture \u00e0 l\u2019huile, gouache, aquarelle, peinture sur soie, pastel, gravure, mais aussi laque et sculpture. Les th\u00e8mes abord\u00e9s sont des natures mortes, des sc\u00e8nes de la vie quotidienne, des paysages et l\u00e9gendes du Vi\u00eat-Nam et de France, mais \u00e9galement des th\u00e8mes religieux et mythologiques, des portraits et groupes de personnages.<\/p>\n<p>Son style est difficile \u00e0 classer, car sa technique, sa palette, ses th\u00e8mes vont \u00e9voluer tout au long de sa vie. Cependant , dans une interview qu\u2019il accorde \u00e0 une radio de Sa\u00efgon en d\u00e9cembre 1960, il se d\u00e9finit lui-m\u00eame \u00ab\u00a0<em>classique\u00a0<\/em>\u00bb, inspir\u00e9 par les courants artistiques occidentaux et les ma\u00eetres impressionnistes, expressionnistes, fauves et cubistes de l\u2019\u00e9poque (<span style=\"color: #800000;\">voir rubrique : \u00ab\u00a0<em>Articles de presse<\/em>\u00ab\u00a0<\/span>)<\/p>\n<p>Nombre de ses tableaux ont \u00e9t\u00e9 acquis par des particuliers amateurs d&rsquo;art vietnamiens, fran\u00e7ais et \u00e9trangers (Suisse, Italie, Allemagne, Royaume-Uni, Canada, \u00c9tats-Unis).<\/p>\n<p>Une de ses \u0153uvres figure dans les collections du Mus\u00e9e d&rsquo;Ovar au Portugal &#8211; \u00ab\u00a0Le cultivateur en temps de paix\u00a0\u00bb, huile sur toile 33&#215;41, vers 1965.<\/p>\n","protected":false},"excerpt":{"rendered":"<p>C\u2019est un artiste qui a cr\u00e9\u00e9 quasiment toute sa vie, et il a embrass\u00e9 de multiples techniques\u00a0: peinture \u00e0 l\u2019huile, gouache, aquarelle, peinture sur soie, pastel, gravure, mais aussi laque et sculpture. Les th\u00e8mes abord\u00e9s sont des natures mortes, des sc\u00e8nes de la vie quotidienne, des paysages et l\u00e9gendes du Vi\u00eat-Nam et de France, mais &hellip; <a href=\"https:\/\/www.nguyensao.fr\/index.php\/fr\/ses-oeuvres\/\" class=\"more-link\">Continuer la lecture de <span class=\"screen-reader-text\">Son \u0153uvre<\/span> <span class=\"meta-nav\">&rarr;<\/span><\/a><\/p>\n","protected":false},"author":1,"featured_media":0,"parent":0,"menu_order":0,"comment_status":"closed","ping_status":"closed","template":"full-width-page.php","meta":{"iawp_total_views":31,"footnotes":""},"class_list":["post-52","page","type-page","status-publish","hentry"],"yoast_head":"<!-- This site is optimized with the Yoast SEO plugin v27.5 - https:\/\/yoast.com\/product\/yoast-seo-wordpress\/ -->\n<title>Son \u0153uvre - Nguyen Sao<\/title>\n<meta name=\"robots\" content=\"index, follow, max-snippet:-1, max-image-preview:large, max-video-preview:-1\" \/>\n<link rel=\"canonical\" href=\"https:\/\/www.nguyensao.fr\/index.php\/fr\/ses-oeuvres\/\" \/>\n<meta property=\"og:locale\" content=\"fr_FR\" \/>\n<meta property=\"og:type\" content=\"article\" \/>\n<meta property=\"og:title\" content=\"Son \u0153uvre - Nguyen Sao\" \/>\n<meta property=\"og:description\" content=\"C\u2019est un artiste qui a cr\u00e9\u00e9 quasiment toute sa vie, et il a embrass\u00e9 de multiples techniques\u00a0: peinture \u00e0 l\u2019huile, gouache, aquarelle, peinture sur soie, pastel, gravure, mais aussi laque et sculpture. Les th\u00e8mes abord\u00e9s sont des natures mortes, des sc\u00e8nes de la vie quotidienne, des paysages et l\u00e9gendes du Vi\u00eat-Nam et de France, mais &hellip; Continuer la lecture de Son \u0153uvre &rarr;\" \/>\n<meta property=\"og:url\" content=\"https:\/\/www.nguyensao.fr\/index.php\/fr\/ses-oeuvres\/\" \/>\n<meta property=\"og:site_name\" content=\"Nguyen Sao\" \/>\n<meta property=\"article:modified_time\" content=\"2017-04-29T10:12:25+00:00\" \/>\n<meta name=\"twitter:card\" content=\"summary_large_image\" \/>\n<meta name=\"twitter:label1\" content=\"Dur\u00e9e de lecture estim\u00e9e\" \/>\n\t<meta name=\"twitter:data1\" content=\"1 minute\" \/>\n<script type=\"application\/ld+json\" class=\"yoast-schema-graph\">{\"@context\":\"https:\\\/\\\/schema.org\",\"@graph\":[{\"@type\":\"WebPage\",\"@id\":\"https:\\\/\\\/www.nguyensao.fr\\\/index.php\\\/fr\\\/ses-oeuvres\\\/\",\"url\":\"https:\\\/\\\/www.nguyensao.fr\\\/index.php\\\/fr\\\/ses-oeuvres\\\/\",\"name\":\"Son \u0153uvre - Nguyen Sao\",\"isPartOf\":{\"@id\":\"https:\\\/\\\/www.nguyensao.fr\\\/#website\"},\"datePublished\":\"2015-10-20T13:40:19+00:00\",\"dateModified\":\"2017-04-29T10:12:25+00:00\",\"inLanguage\":\"fr-FR\",\"potentialAction\":[{\"@type\":\"ReadAction\",\"target\":[\"https:\\\/\\\/www.nguyensao.fr\\\/index.php\\\/fr\\\/ses-oeuvres\\\/\"]}]},{\"@type\":\"WebSite\",\"@id\":\"https:\\\/\\\/www.nguyensao.fr\\\/#website\",\"url\":\"https:\\\/\\\/www.nguyensao.fr\\\/\",\"name\":\"Nguyen Sao\",\"description\":\"Un artiste aux multiples facettes\",\"potentialAction\":[{\"@type\":\"SearchAction\",\"target\":{\"@type\":\"EntryPoint\",\"urlTemplate\":\"https:\\\/\\\/www.nguyensao.fr\\\/?s={search_term_string}\"},\"query-input\":{\"@type\":\"PropertyValueSpecification\",\"valueRequired\":true,\"valueName\":\"search_term_string\"}}],\"inLanguage\":\"fr-FR\"}]}<\/script>\n<!-- \/ Yoast SEO plugin. -->","yoast_head_json":{"title":"Son \u0153uvre - Nguyen Sao","robots":{"index":"index","follow":"follow","max-snippet":"max-snippet:-1","max-image-preview":"max-image-preview:large","max-video-preview":"max-video-preview:-1"},"canonical":"https:\/\/www.nguyensao.fr\/index.php\/fr\/ses-oeuvres\/","og_locale":"fr_FR","og_type":"article","og_title":"Son \u0153uvre - Nguyen Sao","og_description":"C\u2019est un artiste qui a cr\u00e9\u00e9 quasiment toute sa vie, et il a embrass\u00e9 de multiples techniques\u00a0: peinture \u00e0 l\u2019huile, gouache, aquarelle, peinture sur soie, pastel, gravure, mais aussi laque et sculpture. Les th\u00e8mes abord\u00e9s sont des natures mortes, des sc\u00e8nes de la vie quotidienne, des paysages et l\u00e9gendes du Vi\u00eat-Nam et de France, mais &hellip; Continuer la lecture de Son \u0153uvre &rarr;","og_url":"https:\/\/www.nguyensao.fr\/index.php\/fr\/ses-oeuvres\/","og_site_name":"Nguyen Sao","article_modified_time":"2017-04-29T10:12:25+00:00","twitter_card":"summary_large_image","twitter_misc":{"Dur\u00e9e de lecture estim\u00e9e":"1 minute"},"schema":{"@context":"https:\/\/schema.org","@graph":[{"@type":"WebPage","@id":"https:\/\/www.nguyensao.fr\/index.php\/fr\/ses-oeuvres\/","url":"https:\/\/www.nguyensao.fr\/index.php\/fr\/ses-oeuvres\/","name":"Son \u0153uvre - Nguyen Sao","isPartOf":{"@id":"https:\/\/www.nguyensao.fr\/#website"},"datePublished":"2015-10-20T13:40:19+00:00","dateModified":"2017-04-29T10:12:25+00:00","inLanguage":"fr-FR","potentialAction":[{"@type":"ReadAction","target":["https:\/\/www.nguyensao.fr\/index.php\/fr\/ses-oeuvres\/"]}]},{"@type":"WebSite","@id":"https:\/\/www.nguyensao.fr\/#website","url":"https:\/\/www.nguyensao.fr\/","name":"Nguyen Sao","description":"Un artiste aux multiples facettes","potentialAction":[{"@type":"SearchAction","target":{"@type":"EntryPoint","urlTemplate":"https:\/\/www.nguyensao.fr\/?s={search_term_string}"},"query-input":{"@type":"PropertyValueSpecification","valueRequired":true,"valueName":"search_term_string"}}],"inLanguage":"fr-FR"}]}},"_links":{"self":[{"href":"https:\/\/www.nguyensao.fr\/index.php\/wp-json\/wp\/v2\/pages\/52","targetHints":{"allow":["GET"]}}],"collection":[{"href":"https:\/\/www.nguyensao.fr\/index.php\/wp-json\/wp\/v2\/pages"}],"about":[{"href":"https:\/\/www.nguyensao.fr\/index.php\/wp-json\/wp\/v2\/types\/page"}],"author":[{"embeddable":true,"href":"https:\/\/www.nguyensao.fr\/index.php\/wp-json\/wp\/v2\/users\/1"}],"replies":[{"embeddable":true,"href":"https:\/\/www.nguyensao.fr\/index.php\/wp-json\/wp\/v2\/comments?post=52"}],"version-history":[{"count":3,"href":"https:\/\/www.nguyensao.fr\/index.php\/wp-json\/wp\/v2\/pages\/52\/revisions"}],"predecessor-version":[{"id":1769,"href":"https:\/\/www.nguyensao.fr\/index.php\/wp-json\/wp\/v2\/pages\/52\/revisions\/1769"}],"wp:attachment":[{"href":"https:\/\/www.nguyensao.fr\/index.php\/wp-json\/wp\/v2\/media?parent=52"}],"curies":[{"name":"wp","href":"https:\/\/api.w.org\/{rel}","templated":true}]}}