{"id":60,"date":"2015-10-20T14:41:38","date_gmt":"2015-10-20T13:41:38","guid":{"rendered":"http:\/\/www.nguyensao.fr\/?page_id=60"},"modified":"2026-02-27T17:16:04","modified_gmt":"2026-02-27T16:16:04","slug":"illustrations","status":"publish","type":"page","link":"https:\/\/www.nguyensao.fr\/index.php\/fr\/illustrations\/","title":{"rendered":"Illustrations"},"content":{"rendered":"<p>Les quelques dessins pr\u00e9sent\u00e9s ci-dessous ont \u00e9t\u00e9 r\u00e9alis\u00e9s \u00e0 l&rsquo;encre de chine et \u00e9taient destin\u00e9s \u00e0 l&rsquo;illustration d&rsquo;ouvrages litt\u00e9raires et \u00e0 des contes et l\u00e9gendes du Vi\u00eat-Nam, mais \u00e9galement \u00e0 des livres d&rsquo;histoire, techniques et scientifiques.<\/p>\n<figure id=\"attachment_505\" aria-describedby=\"caption-attachment-505\" style=\"width: 250px\" class=\"wp-caption alignleft\"><a href=\"http:\/\/www.nguyensao.fr\/wp-content\/uploads\/2016\/01\/IMG_2915-dessiin-encre-rec.jpg\" rel=\"attachment wp-att-505\"><img loading=\"lazy\" decoding=\"async\" class=\"size-medium wp-image-505\" src=\"http:\/\/www.nguyensao.fr\/wp-content\/uploads\/2016\/01\/IMG_2915-dessiin-encre-rec-250x300.jpg\" alt=\"L\u00e9gende de la fabrication du sucre, encre de chine (vers 1960)\" width=\"250\" height=\"300\" srcset=\"https:\/\/www.nguyensao.fr\/wp-content\/uploads\/2016\/01\/IMG_2915-dessiin-encre-rec-250x300.jpg 250w, https:\/\/www.nguyensao.fr\/wp-content\/uploads\/2016\/01\/IMG_2915-dessiin-encre-rec.jpg 458w\" sizes=\"auto, (max-width: 250px) 100vw, 250px\" \/><\/a><figcaption id=\"caption-attachment-505\" class=\"wp-caption-text\">L\u00e9gende de la fabrication du sucre, encre de chine (vers 1960)<\/figcaption><\/figure>\n<figure id=\"attachment_502\" aria-describedby=\"caption-attachment-502\" style=\"width: 208px\" class=\"wp-caption alignright\"><a href=\"http:\/\/www.nguyensao.fr\/wp-content\/uploads\/2016\/01\/IMG_2916-dessin-encre-rec.jpg\" rel=\"attachment wp-att-502\"><img loading=\"lazy\" decoding=\"async\" class=\"size-medium wp-image-502\" src=\"http:\/\/www.nguyensao.fr\/wp-content\/uploads\/2016\/01\/IMG_2916-dessin-encre-rec-208x300.jpg\" alt=\"L\u00e9gende de la fabrication du sucre, encre de chine (vers 1960)\" width=\"208\" height=\"300\" srcset=\"https:\/\/www.nguyensao.fr\/wp-content\/uploads\/2016\/01\/IMG_2916-dessin-encre-rec-208x300.jpg 208w, https:\/\/www.nguyensao.fr\/wp-content\/uploads\/2016\/01\/IMG_2916-dessin-encre-rec.jpg 433w\" sizes=\"auto, (max-width: 208px) 100vw, 208px\" \/><\/a><figcaption id=\"caption-attachment-502\" class=\"wp-caption-text\">L\u00e9gende de la fabrication du sucre, encre de chine (vers 1960)<\/figcaption><\/figure>\n<p>&nbsp;<\/p>\n<figure id=\"attachment_499\" aria-describedby=\"caption-attachment-499\" style=\"width: 221px\" class=\"wp-caption aligncenter\"><a href=\"http:\/\/www.nguyensao.fr\/wp-content\/uploads\/2016\/01\/IMG_2910-dessin-encre-rec.jpg\" rel=\"attachment wp-att-499\"><img loading=\"lazy\" decoding=\"async\" class=\"size-medium wp-image-499\" src=\"http:\/\/www.nguyensao.fr\/wp-content\/uploads\/2016\/01\/IMG_2910-dessin-encre-rec-221x300.jpg\" alt=\"Le sage et son \u00e2nesse, encre de chine (vers 1960)\" width=\"221\" height=\"300\" srcset=\"https:\/\/www.nguyensao.fr\/wp-content\/uploads\/2016\/01\/IMG_2910-dessin-encre-rec-221x300.jpg 221w, https:\/\/www.nguyensao.fr\/wp-content\/uploads\/2016\/01\/IMG_2910-dessin-encre-rec.jpg 443w\" sizes=\"auto, (max-width: 221px) 100vw, 221px\" \/><\/a><figcaption id=\"caption-attachment-499\" class=\"wp-caption-text\">Le sage et son \u00e2nesse, encre de chine (vers 1960)<\/figcaption><\/figure>\n<p>&nbsp;<\/p>\n<figure id=\"attachment_533\" aria-describedby=\"caption-attachment-533\" style=\"width: 220px\" class=\"wp-caption alignright\"><a href=\"http:\/\/www.nguyensao.fr\/wp-content\/uploads\/2016\/01\/IMG_2919-dessin-encre-rec.jpg\" rel=\"attachment wp-att-533\"><img loading=\"lazy\" decoding=\"async\" class=\"size-medium wp-image-533\" src=\"http:\/\/www.nguyensao.fr\/wp-content\/uploads\/2016\/01\/IMG_2919-dessin-encre-rec-220x300.jpg\" alt=\"L\u00e9gende de la fabrication du sucre, encre de chine (vers 1960)\" width=\"220\" height=\"300\" srcset=\"https:\/\/www.nguyensao.fr\/wp-content\/uploads\/2016\/01\/IMG_2919-dessin-encre-rec-220x300.jpg 220w, https:\/\/www.nguyensao.fr\/wp-content\/uploads\/2016\/01\/IMG_2919-dessin-encre-rec.jpg 456w\" sizes=\"auto, (max-width: 220px) 100vw, 220px\" \/><\/a><figcaption id=\"caption-attachment-533\" class=\"wp-caption-text\">L\u00e9gende de la fabrication du sucre, encre de chine (vers 1960)<\/figcaption><\/figure>\n<figure id=\"attachment_530\" aria-describedby=\"caption-attachment-530\" style=\"width: 222px\" class=\"wp-caption alignleft\"><a href=\"http:\/\/www.nguyensao.fr\/wp-content\/uploads\/2016\/01\/IMG_2913-dessin-encre-rec.jpg\" rel=\"attachment wp-att-530\"><img loading=\"lazy\" decoding=\"async\" class=\"size-medium wp-image-530\" src=\"http:\/\/www.nguyensao.fr\/wp-content\/uploads\/2016\/01\/IMG_2913-dessin-encre-rec-222x300.jpg\" alt=\"L\u00e9gende de la fabrication du sucre, encre de chine (vers 1960)\" width=\"222\" height=\"300\" srcset=\"https:\/\/www.nguyensao.fr\/wp-content\/uploads\/2016\/01\/IMG_2913-dessin-encre-rec-222x300.jpg 222w, https:\/\/www.nguyensao.fr\/wp-content\/uploads\/2016\/01\/IMG_2913-dessin-encre-rec.jpg 459w\" sizes=\"auto, (max-width: 222px) 100vw, 222px\" \/><\/a><figcaption id=\"caption-attachment-530\" class=\"wp-caption-text\">L\u00e9gende de la fabrication du sucre, encre de chine (vers 1960)<\/figcaption><\/figure>\n<p>&nbsp;<\/p>\n<p>&nbsp;<\/p>\n<p>&nbsp;<\/p>\n<p>&nbsp;<\/p>\n<p>&nbsp;<\/p>\n<p>&nbsp;<\/p>\n<p>&nbsp;<\/p>\n<p>&nbsp;<\/p>\n<p>&nbsp;<\/p>\n<p><a href=\"http:\/\/www.nguyensao.fr\/wp-content\/uploads\/2026\/02\/02-Hist-07-600-rec-corri-20.jpg\"><img loading=\"lazy\" decoding=\"async\" class=\"size-medium wp-image-1939 alignleft\" src=\"http:\/\/www.nguyensao.fr\/wp-content\/uploads\/2026\/02\/02-Hist-07-600-rec-corri-20-300x233.jpg\" alt=\"\" width=\"300\" height=\"233\" srcset=\"https:\/\/www.nguyensao.fr\/wp-content\/uploads\/2026\/02\/02-Hist-07-600-rec-corri-20-300x233.jpg 300w, https:\/\/www.nguyensao.fr\/wp-content\/uploads\/2026\/02\/02-Hist-07-600-rec-corri-20.jpg 454w\" sizes=\"auto, (max-width: 300px) 100vw, 300px\" \/><\/a><a href=\"http:\/\/www.nguyensao.fr\/wp-content\/uploads\/2026\/02\/03-Hist-Le-Lai-600-rec-2-rot-20.jpg\"><img loading=\"lazy\" decoding=\"async\" class=\"size-medium wp-image-1938 alignright\" src=\"http:\/\/www.nguyensao.fr\/wp-content\/uploads\/2026\/02\/03-Hist-Le-Lai-600-rec-2-rot-20-300x211.jpg\" alt=\"\" width=\"300\" height=\"211\" srcset=\"https:\/\/www.nguyensao.fr\/wp-content\/uploads\/2026\/02\/03-Hist-Le-Lai-600-rec-2-rot-20-300x211.jpg 300w, https:\/\/www.nguyensao.fr\/wp-content\/uploads\/2026\/02\/03-Hist-Le-Lai-600-rec-2-rot-20.jpg 481w\" sizes=\"auto, (max-width: 300px) 100vw, 300px\" \/><\/a><\/p>\n<p><a href=\"http:\/\/www.nguyensao.fr\/wp-content\/uploads\/2026\/02\/04-Hist-09-600-rec-rot-20.jpg\"><img loading=\"lazy\" decoding=\"async\" class=\"size-medium wp-image-1937 alignleft\" src=\"http:\/\/www.nguyensao.fr\/wp-content\/uploads\/2026\/02\/04-Hist-09-600-rec-rot-20-300x224.jpg\" alt=\"\" width=\"300\" height=\"224\" srcset=\"https:\/\/www.nguyensao.fr\/wp-content\/uploads\/2026\/02\/04-Hist-09-600-rec-rot-20-300x224.jpg 300w, https:\/\/www.nguyensao.fr\/wp-content\/uploads\/2026\/02\/04-Hist-09-600-rec-rot-20.jpg 479w\" sizes=\"auto, (max-width: 300px) 100vw, 300px\" \/><\/a><\/p>\n<p>&nbsp;<\/p>\n<p>&nbsp;<\/p>\n","protected":false},"excerpt":{"rendered":"<p>Les quelques dessins pr\u00e9sent\u00e9s ci-dessous ont \u00e9t\u00e9 r\u00e9alis\u00e9s \u00e0 l&rsquo;encre de chine et \u00e9taient destin\u00e9s \u00e0 l&rsquo;illustration d&rsquo;ouvrages litt\u00e9raires et \u00e0 des contes et l\u00e9gendes du Vi\u00eat-Nam, mais \u00e9galement \u00e0 des livres d&rsquo;histoire, techniques et scientifiques. &nbsp; &nbsp; &nbsp; &nbsp; &nbsp; &nbsp; &nbsp; &nbsp; &nbsp; &nbsp; &nbsp; &nbsp; &nbsp;<\/p>\n","protected":false},"author":1,"featured_media":0,"parent":0,"menu_order":0,"comment_status":"closed","ping_status":"closed","template":"full-width-page.php","meta":{"iawp_total_views":23,"footnotes":""},"class_list":["post-60","page","type-page","status-publish","hentry"],"yoast_head":"<!-- This site is optimized with the Yoast SEO plugin v27.5 - https:\/\/yoast.com\/product\/yoast-seo-wordpress\/ -->\n<title>Illustrations - Nguyen Sao<\/title>\n<meta name=\"robots\" content=\"index, follow, max-snippet:-1, max-image-preview:large, max-video-preview:-1\" \/>\n<link rel=\"canonical\" href=\"https:\/\/www.nguyensao.fr\/index.php\/fr\/illustrations\/\" \/>\n<meta property=\"og:locale\" content=\"fr_FR\" \/>\n<meta property=\"og:type\" content=\"article\" \/>\n<meta property=\"og:title\" content=\"Illustrations - Nguyen Sao\" \/>\n<meta property=\"og:description\" content=\"Les quelques dessins pr\u00e9sent\u00e9s ci-dessous ont \u00e9t\u00e9 r\u00e9alis\u00e9s \u00e0 l&rsquo;encre de chine et \u00e9taient destin\u00e9s \u00e0 l&rsquo;illustration d&rsquo;ouvrages litt\u00e9raires et \u00e0 des contes et l\u00e9gendes du Vi\u00eat-Nam, mais \u00e9galement \u00e0 des livres d&rsquo;histoire, techniques et scientifiques. &nbsp; &nbsp; &nbsp; &nbsp; &nbsp; &nbsp; &nbsp; &nbsp; &nbsp; &nbsp; &nbsp; &nbsp; &nbsp;\" \/>\n<meta property=\"og:url\" content=\"https:\/\/www.nguyensao.fr\/index.php\/fr\/illustrations\/\" \/>\n<meta property=\"og:site_name\" content=\"Nguyen Sao\" \/>\n<meta property=\"article:modified_time\" content=\"2026-02-27T16:16:04+00:00\" \/>\n<meta property=\"og:image\" content=\"https:\/\/www.nguyensao.fr\/wp-content\/uploads\/2016\/01\/IMG_2915-dessiin-encre-rec.jpg\" \/>\n\t<meta property=\"og:image:width\" content=\"458\" \/>\n\t<meta property=\"og:image:height\" content=\"550\" \/>\n\t<meta property=\"og:image:type\" content=\"image\/jpeg\" \/>\n<meta name=\"twitter:card\" content=\"summary_large_image\" \/>\n<meta name=\"twitter:label1\" content=\"Dur\u00e9e de lecture estim\u00e9e\" \/>\n\t<meta name=\"twitter:data1\" content=\"3 minutes\" \/>\n<script type=\"application\/ld+json\" class=\"yoast-schema-graph\">{\"@context\":\"https:\\\/\\\/schema.org\",\"@graph\":[{\"@type\":\"WebPage\",\"@id\":\"https:\\\/\\\/www.nguyensao.fr\\\/index.php\\\/fr\\\/illustrations\\\/\",\"url\":\"https:\\\/\\\/www.nguyensao.fr\\\/index.php\\\/fr\\\/illustrations\\\/\",\"name\":\"Illustrations - Nguyen Sao\",\"isPartOf\":{\"@id\":\"https:\\\/\\\/www.nguyensao.fr\\\/#website\"},\"primaryImageOfPage\":{\"@id\":\"https:\\\/\\\/www.nguyensao.fr\\\/index.php\\\/fr\\\/illustrations\\\/#primaryimage\"},\"image\":{\"@id\":\"https:\\\/\\\/www.nguyensao.fr\\\/index.php\\\/fr\\\/illustrations\\\/#primaryimage\"},\"thumbnailUrl\":\"http:\\\/\\\/www.nguyensao.fr\\\/wp-content\\\/uploads\\\/2016\\\/01\\\/IMG_2915-dessiin-encre-rec-250x300.jpg\",\"datePublished\":\"2015-10-20T13:41:38+00:00\",\"dateModified\":\"2026-02-27T16:16:04+00:00\",\"inLanguage\":\"fr-FR\",\"potentialAction\":[{\"@type\":\"ReadAction\",\"target\":[\"https:\\\/\\\/www.nguyensao.fr\\\/index.php\\\/fr\\\/illustrations\\\/\"]}]},{\"@type\":\"ImageObject\",\"inLanguage\":\"fr-FR\",\"@id\":\"https:\\\/\\\/www.nguyensao.fr\\\/index.php\\\/fr\\\/illustrations\\\/#primaryimage\",\"url\":\"http:\\\/\\\/www.nguyensao.fr\\\/wp-content\\\/uploads\\\/2016\\\/01\\\/IMG_2915-dessiin-encre-rec-250x300.jpg\",\"contentUrl\":\"http:\\\/\\\/www.nguyensao.fr\\\/wp-content\\\/uploads\\\/2016\\\/01\\\/IMG_2915-dessiin-encre-rec-250x300.jpg\"},{\"@type\":\"WebSite\",\"@id\":\"https:\\\/\\\/www.nguyensao.fr\\\/#website\",\"url\":\"https:\\\/\\\/www.nguyensao.fr\\\/\",\"name\":\"Nguyen Sao\",\"description\":\"Un artiste aux multiples facettes\",\"potentialAction\":[{\"@type\":\"SearchAction\",\"target\":{\"@type\":\"EntryPoint\",\"urlTemplate\":\"https:\\\/\\\/www.nguyensao.fr\\\/?s={search_term_string}\"},\"query-input\":{\"@type\":\"PropertyValueSpecification\",\"valueRequired\":true,\"valueName\":\"search_term_string\"}}],\"inLanguage\":\"fr-FR\"}]}<\/script>\n<!-- \/ Yoast SEO plugin. -->","yoast_head_json":{"title":"Illustrations - Nguyen Sao","robots":{"index":"index","follow":"follow","max-snippet":"max-snippet:-1","max-image-preview":"max-image-preview:large","max-video-preview":"max-video-preview:-1"},"canonical":"https:\/\/www.nguyensao.fr\/index.php\/fr\/illustrations\/","og_locale":"fr_FR","og_type":"article","og_title":"Illustrations - Nguyen Sao","og_description":"Les quelques dessins pr\u00e9sent\u00e9s ci-dessous ont \u00e9t\u00e9 r\u00e9alis\u00e9s \u00e0 l&rsquo;encre de chine et \u00e9taient destin\u00e9s \u00e0 l&rsquo;illustration d&rsquo;ouvrages litt\u00e9raires et \u00e0 des contes et l\u00e9gendes du Vi\u00eat-Nam, mais \u00e9galement \u00e0 des livres d&rsquo;histoire, techniques et scientifiques. &nbsp; &nbsp; &nbsp; &nbsp; &nbsp; &nbsp; &nbsp; &nbsp; &nbsp; &nbsp; &nbsp; &nbsp; &nbsp;","og_url":"https:\/\/www.nguyensao.fr\/index.php\/fr\/illustrations\/","og_site_name":"Nguyen Sao","article_modified_time":"2026-02-27T16:16:04+00:00","og_image":[{"width":458,"height":550,"url":"https:\/\/www.nguyensao.fr\/wp-content\/uploads\/2016\/01\/IMG_2915-dessiin-encre-rec.jpg","type":"image\/jpeg"}],"twitter_card":"summary_large_image","twitter_misc":{"Dur\u00e9e de lecture estim\u00e9e":"3 minutes"},"schema":{"@context":"https:\/\/schema.org","@graph":[{"@type":"WebPage","@id":"https:\/\/www.nguyensao.fr\/index.php\/fr\/illustrations\/","url":"https:\/\/www.nguyensao.fr\/index.php\/fr\/illustrations\/","name":"Illustrations - Nguyen Sao","isPartOf":{"@id":"https:\/\/www.nguyensao.fr\/#website"},"primaryImageOfPage":{"@id":"https:\/\/www.nguyensao.fr\/index.php\/fr\/illustrations\/#primaryimage"},"image":{"@id":"https:\/\/www.nguyensao.fr\/index.php\/fr\/illustrations\/#primaryimage"},"thumbnailUrl":"http:\/\/www.nguyensao.fr\/wp-content\/uploads\/2016\/01\/IMG_2915-dessiin-encre-rec-250x300.jpg","datePublished":"2015-10-20T13:41:38+00:00","dateModified":"2026-02-27T16:16:04+00:00","inLanguage":"fr-FR","potentialAction":[{"@type":"ReadAction","target":["https:\/\/www.nguyensao.fr\/index.php\/fr\/illustrations\/"]}]},{"@type":"ImageObject","inLanguage":"fr-FR","@id":"https:\/\/www.nguyensao.fr\/index.php\/fr\/illustrations\/#primaryimage","url":"http:\/\/www.nguyensao.fr\/wp-content\/uploads\/2016\/01\/IMG_2915-dessiin-encre-rec-250x300.jpg","contentUrl":"http:\/\/www.nguyensao.fr\/wp-content\/uploads\/2016\/01\/IMG_2915-dessiin-encre-rec-250x300.jpg"},{"@type":"WebSite","@id":"https:\/\/www.nguyensao.fr\/#website","url":"https:\/\/www.nguyensao.fr\/","name":"Nguyen Sao","description":"Un artiste aux multiples facettes","potentialAction":[{"@type":"SearchAction","target":{"@type":"EntryPoint","urlTemplate":"https:\/\/www.nguyensao.fr\/?s={search_term_string}"},"query-input":{"@type":"PropertyValueSpecification","valueRequired":true,"valueName":"search_term_string"}}],"inLanguage":"fr-FR"}]}},"_links":{"self":[{"href":"https:\/\/www.nguyensao.fr\/index.php\/wp-json\/wp\/v2\/pages\/60","targetHints":{"allow":["GET"]}}],"collection":[{"href":"https:\/\/www.nguyensao.fr\/index.php\/wp-json\/wp\/v2\/pages"}],"about":[{"href":"https:\/\/www.nguyensao.fr\/index.php\/wp-json\/wp\/v2\/types\/page"}],"author":[{"embeddable":true,"href":"https:\/\/www.nguyensao.fr\/index.php\/wp-json\/wp\/v2\/users\/1"}],"replies":[{"embeddable":true,"href":"https:\/\/www.nguyensao.fr\/index.php\/wp-json\/wp\/v2\/comments?post=60"}],"version-history":[{"count":8,"href":"https:\/\/www.nguyensao.fr\/index.php\/wp-json\/wp\/v2\/pages\/60\/revisions"}],"predecessor-version":[{"id":1951,"href":"https:\/\/www.nguyensao.fr\/index.php\/wp-json\/wp\/v2\/pages\/60\/revisions\/1951"}],"wp:attachment":[{"href":"https:\/\/www.nguyensao.fr\/index.php\/wp-json\/wp\/v2\/media?parent=60"}],"curies":[{"name":"wp","href":"https:\/\/api.w.org\/{rel}","templated":true}]}}