{"id":62,"date":"2015-10-20T14:42:01","date_gmt":"2015-10-20T13:42:01","guid":{"rendered":"http:\/\/www.nguyensao.fr\/?page_id=62"},"modified":"2016-06-03T09:24:39","modified_gmt":"2016-06-03T08:24:39","slug":"sculptures","status":"publish","type":"page","link":"https:\/\/www.nguyensao.fr\/index.php\/fr\/sculptures\/","title":{"rendered":"Sculptures"},"content":{"rendered":"<p style=\"text-align: center;\"><a href=\"http:\/\/www.nguyensao.fr\/wp-content\/uploads\/2015\/10\/1963_0000_6steleHopitalGrall4terzoom_red.jpg\"><img loading=\"lazy\" decoding=\"async\" class=\"alignnone size-medium wp-image-112\" src=\"http:\/\/www.nguyensao.fr\/wp-content\/uploads\/2015\/10\/1963_0000_6steleHopitalGrall4terzoom_red-300x233.jpg\" alt=\"1963_0000_6steleHopitalGrall4terzoom_red\" width=\"300\" height=\"233\" srcset=\"https:\/\/www.nguyensao.fr\/wp-content\/uploads\/2015\/10\/1963_0000_6steleHopitalGrall4terzoom_red-300x233.jpg 300w, https:\/\/www.nguyensao.fr\/wp-content\/uploads\/2015\/10\/1963_0000_6steleHopitalGrall4terzoom_red.jpg 490w\" sizes=\"auto, (max-width: 300px) 100vw, 300px\" \/><\/a><\/p>\n<h6 class=\"tinder_content_preview\" style=\"text-align: center;\">\u00a0St\u00e8le de Calmette et Yersin<\/h6>\n<h6 class=\"tinder_content_preview\" style=\"text-align: center;\">\u00e0 l&rsquo;h\u00f4pital Grall de Sa\u00efgon (1963)<\/h6>\n<p>Son \u0153uvre de sculpteur a \u00e9t\u00e9 ex\u00e9cut\u00e9e sur une dizaine d&rsquo;ann\u00e9es entre 1960 et 1972 \u00e0 Sa\u00efgon. Hormis la st\u00e8le de Calmette et Yersin actuellement visible \u00e0 l&rsquo;H\u00f4pital Grall et des projets de d\u00e9cors urbains, elle repr\u00e9sente principalement un statuaire religieux chr\u00e9tien command\u00e9 et destin\u00e9 \u00e0 la Chapelle de ce m\u00eame h\u00f4pital. Nous pouvons ainsi citer les statues de Jeanne d&rsquo;Arc, de Sainte-Th\u00e9r\u00e8se de l&rsquo;Enfant J\u00e9sus, de Saint-Joseph, du Christ en croix&#8230;<\/p>\n<figure id=\"attachment_334\" aria-describedby=\"caption-attachment-334\" style=\"width: 185px\" class=\"wp-caption alignleft\"><a href=\"http:\/\/www.nguyensao.fr\/wp-content\/uploads\/2015\/11\/1962_0500_03_Jeanne_bas.jpg\"><img loading=\"lazy\" decoding=\"async\" class=\"size-medium wp-image-334\" src=\"http:\/\/www.nguyensao.fr\/wp-content\/uploads\/2015\/11\/1962_0500_03_Jeanne_bas-185x300.jpg\" alt=\"Statue de Jeanne d'Arc, Sa\u00efgon (1962)\" width=\"185\" height=\"300\" srcset=\"https:\/\/www.nguyensao.fr\/wp-content\/uploads\/2015\/11\/1962_0500_03_Jeanne_bas-185x300.jpg 185w, https:\/\/www.nguyensao.fr\/wp-content\/uploads\/2015\/11\/1962_0500_03_Jeanne_bas.jpg 464w\" sizes=\"auto, (max-width: 185px) 100vw, 185px\" \/><\/a><figcaption id=\"caption-attachment-334\" class=\"wp-caption-text\">Statue de Jeanne d&rsquo;Arc, Sa\u00efgon (1962)<\/figcaption><\/figure>\n<figure id=\"attachment_101\" aria-describedby=\"caption-attachment-101\" style=\"width: 184px\" class=\"wp-caption alignright\"><a href=\"http:\/\/www.nguyensao.fr\/wp-content\/uploads\/2015\/10\/1963_0000_vers_MarieJoseph05_max.jpg\"><img loading=\"lazy\" decoding=\"async\" class=\"size-medium wp-image-101\" src=\"http:\/\/www.nguyensao.fr\/wp-content\/uploads\/2015\/10\/1963_0000_vers_MarieJoseph05_max-184x300.jpg\" alt=\"Statue de Saint-Joseph, Sa\u00efgon (1963)\" width=\"184\" height=\"300\" srcset=\"https:\/\/www.nguyensao.fr\/wp-content\/uploads\/2015\/10\/1963_0000_vers_MarieJoseph05_max-184x300.jpg 184w, https:\/\/www.nguyensao.fr\/wp-content\/uploads\/2015\/10\/1963_0000_vers_MarieJoseph05_max.jpg 461w\" sizes=\"auto, (max-width: 184px) 100vw, 184px\" \/><\/a><figcaption id=\"caption-attachment-101\" class=\"wp-caption-text\">Statue de Saint-Joseph, Sa\u00efgon (1963)<\/figcaption><\/figure>\n<figure id=\"attachment_104\" aria-describedby=\"caption-attachment-104\" style=\"width: 207px\" class=\"wp-caption aligncenter\"><a href=\"http:\/\/www.nguyensao.fr\/wp-content\/uploads\/2015\/10\/1962_0500_JeannDArc_lettrePost2705_max.jpg\"><img loading=\"lazy\" decoding=\"async\" class=\"wp-image-104 size-medium\" src=\"http:\/\/www.nguyensao.fr\/wp-content\/uploads\/2015\/10\/1962_0500_JeannDArc_lettrePost2705_max-207x300.jpg\" alt=\"Statue de Jeanne d'Arc, Sa\u00efgon (1962)\" width=\"207\" height=\"300\" srcset=\"https:\/\/www.nguyensao.fr\/wp-content\/uploads\/2015\/10\/1962_0500_JeannDArc_lettrePost2705_max-207x300.jpg 207w, https:\/\/www.nguyensao.fr\/wp-content\/uploads\/2015\/10\/1962_0500_JeannDArc_lettrePost2705_max.jpg 520w\" sizes=\"auto, (max-width: 207px) 100vw, 207px\" \/><\/a><figcaption id=\"caption-attachment-104\" class=\"wp-caption-text\">Statue de Jeanne d&rsquo;Arc, Sa\u00efgon (1962)<\/figcaption><\/figure>\n","protected":false},"excerpt":{"rendered":"<p>\u00a0St\u00e8le de Calmette et Yersin \u00e0 l&rsquo;h\u00f4pital Grall de Sa\u00efgon (1963) Son \u0153uvre de sculpteur a \u00e9t\u00e9 ex\u00e9cut\u00e9e sur une dizaine d&rsquo;ann\u00e9es entre 1960 et 1972 \u00e0 Sa\u00efgon. Hormis la st\u00e8le de Calmette et Yersin actuellement visible \u00e0 l&rsquo;H\u00f4pital Grall et des projets de d\u00e9cors urbains, elle repr\u00e9sente principalement un statuaire religieux chr\u00e9tien command\u00e9 et &hellip; <a href=\"https:\/\/www.nguyensao.fr\/index.php\/fr\/sculptures\/\" class=\"more-link\">Continuer la lecture de <span class=\"screen-reader-text\">Sculptures<\/span> <span class=\"meta-nav\">&rarr;<\/span><\/a><\/p>\n","protected":false},"author":1,"featured_media":0,"parent":0,"menu_order":0,"comment_status":"closed","ping_status":"closed","template":"full-width-page.php","meta":{"iawp_total_views":18,"footnotes":""},"class_list":["post-62","page","type-page","status-publish","hentry"],"yoast_head":"<!-- This site is optimized with the Yoast SEO plugin v27.5 - https:\/\/yoast.com\/product\/yoast-seo-wordpress\/ -->\n<title>Sculptures - Nguyen Sao<\/title>\n<meta name=\"robots\" content=\"index, follow, max-snippet:-1, max-image-preview:large, max-video-preview:-1\" \/>\n<link rel=\"canonical\" href=\"https:\/\/www.nguyensao.fr\/index.php\/fr\/sculptures\/\" \/>\n<meta property=\"og:locale\" content=\"fr_FR\" \/>\n<meta property=\"og:type\" content=\"article\" \/>\n<meta property=\"og:title\" content=\"Sculptures - Nguyen Sao\" \/>\n<meta property=\"og:description\" content=\"\u00a0St\u00e8le de Calmette et Yersin \u00e0 l&rsquo;h\u00f4pital Grall de Sa\u00efgon (1963) Son \u0153uvre de sculpteur a \u00e9t\u00e9 ex\u00e9cut\u00e9e sur une dizaine d&rsquo;ann\u00e9es entre 1960 et 1972 \u00e0 Sa\u00efgon. Hormis la st\u00e8le de Calmette et Yersin actuellement visible \u00e0 l&rsquo;H\u00f4pital Grall et des projets de d\u00e9cors urbains, elle repr\u00e9sente principalement un statuaire religieux chr\u00e9tien command\u00e9 et &hellip; Continuer la lecture de Sculptures &rarr;\" \/>\n<meta property=\"og:url\" content=\"https:\/\/www.nguyensao.fr\/index.php\/fr\/sculptures\/\" \/>\n<meta property=\"og:site_name\" content=\"Nguyen Sao\" \/>\n<meta property=\"article:modified_time\" content=\"2016-06-03T08:24:39+00:00\" \/>\n<meta property=\"og:image\" content=\"http:\/\/www.nguyensao.fr\/wp-content\/uploads\/2015\/10\/1963_0000_6steleHopitalGrall4terzoom_red-300x233.jpg\" \/>\n<meta name=\"twitter:card\" content=\"summary_large_image\" \/>\n<meta name=\"twitter:label1\" content=\"Dur\u00e9e de lecture estim\u00e9e\" \/>\n\t<meta name=\"twitter:data1\" content=\"1 minute\" \/>\n<script type=\"application\/ld+json\" class=\"yoast-schema-graph\">{\"@context\":\"https:\\\/\\\/schema.org\",\"@graph\":[{\"@type\":\"WebPage\",\"@id\":\"https:\\\/\\\/www.nguyensao.fr\\\/index.php\\\/fr\\\/sculptures\\\/\",\"url\":\"https:\\\/\\\/www.nguyensao.fr\\\/index.php\\\/fr\\\/sculptures\\\/\",\"name\":\"Sculptures - Nguyen Sao\",\"isPartOf\":{\"@id\":\"https:\\\/\\\/www.nguyensao.fr\\\/#website\"},\"primaryImageOfPage\":{\"@id\":\"https:\\\/\\\/www.nguyensao.fr\\\/index.php\\\/fr\\\/sculptures\\\/#primaryimage\"},\"image\":{\"@id\":\"https:\\\/\\\/www.nguyensao.fr\\\/index.php\\\/fr\\\/sculptures\\\/#primaryimage\"},\"thumbnailUrl\":\"http:\\\/\\\/www.nguyensao.fr\\\/wp-content\\\/uploads\\\/2015\\\/10\\\/1963_0000_6steleHopitalGrall4terzoom_red-300x233.jpg\",\"datePublished\":\"2015-10-20T13:42:01+00:00\",\"dateModified\":\"2016-06-03T08:24:39+00:00\",\"inLanguage\":\"fr-FR\",\"potentialAction\":[{\"@type\":\"ReadAction\",\"target\":[\"https:\\\/\\\/www.nguyensao.fr\\\/index.php\\\/fr\\\/sculptures\\\/\"]}]},{\"@type\":\"ImageObject\",\"inLanguage\":\"fr-FR\",\"@id\":\"https:\\\/\\\/www.nguyensao.fr\\\/index.php\\\/fr\\\/sculptures\\\/#primaryimage\",\"url\":\"http:\\\/\\\/www.nguyensao.fr\\\/wp-content\\\/uploads\\\/2015\\\/10\\\/1963_0000_6steleHopitalGrall4terzoom_red-300x233.jpg\",\"contentUrl\":\"http:\\\/\\\/www.nguyensao.fr\\\/wp-content\\\/uploads\\\/2015\\\/10\\\/1963_0000_6steleHopitalGrall4terzoom_red-300x233.jpg\"},{\"@type\":\"WebSite\",\"@id\":\"https:\\\/\\\/www.nguyensao.fr\\\/#website\",\"url\":\"https:\\\/\\\/www.nguyensao.fr\\\/\",\"name\":\"Nguyen Sao\",\"description\":\"Un artiste aux multiples facettes\",\"potentialAction\":[{\"@type\":\"SearchAction\",\"target\":{\"@type\":\"EntryPoint\",\"urlTemplate\":\"https:\\\/\\\/www.nguyensao.fr\\\/?s={search_term_string}\"},\"query-input\":{\"@type\":\"PropertyValueSpecification\",\"valueRequired\":true,\"valueName\":\"search_term_string\"}}],\"inLanguage\":\"fr-FR\"}]}<\/script>\n<!-- \/ Yoast SEO plugin. -->","yoast_head_json":{"title":"Sculptures - Nguyen Sao","robots":{"index":"index","follow":"follow","max-snippet":"max-snippet:-1","max-image-preview":"max-image-preview:large","max-video-preview":"max-video-preview:-1"},"canonical":"https:\/\/www.nguyensao.fr\/index.php\/fr\/sculptures\/","og_locale":"fr_FR","og_type":"article","og_title":"Sculptures - Nguyen Sao","og_description":"\u00a0St\u00e8le de Calmette et Yersin \u00e0 l&rsquo;h\u00f4pital Grall de Sa\u00efgon (1963) Son \u0153uvre de sculpteur a \u00e9t\u00e9 ex\u00e9cut\u00e9e sur une dizaine d&rsquo;ann\u00e9es entre 1960 et 1972 \u00e0 Sa\u00efgon. Hormis la st\u00e8le de Calmette et Yersin actuellement visible \u00e0 l&rsquo;H\u00f4pital Grall et des projets de d\u00e9cors urbains, elle repr\u00e9sente principalement un statuaire religieux chr\u00e9tien command\u00e9 et &hellip; Continuer la lecture de Sculptures &rarr;","og_url":"https:\/\/www.nguyensao.fr\/index.php\/fr\/sculptures\/","og_site_name":"Nguyen Sao","article_modified_time":"2016-06-03T08:24:39+00:00","og_image":[{"url":"http:\/\/www.nguyensao.fr\/wp-content\/uploads\/2015\/10\/1963_0000_6steleHopitalGrall4terzoom_red-300x233.jpg","type":"","width":"","height":""}],"twitter_card":"summary_large_image","twitter_misc":{"Dur\u00e9e de lecture estim\u00e9e":"1 minute"},"schema":{"@context":"https:\/\/schema.org","@graph":[{"@type":"WebPage","@id":"https:\/\/www.nguyensao.fr\/index.php\/fr\/sculptures\/","url":"https:\/\/www.nguyensao.fr\/index.php\/fr\/sculptures\/","name":"Sculptures - Nguyen Sao","isPartOf":{"@id":"https:\/\/www.nguyensao.fr\/#website"},"primaryImageOfPage":{"@id":"https:\/\/www.nguyensao.fr\/index.php\/fr\/sculptures\/#primaryimage"},"image":{"@id":"https:\/\/www.nguyensao.fr\/index.php\/fr\/sculptures\/#primaryimage"},"thumbnailUrl":"http:\/\/www.nguyensao.fr\/wp-content\/uploads\/2015\/10\/1963_0000_6steleHopitalGrall4terzoom_red-300x233.jpg","datePublished":"2015-10-20T13:42:01+00:00","dateModified":"2016-06-03T08:24:39+00:00","inLanguage":"fr-FR","potentialAction":[{"@type":"ReadAction","target":["https:\/\/www.nguyensao.fr\/index.php\/fr\/sculptures\/"]}]},{"@type":"ImageObject","inLanguage":"fr-FR","@id":"https:\/\/www.nguyensao.fr\/index.php\/fr\/sculptures\/#primaryimage","url":"http:\/\/www.nguyensao.fr\/wp-content\/uploads\/2015\/10\/1963_0000_6steleHopitalGrall4terzoom_red-300x233.jpg","contentUrl":"http:\/\/www.nguyensao.fr\/wp-content\/uploads\/2015\/10\/1963_0000_6steleHopitalGrall4terzoom_red-300x233.jpg"},{"@type":"WebSite","@id":"https:\/\/www.nguyensao.fr\/#website","url":"https:\/\/www.nguyensao.fr\/","name":"Nguyen Sao","description":"Un artiste aux multiples facettes","potentialAction":[{"@type":"SearchAction","target":{"@type":"EntryPoint","urlTemplate":"https:\/\/www.nguyensao.fr\/?s={search_term_string}"},"query-input":{"@type":"PropertyValueSpecification","valueRequired":true,"valueName":"search_term_string"}}],"inLanguage":"fr-FR"}]}},"_links":{"self":[{"href":"https:\/\/www.nguyensao.fr\/index.php\/wp-json\/wp\/v2\/pages\/62","targetHints":{"allow":["GET"]}}],"collection":[{"href":"https:\/\/www.nguyensao.fr\/index.php\/wp-json\/wp\/v2\/pages"}],"about":[{"href":"https:\/\/www.nguyensao.fr\/index.php\/wp-json\/wp\/v2\/types\/page"}],"author":[{"embeddable":true,"href":"https:\/\/www.nguyensao.fr\/index.php\/wp-json\/wp\/v2\/users\/1"}],"replies":[{"embeddable":true,"href":"https:\/\/www.nguyensao.fr\/index.php\/wp-json\/wp\/v2\/comments?post=62"}],"version-history":[{"count":0,"href":"https:\/\/www.nguyensao.fr\/index.php\/wp-json\/wp\/v2\/pages\/62\/revisions"}],"wp:attachment":[{"href":"https:\/\/www.nguyensao.fr\/index.php\/wp-json\/wp\/v2\/media?parent=62"}],"curies":[{"name":"wp","href":"https:\/\/api.w.org\/{rel}","templated":true}]}}