{"id":631,"date":"2016-05-04T09:32:52","date_gmt":"2016-05-04T08:32:52","guid":{"rendered":"http:\/\/www.nguyensao.fr\/?page_id=631"},"modified":"2017-01-26T15:14:32","modified_gmt":"2017-01-26T14:14:32","slug":"teacher","status":"publish","type":"page","link":"https:\/\/www.nguyensao.fr\/index.php\/en\/teacher\/","title":{"rendered":"Teaching career"},"content":{"rendered":"<p>In a parallel direction to his artistic life, he taught at the :<\/p>\n<ul>\n<li>\u00a0Secondary School of\u00a0 Phu-Xu\u00e2n in Hu\u00ea (1938-1939)<\/li>\n<\/ul>\n<ul>\n<li>Applied-Arts School of Hano\u00ef (1952-1954)<\/li>\n<\/ul>\n<ul>\n<li>Fine-Arts School of Gia-\u0110inh (1954-1964)<\/li>\n<\/ul>\n<ul>\n<li>Marie-Curie and Regina Mundi High-Schools of Sa\u00efgon (1964-1972)<\/li>\n<\/ul>\n<p>Some of his students became confirmed artists, figures of the contemporary Vietnamese Painting and among them, a few settled and have worked abroad since then.<\/p>\n<figure id=\"attachment_283\" aria-describedby=\"caption-attachment-283\" style=\"width: 300px\" class=\"wp-caption alignright\"><a href=\"http:\/\/www.nguyensao.fr\/wp-content\/uploads\/2015\/11\/1954_1208_premierePromotionClassePreparatoireENSBAGD_bas.jpg\"><img loading=\"lazy\" decoding=\"async\" class=\"size-medium wp-image-283\" src=\"http:\/\/www.nguyensao.fr\/wp-content\/uploads\/2015\/11\/1954_1208_premierePromotionClassePreparatoireENSBAGD_bas-300x212.jpg\" alt=\"Avec ses \u00e9l\u00e8ves de l\u2019\u00c9cole de Gia-Dinh, 1954\" width=\"300\" height=\"212\" srcset=\"https:\/\/www.nguyensao.fr\/wp-content\/uploads\/2015\/11\/1954_1208_premierePromotionClassePreparatoireENSBAGD_bas-300x212.jpg 300w, https:\/\/www.nguyensao.fr\/wp-content\/uploads\/2015\/11\/1954_1208_premierePromotionClassePreparatoireENSBAGD_bas.jpg 651w\" sizes=\"auto, (max-width: 300px) 100vw, 300px\" \/><\/a><figcaption id=\"caption-attachment-283\" class=\"wp-caption-text\">With his students at the Fine-Arts School of Gia-\u0110inh, 1954<\/figcaption><\/figure>\n<p>&nbsp;<\/p>\n<figure id=\"attachment_280\" aria-describedby=\"caption-attachment-280\" style=\"width: 300px\" class=\"wp-caption alignnone\"><a href=\"http:\/\/www.nguyensao.fr\/wp-content\/uploads\/2015\/11\/1954_0000_vers_nonDate_DiscoursInaugurationESBAGD_bas.jpg\"><img loading=\"lazy\" decoding=\"async\" class=\"size-medium wp-image-280\" src=\"http:\/\/www.nguyensao.fr\/wp-content\/uploads\/2015\/11\/1954_0000_vers_nonDate_DiscoursInaugurationESBAGD_bas-300x259.jpg\" alt=\"Discours d'inauguration, \u00c9cole des Beaux-arts de Gia-Dinh, 1954\" width=\"300\" height=\"259\" srcset=\"https:\/\/www.nguyensao.fr\/wp-content\/uploads\/2015\/11\/1954_0000_vers_nonDate_DiscoursInaugurationESBAGD_bas-300x259.jpg 300w, https:\/\/www.nguyensao.fr\/wp-content\/uploads\/2015\/11\/1954_0000_vers_nonDate_DiscoursInaugurationESBAGD_bas.jpg 805w\" sizes=\"auto, (max-width: 300px) 100vw, 300px\" \/><\/a><figcaption id=\"caption-attachment-280\" class=\"wp-caption-text\">Inauguration Speech, Fine-Arts School of Gia-\u0110inh, 1954<\/figcaption><\/figure>\n<figure id=\"attachment_286\" aria-describedby=\"caption-attachment-286\" style=\"width: 300px\" class=\"wp-caption alignright\"><a href=\"http:\/\/www.nguyensao.fr\/wp-content\/uploads\/2015\/11\/1955_0000_annees_nonDate_demoEnExterieurGiaDinh_bas.jpg\"><img loading=\"lazy\" decoding=\"async\" class=\"size-medium wp-image-286\" src=\"http:\/\/www.nguyensao.fr\/wp-content\/uploads\/2015\/11\/1955_0000_annees_nonDate_demoEnExterieurGiaDinh_bas-300x207.jpg\" alt=\"Avec ses \u00e9l\u00e8ves en ext\u00e9rieur, 1955\" width=\"300\" height=\"207\" srcset=\"https:\/\/www.nguyensao.fr\/wp-content\/uploads\/2015\/11\/1955_0000_annees_nonDate_demoEnExterieurGiaDinh_bas-300x207.jpg 300w, https:\/\/www.nguyensao.fr\/wp-content\/uploads\/2015\/11\/1955_0000_annees_nonDate_demoEnExterieurGiaDinh_bas-1024x706.jpg 1024w, https:\/\/www.nguyensao.fr\/wp-content\/uploads\/2015\/11\/1955_0000_annees_nonDate_demoEnExterieurGiaDinh_bas.jpg 1347w\" sizes=\"auto, (max-width: 300px) 100vw, 300px\" \/><\/a><figcaption id=\"caption-attachment-286\" class=\"wp-caption-text\">With his students outdoors, 1955<\/figcaption><\/figure>\n<figure id=\"attachment_289\" aria-describedby=\"caption-attachment-289\" style=\"width: 191px\" class=\"wp-caption alignleft\"><a href=\"http:\/\/www.nguyensao.fr\/wp-content\/uploads\/2015\/11\/1960_0000_annees1960_nonDate_MarieBarangerAGiaDinh_bas.jpg\"><img loading=\"lazy\" decoding=\"async\" class=\"size-medium wp-image-289\" src=\"http:\/\/www.nguyensao.fr\/wp-content\/uploads\/2015\/11\/1960_0000_annees1960_nonDate_MarieBarangerAGiaDinh_bas-191x300.jpg\" alt=\"Avec M. Le Van De, Directeur et Mme Marie Baranger, \u00c9cole de Gia-Dinh, 1959\" width=\"191\" height=\"300\" srcset=\"https:\/\/www.nguyensao.fr\/wp-content\/uploads\/2015\/11\/1960_0000_annees1960_nonDate_MarieBarangerAGiaDinh_bas-191x300.jpg 191w, https:\/\/www.nguyensao.fr\/wp-content\/uploads\/2015\/11\/1960_0000_annees1960_nonDate_MarieBarangerAGiaDinh_bas.jpg 517w\" sizes=\"auto, (max-width: 191px) 100vw, 191px\" \/><\/a><figcaption id=\"caption-attachment-289\" class=\"wp-caption-text\">With M. L\u00ea Van \u0110\u00ea, Director and Mrs Marie Baranger, a Fresco painter, Fine-Arts School of Gia-\u0110inh, 1959<\/figcaption><\/figure>\n<p>&nbsp;<\/p>\n<p>&nbsp;<\/p>\n<p>&nbsp;<\/p>\n<p>&nbsp;<\/p>\n<p>&nbsp;<\/p>\n<p>&nbsp;<\/p>\n<p>&nbsp;<\/p>\n<p>&nbsp;<\/p>\n<p>&nbsp;<\/p>\n<p>&nbsp;<\/p>\n","protected":false},"excerpt":{"rendered":"<p>In a parallel direction to his artistic life, he taught at the : \u00a0Secondary School of\u00a0 Phu-Xu\u00e2n in Hu\u00ea (1938-1939) Applied-Arts School of Hano\u00ef (1952-1954) Fine-Arts School of Gia-\u0110inh (1954-1964) Marie-Curie and Regina Mundi High-Schools of Sa\u00efgon (1964-1972) Some of his students became confirmed artists, figures of the contemporary Vietnamese Painting and among them, a &hellip; <a href=\"https:\/\/www.nguyensao.fr\/index.php\/en\/teacher\/\" class=\"more-link\">Continuer la lecture de <span class=\"screen-reader-text\">Teaching career<\/span> <span class=\"meta-nav\">&rarr;<\/span><\/a><\/p>\n","protected":false},"author":1,"featured_media":0,"parent":0,"menu_order":0,"comment_status":"closed","ping_status":"closed","template":"full-width-page.php","meta":{"iawp_total_views":7,"footnotes":""},"class_list":["post-631","page","type-page","status-publish","hentry"],"yoast_head":"<!-- This site is optimized with the Yoast SEO plugin v27.5 - https:\/\/yoast.com\/product\/yoast-seo-wordpress\/ -->\n<title>Teaching career - Nguyen Sao<\/title>\n<meta name=\"robots\" content=\"index, follow, max-snippet:-1, max-image-preview:large, max-video-preview:-1\" \/>\n<link rel=\"canonical\" href=\"https:\/\/www.nguyensao.fr\/index.php\/en\/teacher\/\" \/>\n<meta property=\"og:locale\" content=\"fr_FR\" \/>\n<meta property=\"og:type\" content=\"article\" \/>\n<meta property=\"og:title\" content=\"Teaching career - Nguyen Sao\" \/>\n<meta property=\"og:description\" content=\"In a parallel direction to his artistic life, he taught at the : \u00a0Secondary School of\u00a0 Phu-Xu\u00e2n in Hu\u00ea (1938-1939) Applied-Arts School of Hano\u00ef (1952-1954) Fine-Arts School of Gia-\u0110inh (1954-1964) Marie-Curie and Regina Mundi High-Schools of Sa\u00efgon (1964-1972) Some of his students became confirmed artists, figures of the contemporary Vietnamese Painting and among them, a &hellip; Continuer la lecture de Teaching career &rarr;\" \/>\n<meta property=\"og:url\" content=\"https:\/\/www.nguyensao.fr\/index.php\/en\/teacher\/\" \/>\n<meta property=\"og:site_name\" content=\"Nguyen Sao\" \/>\n<meta property=\"article:modified_time\" content=\"2017-01-26T14:14:32+00:00\" \/>\n<meta property=\"og:image\" content=\"http:\/\/www.nguyensao.fr\/wp-content\/uploads\/2015\/11\/1954_1208_premierePromotionClassePreparatoireENSBAGD_bas-300x212.jpg\" \/>\n<meta name=\"twitter:card\" content=\"summary_large_image\" \/>\n<meta name=\"twitter:label1\" content=\"Dur\u00e9e de lecture estim\u00e9e\" \/>\n\t<meta name=\"twitter:data1\" content=\"1 minute\" \/>\n<script type=\"application\/ld+json\" class=\"yoast-schema-graph\">{\"@context\":\"https:\\\/\\\/schema.org\",\"@graph\":[{\"@type\":\"WebPage\",\"@id\":\"https:\\\/\\\/www.nguyensao.fr\\\/index.php\\\/en\\\/teacher\\\/\",\"url\":\"https:\\\/\\\/www.nguyensao.fr\\\/index.php\\\/en\\\/teacher\\\/\",\"name\":\"Teaching career - Nguyen Sao\",\"isPartOf\":{\"@id\":\"https:\\\/\\\/www.nguyensao.fr\\\/#website\"},\"primaryImageOfPage\":{\"@id\":\"https:\\\/\\\/www.nguyensao.fr\\\/index.php\\\/en\\\/teacher\\\/#primaryimage\"},\"image\":{\"@id\":\"https:\\\/\\\/www.nguyensao.fr\\\/index.php\\\/en\\\/teacher\\\/#primaryimage\"},\"thumbnailUrl\":\"http:\\\/\\\/www.nguyensao.fr\\\/wp-content\\\/uploads\\\/2015\\\/11\\\/1954_1208_premierePromotionClassePreparatoireENSBAGD_bas-300x212.jpg\",\"datePublished\":\"2016-05-04T08:32:52+00:00\",\"dateModified\":\"2017-01-26T14:14:32+00:00\",\"inLanguage\":\"fr-FR\",\"potentialAction\":[{\"@type\":\"ReadAction\",\"target\":[\"https:\\\/\\\/www.nguyensao.fr\\\/index.php\\\/en\\\/teacher\\\/\"]}]},{\"@type\":\"ImageObject\",\"inLanguage\":\"fr-FR\",\"@id\":\"https:\\\/\\\/www.nguyensao.fr\\\/index.php\\\/en\\\/teacher\\\/#primaryimage\",\"url\":\"http:\\\/\\\/www.nguyensao.fr\\\/wp-content\\\/uploads\\\/2015\\\/11\\\/1954_1208_premierePromotionClassePreparatoireENSBAGD_bas-300x212.jpg\",\"contentUrl\":\"http:\\\/\\\/www.nguyensao.fr\\\/wp-content\\\/uploads\\\/2015\\\/11\\\/1954_1208_premierePromotionClassePreparatoireENSBAGD_bas-300x212.jpg\"},{\"@type\":\"WebSite\",\"@id\":\"https:\\\/\\\/www.nguyensao.fr\\\/#website\",\"url\":\"https:\\\/\\\/www.nguyensao.fr\\\/\",\"name\":\"Nguyen Sao\",\"description\":\"Un artiste aux multiples facettes\",\"potentialAction\":[{\"@type\":\"SearchAction\",\"target\":{\"@type\":\"EntryPoint\",\"urlTemplate\":\"https:\\\/\\\/www.nguyensao.fr\\\/?s={search_term_string}\"},\"query-input\":{\"@type\":\"PropertyValueSpecification\",\"valueRequired\":true,\"valueName\":\"search_term_string\"}}],\"inLanguage\":\"fr-FR\"}]}<\/script>\n<!-- \/ Yoast SEO plugin. -->","yoast_head_json":{"title":"Teaching career - Nguyen Sao","robots":{"index":"index","follow":"follow","max-snippet":"max-snippet:-1","max-image-preview":"max-image-preview:large","max-video-preview":"max-video-preview:-1"},"canonical":"https:\/\/www.nguyensao.fr\/index.php\/en\/teacher\/","og_locale":"fr_FR","og_type":"article","og_title":"Teaching career - Nguyen Sao","og_description":"In a parallel direction to his artistic life, he taught at the : \u00a0Secondary School of\u00a0 Phu-Xu\u00e2n in Hu\u00ea (1938-1939) Applied-Arts School of Hano\u00ef (1952-1954) Fine-Arts School of Gia-\u0110inh (1954-1964) Marie-Curie and Regina Mundi High-Schools of Sa\u00efgon (1964-1972) Some of his students became confirmed artists, figures of the contemporary Vietnamese Painting and among them, a &hellip; Continuer la lecture de Teaching career &rarr;","og_url":"https:\/\/www.nguyensao.fr\/index.php\/en\/teacher\/","og_site_name":"Nguyen Sao","article_modified_time":"2017-01-26T14:14:32+00:00","og_image":[{"url":"http:\/\/www.nguyensao.fr\/wp-content\/uploads\/2015\/11\/1954_1208_premierePromotionClassePreparatoireENSBAGD_bas-300x212.jpg","type":"","width":"","height":""}],"twitter_card":"summary_large_image","twitter_misc":{"Dur\u00e9e de lecture estim\u00e9e":"1 minute"},"schema":{"@context":"https:\/\/schema.org","@graph":[{"@type":"WebPage","@id":"https:\/\/www.nguyensao.fr\/index.php\/en\/teacher\/","url":"https:\/\/www.nguyensao.fr\/index.php\/en\/teacher\/","name":"Teaching career - Nguyen Sao","isPartOf":{"@id":"https:\/\/www.nguyensao.fr\/#website"},"primaryImageOfPage":{"@id":"https:\/\/www.nguyensao.fr\/index.php\/en\/teacher\/#primaryimage"},"image":{"@id":"https:\/\/www.nguyensao.fr\/index.php\/en\/teacher\/#primaryimage"},"thumbnailUrl":"http:\/\/www.nguyensao.fr\/wp-content\/uploads\/2015\/11\/1954_1208_premierePromotionClassePreparatoireENSBAGD_bas-300x212.jpg","datePublished":"2016-05-04T08:32:52+00:00","dateModified":"2017-01-26T14:14:32+00:00","inLanguage":"fr-FR","potentialAction":[{"@type":"ReadAction","target":["https:\/\/www.nguyensao.fr\/index.php\/en\/teacher\/"]}]},{"@type":"ImageObject","inLanguage":"fr-FR","@id":"https:\/\/www.nguyensao.fr\/index.php\/en\/teacher\/#primaryimage","url":"http:\/\/www.nguyensao.fr\/wp-content\/uploads\/2015\/11\/1954_1208_premierePromotionClassePreparatoireENSBAGD_bas-300x212.jpg","contentUrl":"http:\/\/www.nguyensao.fr\/wp-content\/uploads\/2015\/11\/1954_1208_premierePromotionClassePreparatoireENSBAGD_bas-300x212.jpg"},{"@type":"WebSite","@id":"https:\/\/www.nguyensao.fr\/#website","url":"https:\/\/www.nguyensao.fr\/","name":"Nguyen Sao","description":"Un artiste aux multiples facettes","potentialAction":[{"@type":"SearchAction","target":{"@type":"EntryPoint","urlTemplate":"https:\/\/www.nguyensao.fr\/?s={search_term_string}"},"query-input":{"@type":"PropertyValueSpecification","valueRequired":true,"valueName":"search_term_string"}}],"inLanguage":"fr-FR"}]}},"_links":{"self":[{"href":"https:\/\/www.nguyensao.fr\/index.php\/wp-json\/wp\/v2\/pages\/631","targetHints":{"allow":["GET"]}}],"collection":[{"href":"https:\/\/www.nguyensao.fr\/index.php\/wp-json\/wp\/v2\/pages"}],"about":[{"href":"https:\/\/www.nguyensao.fr\/index.php\/wp-json\/wp\/v2\/types\/page"}],"author":[{"embeddable":true,"href":"https:\/\/www.nguyensao.fr\/index.php\/wp-json\/wp\/v2\/users\/1"}],"replies":[{"embeddable":true,"href":"https:\/\/www.nguyensao.fr\/index.php\/wp-json\/wp\/v2\/comments?post=631"}],"version-history":[{"count":5,"href":"https:\/\/www.nguyensao.fr\/index.php\/wp-json\/wp\/v2\/pages\/631\/revisions"}],"predecessor-version":[{"id":1759,"href":"https:\/\/www.nguyensao.fr\/index.php\/wp-json\/wp\/v2\/pages\/631\/revisions\/1759"}],"wp:attachment":[{"href":"https:\/\/www.nguyensao.fr\/index.php\/wp-json\/wp\/v2\/media?parent=631"}],"curies":[{"name":"wp","href":"https:\/\/api.w.org\/{rel}","templated":true}]}}