{"id":72,"date":"2015-10-20T14:45:44","date_gmt":"2015-10-20T13:45:44","guid":{"rendered":"http:\/\/www.nguyensao.fr\/?page_id=72"},"modified":"2016-10-23T16:32:57","modified_gmt":"2016-10-23T15:32:57","slug":"carriere-denseignant","status":"publish","type":"page","link":"https:\/\/www.nguyensao.fr\/index.php\/fr\/carriere-denseignant\/","title":{"rendered":"Carri\u00e8re d&rsquo;enseignant"},"content":{"rendered":"<p>En parall\u00e8le \u00e0 sa vie artistique, il a enseign\u00e9 \u00e0 :<\/p>\n<ul>\n<li>l\u2019\u00c9cole primaire sup\u00e9rieure de Phu Xu\u00e2n \u00e0 Hu\u00ea (1938-1939)<\/li>\n<\/ul>\n<ul>\n<li>l\u2019\u00c9cole des arts appliqu\u00e9s de Hano\u00ef (1952-1954)<\/li>\n<\/ul>\n<ul>\n<li>l\u2019\u00c9cole sup\u00e9rieure des beaux-arts de Gia-\u0110inh (1954-1964)<\/li>\n<\/ul>\n<ul>\n<li>aux lyc\u00e9es Marie-Curie et Regina Mundi de Sa\u00efgon (1964-1972)<\/li>\n<\/ul>\n<p>Certains de ses \u00e9l\u00e8ves deviendront des artistes confirm\u00e9s, figures de la peinture vietnamienne contemporaine et quelques uns s&rsquo;installeront \u00e0 l&rsquo;\u00e9tranger.<\/p>\n<figure id=\"attachment_283\" aria-describedby=\"caption-attachment-283\" style=\"width: 300px\" class=\"wp-caption alignright\"><a href=\"http:\/\/www.nguyensao.fr\/wp-content\/uploads\/2015\/11\/1954_1208_premierePromotionClassePreparatoireENSBAGD_bas.jpg\"><img loading=\"lazy\" decoding=\"async\" class=\"size-medium wp-image-283\" src=\"http:\/\/www.nguyensao.fr\/wp-content\/uploads\/2015\/11\/1954_1208_premierePromotionClassePreparatoireENSBAGD_bas-300x212.jpg\" alt=\"Avec ses \u00e9l\u00e8ves de l\u2019\u00c9cole de Gia-Dinh, 1954\" width=\"300\" height=\"212\" srcset=\"https:\/\/www.nguyensao.fr\/wp-content\/uploads\/2015\/11\/1954_1208_premierePromotionClassePreparatoireENSBAGD_bas-300x212.jpg 300w, https:\/\/www.nguyensao.fr\/wp-content\/uploads\/2015\/11\/1954_1208_premierePromotionClassePreparatoireENSBAGD_bas.jpg 651w\" sizes=\"auto, (max-width: 300px) 100vw, 300px\" \/><\/a><figcaption id=\"caption-attachment-283\" class=\"wp-caption-text\">Avec ses \u00e9l\u00e8ves de l\u2019\u00c9cole de Gia-\u0110inh, 1954<\/figcaption><\/figure>\n<figure id=\"attachment_280\" aria-describedby=\"caption-attachment-280\" style=\"width: 300px\" class=\"wp-caption alignnone\"><a href=\"http:\/\/www.nguyensao.fr\/wp-content\/uploads\/2015\/11\/1954_0000_vers_nonDate_DiscoursInaugurationESBAGD_bas.jpg\"><img loading=\"lazy\" decoding=\"async\" class=\"size-medium wp-image-280\" src=\"http:\/\/www.nguyensao.fr\/wp-content\/uploads\/2015\/11\/1954_0000_vers_nonDate_DiscoursInaugurationESBAGD_bas-300x259.jpg\" alt=\"Discours d'inauguration, \u00c9cole des Beaux-arts de Gia-Dinh, 1954\" width=\"300\" height=\"259\" srcset=\"https:\/\/www.nguyensao.fr\/wp-content\/uploads\/2015\/11\/1954_0000_vers_nonDate_DiscoursInaugurationESBAGD_bas-300x259.jpg 300w, https:\/\/www.nguyensao.fr\/wp-content\/uploads\/2015\/11\/1954_0000_vers_nonDate_DiscoursInaugurationESBAGD_bas.jpg 805w\" sizes=\"auto, (max-width: 300px) 100vw, 300px\" \/><\/a><figcaption id=\"caption-attachment-280\" class=\"wp-caption-text\">Discours d&rsquo;inauguration, \u00c9cole nationale sup\u00e9rieure des beaux-arts de Gia-\u0110inh, 1954<\/figcaption><\/figure>\n<figure id=\"attachment_286\" aria-describedby=\"caption-attachment-286\" style=\"width: 300px\" class=\"wp-caption alignright\"><a href=\"http:\/\/www.nguyensao.fr\/wp-content\/uploads\/2015\/11\/1955_0000_annees_nonDate_demoEnExterieurGiaDinh_bas.jpg\"><img loading=\"lazy\" decoding=\"async\" class=\"size-medium wp-image-286\" src=\"http:\/\/www.nguyensao.fr\/wp-content\/uploads\/2015\/11\/1955_0000_annees_nonDate_demoEnExterieurGiaDinh_bas-300x207.jpg\" alt=\"Avec ses \u00e9l\u00e8ves en ext\u00e9rieur, 1955\" width=\"300\" height=\"207\" srcset=\"https:\/\/www.nguyensao.fr\/wp-content\/uploads\/2015\/11\/1955_0000_annees_nonDate_demoEnExterieurGiaDinh_bas-300x207.jpg 300w, https:\/\/www.nguyensao.fr\/wp-content\/uploads\/2015\/11\/1955_0000_annees_nonDate_demoEnExterieurGiaDinh_bas-1024x706.jpg 1024w, https:\/\/www.nguyensao.fr\/wp-content\/uploads\/2015\/11\/1955_0000_annees_nonDate_demoEnExterieurGiaDinh_bas.jpg 1347w\" sizes=\"auto, (max-width: 300px) 100vw, 300px\" \/><\/a><figcaption id=\"caption-attachment-286\" class=\"wp-caption-text\">Avec ses \u00e9l\u00e8ves en ext\u00e9rieur, 1955<\/figcaption><\/figure>\n<figure id=\"attachment_289\" aria-describedby=\"caption-attachment-289\" style=\"width: 191px\" class=\"wp-caption alignleft\"><a href=\"http:\/\/www.nguyensao.fr\/wp-content\/uploads\/2015\/11\/1960_0000_annees1960_nonDate_MarieBarangerAGiaDinh_bas.jpg\"><img loading=\"lazy\" decoding=\"async\" class=\"size-medium wp-image-289\" src=\"http:\/\/www.nguyensao.fr\/wp-content\/uploads\/2015\/11\/1960_0000_annees1960_nonDate_MarieBarangerAGiaDinh_bas-191x300.jpg\" alt=\"Avec M. Le Van De, Directeur et Mme Marie Baranger, \u00c9cole de Gia-Dinh, 1959\" width=\"191\" height=\"300\" srcset=\"https:\/\/www.nguyensao.fr\/wp-content\/uploads\/2015\/11\/1960_0000_annees1960_nonDate_MarieBarangerAGiaDinh_bas-191x300.jpg 191w, https:\/\/www.nguyensao.fr\/wp-content\/uploads\/2015\/11\/1960_0000_annees1960_nonDate_MarieBarangerAGiaDinh_bas.jpg 517w\" sizes=\"auto, (max-width: 191px) 100vw, 191px\" \/><\/a><figcaption id=\"caption-attachment-289\" class=\"wp-caption-text\">Avec M. L\u00ea Van \u0110\u00ea, Directeur et Mme Marie Baranger, peintre fresquiste, \u00c9cole des beaux-arts de Gia-\u0110inh, 1959<\/figcaption><\/figure>\n<p>&nbsp;<\/p>\n<p>&nbsp;<\/p>\n<p>&nbsp;<\/p>\n<p>&nbsp;<\/p>\n<p>&nbsp;<\/p>\n<p>&nbsp;<\/p>\n<p>&nbsp;<\/p>\n<p>&nbsp;<\/p>\n<p>&nbsp;<\/p>\n<p>&nbsp;<\/p>\n<p>&nbsp;<\/p>\n<p>&nbsp;<\/p>\n","protected":false},"excerpt":{"rendered":"<p>En parall\u00e8le \u00e0 sa vie artistique, il a enseign\u00e9 \u00e0 : l\u2019\u00c9cole primaire sup\u00e9rieure de Phu Xu\u00e2n \u00e0 Hu\u00ea (1938-1939) l\u2019\u00c9cole des arts appliqu\u00e9s de Hano\u00ef (1952-1954) l\u2019\u00c9cole sup\u00e9rieure des beaux-arts de Gia-\u0110inh (1954-1964) aux lyc\u00e9es Marie-Curie et Regina Mundi de Sa\u00efgon (1964-1972) Certains de ses \u00e9l\u00e8ves deviendront des artistes confirm\u00e9s, figures de la peinture &hellip; <a href=\"https:\/\/www.nguyensao.fr\/index.php\/fr\/carriere-denseignant\/\" class=\"more-link\">Continuer la lecture de <span class=\"screen-reader-text\">Carri\u00e8re d&rsquo;enseignant<\/span> <span class=\"meta-nav\">&rarr;<\/span><\/a><\/p>\n","protected":false},"author":1,"featured_media":0,"parent":0,"menu_order":0,"comment_status":"closed","ping_status":"closed","template":"full-width-page.php","meta":{"iawp_total_views":29,"footnotes":""},"class_list":["post-72","page","type-page","status-publish","hentry"],"yoast_head":"<!-- This site is optimized with the Yoast SEO plugin v27.5 - https:\/\/yoast.com\/product\/yoast-seo-wordpress\/ -->\n<title>Carri\u00e8re d&#039;enseignant - Nguyen Sao<\/title>\n<meta name=\"robots\" content=\"index, follow, max-snippet:-1, max-image-preview:large, max-video-preview:-1\" \/>\n<link rel=\"canonical\" href=\"https:\/\/www.nguyensao.fr\/index.php\/fr\/carriere-denseignant\/\" \/>\n<meta property=\"og:locale\" content=\"fr_FR\" \/>\n<meta property=\"og:type\" content=\"article\" \/>\n<meta property=\"og:title\" content=\"Carri\u00e8re d&#039;enseignant - Nguyen Sao\" \/>\n<meta property=\"og:description\" content=\"En parall\u00e8le \u00e0 sa vie artistique, il a enseign\u00e9 \u00e0 : l\u2019\u00c9cole primaire sup\u00e9rieure de Phu Xu\u00e2n \u00e0 Hu\u00ea (1938-1939) l\u2019\u00c9cole des arts appliqu\u00e9s de Hano\u00ef (1952-1954) l\u2019\u00c9cole sup\u00e9rieure des beaux-arts de Gia-\u0110inh (1954-1964) aux lyc\u00e9es Marie-Curie et Regina Mundi de Sa\u00efgon (1964-1972) Certains de ses \u00e9l\u00e8ves deviendront des artistes confirm\u00e9s, figures de la peinture &hellip; Continuer la lecture de Carri\u00e8re d&rsquo;enseignant &rarr;\" \/>\n<meta property=\"og:url\" content=\"https:\/\/www.nguyensao.fr\/index.php\/fr\/carriere-denseignant\/\" \/>\n<meta property=\"og:site_name\" content=\"Nguyen Sao\" \/>\n<meta property=\"article:modified_time\" content=\"2016-10-23T15:32:57+00:00\" \/>\n<meta property=\"og:image\" content=\"http:\/\/www.nguyensao.fr\/wp-content\/uploads\/2015\/11\/1954_1208_premierePromotionClassePreparatoireENSBAGD_bas-300x212.jpg\" \/>\n<meta name=\"twitter:card\" content=\"summary_large_image\" \/>\n<meta name=\"twitter:label1\" content=\"Dur\u00e9e de lecture estim\u00e9e\" \/>\n\t<meta name=\"twitter:data1\" content=\"1 minute\" \/>\n<script type=\"application\/ld+json\" class=\"yoast-schema-graph\">{\"@context\":\"https:\\\/\\\/schema.org\",\"@graph\":[{\"@type\":\"WebPage\",\"@id\":\"https:\\\/\\\/www.nguyensao.fr\\\/index.php\\\/fr\\\/carriere-denseignant\\\/\",\"url\":\"https:\\\/\\\/www.nguyensao.fr\\\/index.php\\\/fr\\\/carriere-denseignant\\\/\",\"name\":\"Carri\u00e8re d'enseignant - Nguyen Sao\",\"isPartOf\":{\"@id\":\"https:\\\/\\\/www.nguyensao.fr\\\/#website\"},\"primaryImageOfPage\":{\"@id\":\"https:\\\/\\\/www.nguyensao.fr\\\/index.php\\\/fr\\\/carriere-denseignant\\\/#primaryimage\"},\"image\":{\"@id\":\"https:\\\/\\\/www.nguyensao.fr\\\/index.php\\\/fr\\\/carriere-denseignant\\\/#primaryimage\"},\"thumbnailUrl\":\"http:\\\/\\\/www.nguyensao.fr\\\/wp-content\\\/uploads\\\/2015\\\/11\\\/1954_1208_premierePromotionClassePreparatoireENSBAGD_bas-300x212.jpg\",\"datePublished\":\"2015-10-20T13:45:44+00:00\",\"dateModified\":\"2016-10-23T15:32:57+00:00\",\"inLanguage\":\"fr-FR\",\"potentialAction\":[{\"@type\":\"ReadAction\",\"target\":[\"https:\\\/\\\/www.nguyensao.fr\\\/index.php\\\/fr\\\/carriere-denseignant\\\/\"]}]},{\"@type\":\"ImageObject\",\"inLanguage\":\"fr-FR\",\"@id\":\"https:\\\/\\\/www.nguyensao.fr\\\/index.php\\\/fr\\\/carriere-denseignant\\\/#primaryimage\",\"url\":\"http:\\\/\\\/www.nguyensao.fr\\\/wp-content\\\/uploads\\\/2015\\\/11\\\/1954_1208_premierePromotionClassePreparatoireENSBAGD_bas-300x212.jpg\",\"contentUrl\":\"http:\\\/\\\/www.nguyensao.fr\\\/wp-content\\\/uploads\\\/2015\\\/11\\\/1954_1208_premierePromotionClassePreparatoireENSBAGD_bas-300x212.jpg\"},{\"@type\":\"WebSite\",\"@id\":\"https:\\\/\\\/www.nguyensao.fr\\\/#website\",\"url\":\"https:\\\/\\\/www.nguyensao.fr\\\/\",\"name\":\"Nguyen Sao\",\"description\":\"Un artiste aux multiples facettes\",\"potentialAction\":[{\"@type\":\"SearchAction\",\"target\":{\"@type\":\"EntryPoint\",\"urlTemplate\":\"https:\\\/\\\/www.nguyensao.fr\\\/?s={search_term_string}\"},\"query-input\":{\"@type\":\"PropertyValueSpecification\",\"valueRequired\":true,\"valueName\":\"search_term_string\"}}],\"inLanguage\":\"fr-FR\"}]}<\/script>\n<!-- \/ Yoast SEO plugin. -->","yoast_head_json":{"title":"Carri\u00e8re d'enseignant - Nguyen Sao","robots":{"index":"index","follow":"follow","max-snippet":"max-snippet:-1","max-image-preview":"max-image-preview:large","max-video-preview":"max-video-preview:-1"},"canonical":"https:\/\/www.nguyensao.fr\/index.php\/fr\/carriere-denseignant\/","og_locale":"fr_FR","og_type":"article","og_title":"Carri\u00e8re d'enseignant - Nguyen Sao","og_description":"En parall\u00e8le \u00e0 sa vie artistique, il a enseign\u00e9 \u00e0 : l\u2019\u00c9cole primaire sup\u00e9rieure de Phu Xu\u00e2n \u00e0 Hu\u00ea (1938-1939) l\u2019\u00c9cole des arts appliqu\u00e9s de Hano\u00ef (1952-1954) l\u2019\u00c9cole sup\u00e9rieure des beaux-arts de Gia-\u0110inh (1954-1964) aux lyc\u00e9es Marie-Curie et Regina Mundi de Sa\u00efgon (1964-1972) Certains de ses \u00e9l\u00e8ves deviendront des artistes confirm\u00e9s, figures de la peinture &hellip; Continuer la lecture de Carri\u00e8re d&rsquo;enseignant &rarr;","og_url":"https:\/\/www.nguyensao.fr\/index.php\/fr\/carriere-denseignant\/","og_site_name":"Nguyen Sao","article_modified_time":"2016-10-23T15:32:57+00:00","og_image":[{"url":"http:\/\/www.nguyensao.fr\/wp-content\/uploads\/2015\/11\/1954_1208_premierePromotionClassePreparatoireENSBAGD_bas-300x212.jpg","type":"","width":"","height":""}],"twitter_card":"summary_large_image","twitter_misc":{"Dur\u00e9e de lecture estim\u00e9e":"1 minute"},"schema":{"@context":"https:\/\/schema.org","@graph":[{"@type":"WebPage","@id":"https:\/\/www.nguyensao.fr\/index.php\/fr\/carriere-denseignant\/","url":"https:\/\/www.nguyensao.fr\/index.php\/fr\/carriere-denseignant\/","name":"Carri\u00e8re d'enseignant - Nguyen Sao","isPartOf":{"@id":"https:\/\/www.nguyensao.fr\/#website"},"primaryImageOfPage":{"@id":"https:\/\/www.nguyensao.fr\/index.php\/fr\/carriere-denseignant\/#primaryimage"},"image":{"@id":"https:\/\/www.nguyensao.fr\/index.php\/fr\/carriere-denseignant\/#primaryimage"},"thumbnailUrl":"http:\/\/www.nguyensao.fr\/wp-content\/uploads\/2015\/11\/1954_1208_premierePromotionClassePreparatoireENSBAGD_bas-300x212.jpg","datePublished":"2015-10-20T13:45:44+00:00","dateModified":"2016-10-23T15:32:57+00:00","inLanguage":"fr-FR","potentialAction":[{"@type":"ReadAction","target":["https:\/\/www.nguyensao.fr\/index.php\/fr\/carriere-denseignant\/"]}]},{"@type":"ImageObject","inLanguage":"fr-FR","@id":"https:\/\/www.nguyensao.fr\/index.php\/fr\/carriere-denseignant\/#primaryimage","url":"http:\/\/www.nguyensao.fr\/wp-content\/uploads\/2015\/11\/1954_1208_premierePromotionClassePreparatoireENSBAGD_bas-300x212.jpg","contentUrl":"http:\/\/www.nguyensao.fr\/wp-content\/uploads\/2015\/11\/1954_1208_premierePromotionClassePreparatoireENSBAGD_bas-300x212.jpg"},{"@type":"WebSite","@id":"https:\/\/www.nguyensao.fr\/#website","url":"https:\/\/www.nguyensao.fr\/","name":"Nguyen Sao","description":"Un artiste aux multiples facettes","potentialAction":[{"@type":"SearchAction","target":{"@type":"EntryPoint","urlTemplate":"https:\/\/www.nguyensao.fr\/?s={search_term_string}"},"query-input":{"@type":"PropertyValueSpecification","valueRequired":true,"valueName":"search_term_string"}}],"inLanguage":"fr-FR"}]}},"_links":{"self":[{"href":"https:\/\/www.nguyensao.fr\/index.php\/wp-json\/wp\/v2\/pages\/72","targetHints":{"allow":["GET"]}}],"collection":[{"href":"https:\/\/www.nguyensao.fr\/index.php\/wp-json\/wp\/v2\/pages"}],"about":[{"href":"https:\/\/www.nguyensao.fr\/index.php\/wp-json\/wp\/v2\/types\/page"}],"author":[{"embeddable":true,"href":"https:\/\/www.nguyensao.fr\/index.php\/wp-json\/wp\/v2\/users\/1"}],"replies":[{"embeddable":true,"href":"https:\/\/www.nguyensao.fr\/index.php\/wp-json\/wp\/v2\/comments?post=72"}],"version-history":[{"count":3,"href":"https:\/\/www.nguyensao.fr\/index.php\/wp-json\/wp\/v2\/pages\/72\/revisions"}],"predecessor-version":[{"id":1732,"href":"https:\/\/www.nguyensao.fr\/index.php\/wp-json\/wp\/v2\/pages\/72\/revisions\/1732"}],"wp:attachment":[{"href":"https:\/\/www.nguyensao.fr\/index.php\/wp-json\/wp\/v2\/media?parent=72"}],"curies":[{"name":"wp","href":"https:\/\/api.w.org\/{rel}","templated":true}]}}