{"id":743,"date":"2016-05-04T10:22:31","date_gmt":"2016-05-04T09:22:31","guid":{"rendered":"http:\/\/www.nguyensao.fr\/?page_id=743"},"modified":"2025-03-27T09:36:04","modified_gmt":"2025-03-27T08:36:04","slug":"collective-art-exhibitions","status":"publish","type":"page","link":"https:\/\/www.nguyensao.fr\/index.php\/en\/collective-art-exhibitions\/","title":{"rendered":"Group art exhibitions"},"content":{"rendered":"<p>&nbsp;<\/p>\n<h2>Before 1939<\/h2>\n<ul>\n<li>1935 : International Fair of Sa\u00efgon (Vi\u00eat-Nam)<\/li>\n<\/ul>\n<h2>Period 1940 &#8211; 1952<\/h2>\n<ul>\n<li>1941 : Salon of Painting of the City Fine-Arts School, Avignon (Vaucluse)<\/li>\n<li>1944 : Lefranc Art Competition, Paris<\/li>\n<li>1946 : Decorative Arts Salon of the City, Paris<\/li>\n<li>1949 : Grand-Palais Winter Salon, Paris ; Gallery in Z\u00fcrich (Switzerland)<\/li>\n<li>1950 : Salon of Painting, Deauville (Calvados) ; Exhibition of the Holy Year in the Vatican Palace (Italy)<\/li>\n<\/ul>\n<h2>Period 1952 &#8211; 1972<\/h2>\n<ul>\n<li>1956 : Salon of the Cultural Association of Vi\u00eat-Nam, Hall Tu-Do, Sa\u00efgon (Vi\u00eat-Nam)<\/li>\n<li>1957 : Decorator at the Thi-Nghe Fair, Sa\u00efgon (Vi\u00eat-Nam)<\/li>\n<li>1958 : Salon of the Cultural Association of\u00a0 Vi\u00eat-Nam, Hall Tu-Do, Sa\u00efgon (Vi\u00eat-Nam)<\/li>\n<li>1959 : Spring Salon, Sa\u00efgon (Vi\u00eat-Nam)<\/li>\n<li>1960 : Spring Salon, Sa\u00efgon (Vi\u00eat-Nam)<\/li>\n<li>1961 : Spring Salon, Sa\u00efgon (Vi\u00eat-Nam)<\/li>\n<li>1962 : 1st International Exhibition of Fine-Arts ; Exhibition of Lacquer paintings and Ceramics of Hall Tu-Do ; Salon of Religious Art at the Alliance Fran\u00e7aise, Sa\u00efgon (Vi\u00eat-Nam)<\/li>\n<li>1962 &#8211; 1972 : International Exhibition of Painting and Lacquer, Tokyo &#8211; Ta\u00efwan &#8211; Hong Kong &#8211; Thailand &#8211; Manilla (Asia)<\/li>\n<li>1964 : International Fair, Paris (France)<\/li>\n<\/ul>\n<h2>Period 1972 &#8211; 2007<\/h2>\n<ul>\n<li>1972 : Exhibition of the Chaillot Palace : \u00ab\u00a0<em>Le Christ tel que les peintres le voient<\/em>\u00a0\u00bb ; R\u00e9gis Langlois Gallery ; Louis Soulanges Gallery ; Grand-Palais Autumn Salon, Paris<\/li>\n<li>1973 : 1st Salon of Nice and the Riviera French Coast, Nice ; Salon of the 1973 Easter\u00a0 Grand Price, Nice\/St-Paul-de-Vence; Salon of Cannes Festival 1973 Grand Price (Alpes-Maritimes) ; Salon of the XXIVe Grand international Price of Painting of Deauville (Calvados)<\/li>\n<li>1974 : Mostra internazionale di Pittura \u00ab\u00a0<em>I sette colli di Roma<\/em>\u00ab\u00a0, Roma ; Mostra internazionale di Pittura, Vicenza (Italy) ; Town- Hall Salon, Taverny (Val-d&rsquo;Oise)<\/li>\n<li>1975 : Town-Hall Salon, Mairie du 4\u00e8me, Paris<\/li>\n<li>1976 : Town-Hall Salon, Mairie du 20\u00e8me. Paris ; Town-hall Salon, Mairie de Cormeilles-en-Parisis (Val-d&rsquo;Oise) ; Salon of the 8th International Grand Prize of the International Academy of Lut\u00e8ce, Paris.<\/li>\n<li>1977 : Gallery of the Brittany House, Paris ; Salon of the 9th International Grand Prize of the International Academy of Lut\u00e8ce, Paris.<\/li>\n<li>1978 : International Festival of Painting in Osaka (Japan) ; International Festival of Painting, Graphic and Plastic Arts of Saint-Germain-des-Pr\u00e9s, Paris<\/li>\n<li>1979 International Festival of Painting in Osaka (Japan)<\/li>\n<li>1980 : \u00ab\u00a0<em>Palette de la Cit\u00e9<\/em>\u00a0\u00bb Salon, Paris<\/li>\n<li>1981 : 5th International Festival of Painting, Costa Brava (Spain) ; Salon of Ming Furniture Factory, Paris ; 13th National Salon of the Association\u00a0 of\u00a0 Members of the Academic palms, Paris<\/li>\n<li>1982 :\u00a0\u00bb<em>Palette de la Cit\u00e9<\/em>\u00a0\u00bb Salon, Paris ; International Festival of Painting, Graphic and Plastic Arts, Brussels (Belgium) ; Salon of the Academic Institute of Paris, \u00ab\u00a0<em>Gold Hand<\/em> Price\u00a0\u00bb, Paris.<\/li>\n<li>1984 : Salon of the Painting Festival\u00a0 at the \u00ab\u00a0<em>Pays de Lancelot du Lac<\/em>\u00ab\u00a0, Bagnoles-de-l&rsquo;Orne (Orne)<\/li>\n<li>1985 : International Art Encounter \u00ab\u00a0<em>Un instant de paix<\/em>\u00a0\u00bb at Caf\u00e9 de la Paix &#8211; Op\u00e9ra, Paris<\/li>\n<li>1986 : 17th National Salon of the Association of the Academic palms members, Paris ; 2nd Salon \u00ab\u00a0<em>Les Jardins de la Roquette<\/em>\u00ab\u00a0; Exhibition of Gradentour Marie-Louise Association, Hospital Centre of the Army, Toulouse (Haute-Garonne)<\/li>\n<li>1987 : 18th National Salon of the Association of the Academic palms members, Paris<\/li>\n<li>1988 : Salon of the Painting Academy of S\u00e9nart, Brunoy (Essonne) ; <em>\u00ab\u00a0Palette de la Cit\u00e9<\/em>\u00a0\u00bb Salon, Paris<\/li>\n<li>1990 : Painting exhibition at\u00a0 Bonnefoy Cultural Centre, Toulouse<\/li>\n<li>1994 : \u00ab\u00a0<em>Palette de la Cit\u00e9<\/em>\u00a0\u00bb Salon, Paris<\/li>\n<li>1995 : \u00ab\u00a0<em>Palette de la Cit\u00e9\u00a0\u00bb<\/em> Salon, Paris<\/li>\n<li>1997 : Spring Salon of the European Academy of Arts, Paris<\/li>\n<li>1999 : Spring Salon of the European Academy of Arts, Paris<\/li>\n<li>2007 : Thuillier Gallery, Paris (posthumous participation)<\/li>\n<\/ul>\n<p>&nbsp;<\/p>\n","protected":false},"excerpt":{"rendered":"<p>&nbsp; Before 1939 1935 : International Fair of Sa\u00efgon (Vi\u00eat-Nam) Period 1940 &#8211; 1952 1941 : Salon of Painting of the City Fine-Arts School, Avignon (Vaucluse) 1944 : Lefranc Art Competition, Paris 1946 : Decorative Arts Salon of the City, Paris 1949 : Grand-Palais Winter Salon, Paris ; Gallery in Z\u00fcrich (Switzerland) 1950 : Salon &hellip; <a href=\"https:\/\/www.nguyensao.fr\/index.php\/en\/collective-art-exhibitions\/\" class=\"more-link\">Continuer la lecture de <span class=\"screen-reader-text\">Group art exhibitions<\/span> <span class=\"meta-nav\">&rarr;<\/span><\/a><\/p>\n","protected":false},"author":1,"featured_media":0,"parent":0,"menu_order":0,"comment_status":"closed","ping_status":"closed","template":"full-width-page.php","meta":{"iawp_total_views":18,"footnotes":""},"class_list":["post-743","page","type-page","status-publish","hentry"],"yoast_head":"<!-- This site is optimized with the Yoast SEO plugin v27.5 - https:\/\/yoast.com\/product\/yoast-seo-wordpress\/ -->\n<title>Group art exhibitions - Nguyen Sao<\/title>\n<meta name=\"robots\" content=\"index, follow, max-snippet:-1, max-image-preview:large, max-video-preview:-1\" \/>\n<link rel=\"canonical\" href=\"https:\/\/www.nguyensao.fr\/index.php\/en\/collective-art-exhibitions\/\" \/>\n<meta property=\"og:locale\" content=\"fr_FR\" \/>\n<meta property=\"og:type\" content=\"article\" \/>\n<meta property=\"og:title\" content=\"Group art exhibitions - Nguyen Sao\" \/>\n<meta property=\"og:description\" content=\"&nbsp; Before 1939 1935 : International Fair of Sa\u00efgon (Vi\u00eat-Nam) Period 1940 &#8211; 1952 1941 : Salon of Painting of the City Fine-Arts School, Avignon (Vaucluse) 1944 : Lefranc Art Competition, Paris 1946 : Decorative Arts Salon of the City, Paris 1949 : Grand-Palais Winter Salon, Paris ; Gallery in Z\u00fcrich (Switzerland) 1950 : Salon &hellip; Continuer la lecture de Group art exhibitions &rarr;\" \/>\n<meta property=\"og:url\" content=\"https:\/\/www.nguyensao.fr\/index.php\/en\/collective-art-exhibitions\/\" \/>\n<meta property=\"og:site_name\" content=\"Nguyen Sao\" \/>\n<meta property=\"article:modified_time\" content=\"2025-03-27T08:36:04+00:00\" \/>\n<meta name=\"twitter:card\" content=\"summary_large_image\" \/>\n<meta name=\"twitter:label1\" content=\"Dur\u00e9e de lecture estim\u00e9e\" \/>\n\t<meta name=\"twitter:data1\" content=\"3 minutes\" \/>\n<script type=\"application\/ld+json\" class=\"yoast-schema-graph\">{\"@context\":\"https:\\\/\\\/schema.org\",\"@graph\":[{\"@type\":\"WebPage\",\"@id\":\"https:\\\/\\\/www.nguyensao.fr\\\/index.php\\\/en\\\/collective-art-exhibitions\\\/\",\"url\":\"https:\\\/\\\/www.nguyensao.fr\\\/index.php\\\/en\\\/collective-art-exhibitions\\\/\",\"name\":\"Group art exhibitions - Nguyen Sao\",\"isPartOf\":{\"@id\":\"https:\\\/\\\/www.nguyensao.fr\\\/#website\"},\"datePublished\":\"2016-05-04T09:22:31+00:00\",\"dateModified\":\"2025-03-27T08:36:04+00:00\",\"inLanguage\":\"fr-FR\",\"potentialAction\":[{\"@type\":\"ReadAction\",\"target\":[\"https:\\\/\\\/www.nguyensao.fr\\\/index.php\\\/en\\\/collective-art-exhibitions\\\/\"]}]},{\"@type\":\"WebSite\",\"@id\":\"https:\\\/\\\/www.nguyensao.fr\\\/#website\",\"url\":\"https:\\\/\\\/www.nguyensao.fr\\\/\",\"name\":\"Nguyen Sao\",\"description\":\"Un artiste aux multiples facettes\",\"potentialAction\":[{\"@type\":\"SearchAction\",\"target\":{\"@type\":\"EntryPoint\",\"urlTemplate\":\"https:\\\/\\\/www.nguyensao.fr\\\/?s={search_term_string}\"},\"query-input\":{\"@type\":\"PropertyValueSpecification\",\"valueRequired\":true,\"valueName\":\"search_term_string\"}}],\"inLanguage\":\"fr-FR\"}]}<\/script>\n<!-- \/ Yoast SEO plugin. -->","yoast_head_json":{"title":"Group art exhibitions - Nguyen Sao","robots":{"index":"index","follow":"follow","max-snippet":"max-snippet:-1","max-image-preview":"max-image-preview:large","max-video-preview":"max-video-preview:-1"},"canonical":"https:\/\/www.nguyensao.fr\/index.php\/en\/collective-art-exhibitions\/","og_locale":"fr_FR","og_type":"article","og_title":"Group art exhibitions - Nguyen Sao","og_description":"&nbsp; Before 1939 1935 : International Fair of Sa\u00efgon (Vi\u00eat-Nam) Period 1940 &#8211; 1952 1941 : Salon of Painting of the City Fine-Arts School, Avignon (Vaucluse) 1944 : Lefranc Art Competition, Paris 1946 : Decorative Arts Salon of the City, Paris 1949 : Grand-Palais Winter Salon, Paris ; Gallery in Z\u00fcrich (Switzerland) 1950 : Salon &hellip; Continuer la lecture de Group art exhibitions &rarr;","og_url":"https:\/\/www.nguyensao.fr\/index.php\/en\/collective-art-exhibitions\/","og_site_name":"Nguyen Sao","article_modified_time":"2025-03-27T08:36:04+00:00","twitter_card":"summary_large_image","twitter_misc":{"Dur\u00e9e de lecture estim\u00e9e":"3 minutes"},"schema":{"@context":"https:\/\/schema.org","@graph":[{"@type":"WebPage","@id":"https:\/\/www.nguyensao.fr\/index.php\/en\/collective-art-exhibitions\/","url":"https:\/\/www.nguyensao.fr\/index.php\/en\/collective-art-exhibitions\/","name":"Group art exhibitions - Nguyen Sao","isPartOf":{"@id":"https:\/\/www.nguyensao.fr\/#website"},"datePublished":"2016-05-04T09:22:31+00:00","dateModified":"2025-03-27T08:36:04+00:00","inLanguage":"fr-FR","potentialAction":[{"@type":"ReadAction","target":["https:\/\/www.nguyensao.fr\/index.php\/en\/collective-art-exhibitions\/"]}]},{"@type":"WebSite","@id":"https:\/\/www.nguyensao.fr\/#website","url":"https:\/\/www.nguyensao.fr\/","name":"Nguyen Sao","description":"Un artiste aux multiples facettes","potentialAction":[{"@type":"SearchAction","target":{"@type":"EntryPoint","urlTemplate":"https:\/\/www.nguyensao.fr\/?s={search_term_string}"},"query-input":{"@type":"PropertyValueSpecification","valueRequired":true,"valueName":"search_term_string"}}],"inLanguage":"fr-FR"}]}},"_links":{"self":[{"href":"https:\/\/www.nguyensao.fr\/index.php\/wp-json\/wp\/v2\/pages\/743","targetHints":{"allow":["GET"]}}],"collection":[{"href":"https:\/\/www.nguyensao.fr\/index.php\/wp-json\/wp\/v2\/pages"}],"about":[{"href":"https:\/\/www.nguyensao.fr\/index.php\/wp-json\/wp\/v2\/types\/page"}],"author":[{"embeddable":true,"href":"https:\/\/www.nguyensao.fr\/index.php\/wp-json\/wp\/v2\/users\/1"}],"replies":[{"embeddable":true,"href":"https:\/\/www.nguyensao.fr\/index.php\/wp-json\/wp\/v2\/comments?post=743"}],"version-history":[{"count":16,"href":"https:\/\/www.nguyensao.fr\/index.php\/wp-json\/wp\/v2\/pages\/743\/revisions"}],"predecessor-version":[{"id":1911,"href":"https:\/\/www.nguyensao.fr\/index.php\/wp-json\/wp\/v2\/pages\/743\/revisions\/1911"}],"wp:attachment":[{"href":"https:\/\/www.nguyensao.fr\/index.php\/wp-json\/wp\/v2\/media?parent=743"}],"curies":[{"name":"wp","href":"https:\/\/api.w.org\/{rel}","templated":true}]}}