{"id":745,"date":"2016-05-04T10:23:41","date_gmt":"2016-05-04T09:23:41","guid":{"rendered":"http:\/\/www.nguyensao.fr\/?page_id=745"},"modified":"2025-03-27T09:40:05","modified_gmt":"2025-03-27T08:40:05","slug":"personal-exhibitions","status":"publish","type":"page","link":"https:\/\/www.nguyensao.fr\/index.php\/en\/personal-exhibitions\/","title":{"rendered":"Solo exhibitions"},"content":{"rendered":"<p>&nbsp;<\/p>\n<h2>Period 1939 &#8211; 1952<\/h2>\n<ul>\n<li>1948 : Gallery of the Colonies Agency ; \u00c9lys\u00e9e Gallery, Paris*<\/li>\n<li>1949 : Cambac\u00e9r\u00e8s Gallery, Paris ; Arts House of Monte-Carlo (Monaco)<\/li>\n<\/ul>\n<h2>Period 1952 &#8211; 1972<\/h2>\n<ul>\n<li>1953 : Glaces Salon of the Municipal Theatre-House, Hano\u00ef (Vi\u00eat-Nam)<\/li>\n<li>1954 : Alliance Fran\u00e7aise Salon, Sa\u00efgon (Vi\u00eat-Nam)<\/li>\n<li>1956 : Portail Gallery, Sa\u00efgon (Vi\u00eat-Nam)<\/li>\n<li>1957 : Alliance Fran\u00e7aise Salon, Sa\u00efgon (Vi\u00eat-Nam)<\/li>\n<li>1959 : Alliance Fran\u00e7aise Salon, Sa\u00efgon (Vi\u00eat-Nam)<\/li>\n<li>1960 : Permanent Exhibition Hall of the Ministry of Information ; Alliance Fran\u00e7aise Salon, Sa\u00efgon (Vi\u00eat-Nam)<\/li>\n<li>1961 : Alliance Fran\u00e7aise Salon, Sa\u00efgon (Vi\u00eat-Nam)<\/li>\n<li>1963 : Alliance Fran\u00e7aise Salon, Sa\u00efgon (Vi\u00eat-Nam)<\/li>\n<li>1964 : Alliance Fran\u00e7aise Salon, Sa\u00efgon (Vi\u00eat-Nam)<\/li>\n<li>1965 : Alliance Fran\u00e7aise Salon, Sa\u00efgon (Vi\u00eat-Nam)<\/li>\n<\/ul>\n<h2>Period 1972 &#8211; 2009<\/h2>\n<ul>\n<li>1974 : \u00ab\u00a0<em>Maison de la Culture et de Loisirs<\/em>\u00ab\u00a0, Poitiers (Vienne) ; Galleria d&rsquo;Arte Moderna, Treviso (Italy)*<\/li>\n<li>1976 : Seventy-Two Gallery, Paris<\/li>\n<li>1978 : Tkim Quynh\/Argenson Gallery ; Brasserie Ruc Univers Honorary Salon, Paris<\/li>\n<li>1981 : Salon of the Forest-Hill Hotel, Bougival (Yvelines)<\/li>\n<li>1987 : Salon of the Union of Vietnamese Artists Overseas, Paris*<\/li>\n<li>1988 : Salon of the \u00ab\u00a0<em>Maison des Thermes<\/em>\u00ab\u00a0, Chaudes-Aigues (Cantal)<\/li>\n<li>1989 : Salon of the \u00ab\u00a0<em>Maison des Thermes\u00a0\u00bb<\/em>, Chaudes-Aigues (Cantal)<\/li>\n<li>1999 : Private Exhibition in Ile-de-la-Cit\u00e9, Paris*<\/li>\n<li>2009 : Posthumous Exhibition at the \u00ab\u00a0<em>Espace Qi-Gong-Sant\u00e9-Culture<\/em>\u00ab\u00a0, Chaville (Hauts-de-Seine)<\/li>\n<\/ul>\n<p>N.B. : * Are considered as \u00ab\u00a0<em>solo exhibitions<\/em>\u00ab\u00a0,\u00a0 the galleries or salons having shown a significative number of Nguyen Sao&rsquo;s works with those of two to four other fellow artists.<\/p>\n","protected":false},"excerpt":{"rendered":"<p>&nbsp; Period 1939 &#8211; 1952 1948 : Gallery of the Colonies Agency ; \u00c9lys\u00e9e Gallery, Paris* 1949 : Cambac\u00e9r\u00e8s Gallery, Paris ; Arts House of Monte-Carlo (Monaco) Period 1952 &#8211; 1972 1953 : Glaces Salon of the Municipal Theatre-House, Hano\u00ef (Vi\u00eat-Nam) 1954 : Alliance Fran\u00e7aise Salon, Sa\u00efgon (Vi\u00eat-Nam) 1956 : Portail Gallery, Sa\u00efgon (Vi\u00eat-Nam) 1957 &hellip; <a href=\"https:\/\/www.nguyensao.fr\/index.php\/en\/personal-exhibitions\/\" class=\"more-link\">Continuer la lecture de <span class=\"screen-reader-text\">Solo exhibitions<\/span> <span class=\"meta-nav\">&rarr;<\/span><\/a><\/p>\n","protected":false},"author":1,"featured_media":0,"parent":0,"menu_order":0,"comment_status":"closed","ping_status":"closed","template":"full-width-page.php","meta":{"iawp_total_views":13,"footnotes":""},"class_list":["post-745","page","type-page","status-publish","hentry"],"yoast_head":"<!-- This site is optimized with the Yoast SEO plugin v27.5 - https:\/\/yoast.com\/product\/yoast-seo-wordpress\/ -->\n<title>Solo exhibitions - Nguyen Sao<\/title>\n<meta name=\"robots\" content=\"index, follow, max-snippet:-1, max-image-preview:large, max-video-preview:-1\" \/>\n<link rel=\"canonical\" href=\"https:\/\/www.nguyensao.fr\/index.php\/en\/personal-exhibitions\/\" \/>\n<meta property=\"og:locale\" content=\"fr_FR\" \/>\n<meta property=\"og:type\" content=\"article\" \/>\n<meta property=\"og:title\" content=\"Solo exhibitions - Nguyen Sao\" \/>\n<meta property=\"og:description\" content=\"&nbsp; Period 1939 &#8211; 1952 1948 : Gallery of the Colonies Agency ; \u00c9lys\u00e9e Gallery, Paris* 1949 : Cambac\u00e9r\u00e8s Gallery, Paris ; Arts House of Monte-Carlo (Monaco) Period 1952 &#8211; 1972 1953 : Glaces Salon of the Municipal Theatre-House, Hano\u00ef (Vi\u00eat-Nam) 1954 : Alliance Fran\u00e7aise Salon, Sa\u00efgon (Vi\u00eat-Nam) 1956 : Portail Gallery, Sa\u00efgon (Vi\u00eat-Nam) 1957 &hellip; Continuer la lecture de Solo exhibitions &rarr;\" \/>\n<meta property=\"og:url\" content=\"https:\/\/www.nguyensao.fr\/index.php\/en\/personal-exhibitions\/\" \/>\n<meta property=\"og:site_name\" content=\"Nguyen Sao\" \/>\n<meta property=\"article:modified_time\" content=\"2025-03-27T08:40:05+00:00\" \/>\n<meta name=\"twitter:card\" content=\"summary_large_image\" \/>\n<meta name=\"twitter:label1\" content=\"Dur\u00e9e de lecture estim\u00e9e\" \/>\n\t<meta name=\"twitter:data1\" content=\"2 minutes\" \/>\n<script type=\"application\/ld+json\" class=\"yoast-schema-graph\">{\"@context\":\"https:\\\/\\\/schema.org\",\"@graph\":[{\"@type\":\"WebPage\",\"@id\":\"https:\\\/\\\/www.nguyensao.fr\\\/index.php\\\/en\\\/personal-exhibitions\\\/\",\"url\":\"https:\\\/\\\/www.nguyensao.fr\\\/index.php\\\/en\\\/personal-exhibitions\\\/\",\"name\":\"Solo exhibitions - Nguyen Sao\",\"isPartOf\":{\"@id\":\"https:\\\/\\\/www.nguyensao.fr\\\/#website\"},\"datePublished\":\"2016-05-04T09:23:41+00:00\",\"dateModified\":\"2025-03-27T08:40:05+00:00\",\"inLanguage\":\"fr-FR\",\"potentialAction\":[{\"@type\":\"ReadAction\",\"target\":[\"https:\\\/\\\/www.nguyensao.fr\\\/index.php\\\/en\\\/personal-exhibitions\\\/\"]}]},{\"@type\":\"WebSite\",\"@id\":\"https:\\\/\\\/www.nguyensao.fr\\\/#website\",\"url\":\"https:\\\/\\\/www.nguyensao.fr\\\/\",\"name\":\"Nguyen Sao\",\"description\":\"Un artiste aux multiples facettes\",\"potentialAction\":[{\"@type\":\"SearchAction\",\"target\":{\"@type\":\"EntryPoint\",\"urlTemplate\":\"https:\\\/\\\/www.nguyensao.fr\\\/?s={search_term_string}\"},\"query-input\":{\"@type\":\"PropertyValueSpecification\",\"valueRequired\":true,\"valueName\":\"search_term_string\"}}],\"inLanguage\":\"fr-FR\"}]}<\/script>\n<!-- \/ Yoast SEO plugin. -->","yoast_head_json":{"title":"Solo exhibitions - Nguyen Sao","robots":{"index":"index","follow":"follow","max-snippet":"max-snippet:-1","max-image-preview":"max-image-preview:large","max-video-preview":"max-video-preview:-1"},"canonical":"https:\/\/www.nguyensao.fr\/index.php\/en\/personal-exhibitions\/","og_locale":"fr_FR","og_type":"article","og_title":"Solo exhibitions - Nguyen Sao","og_description":"&nbsp; Period 1939 &#8211; 1952 1948 : Gallery of the Colonies Agency ; \u00c9lys\u00e9e Gallery, Paris* 1949 : Cambac\u00e9r\u00e8s Gallery, Paris ; Arts House of Monte-Carlo (Monaco) Period 1952 &#8211; 1972 1953 : Glaces Salon of the Municipal Theatre-House, Hano\u00ef (Vi\u00eat-Nam) 1954 : Alliance Fran\u00e7aise Salon, Sa\u00efgon (Vi\u00eat-Nam) 1956 : Portail Gallery, Sa\u00efgon (Vi\u00eat-Nam) 1957 &hellip; Continuer la lecture de Solo exhibitions &rarr;","og_url":"https:\/\/www.nguyensao.fr\/index.php\/en\/personal-exhibitions\/","og_site_name":"Nguyen Sao","article_modified_time":"2025-03-27T08:40:05+00:00","twitter_card":"summary_large_image","twitter_misc":{"Dur\u00e9e de lecture estim\u00e9e":"2 minutes"},"schema":{"@context":"https:\/\/schema.org","@graph":[{"@type":"WebPage","@id":"https:\/\/www.nguyensao.fr\/index.php\/en\/personal-exhibitions\/","url":"https:\/\/www.nguyensao.fr\/index.php\/en\/personal-exhibitions\/","name":"Solo exhibitions - Nguyen Sao","isPartOf":{"@id":"https:\/\/www.nguyensao.fr\/#website"},"datePublished":"2016-05-04T09:23:41+00:00","dateModified":"2025-03-27T08:40:05+00:00","inLanguage":"fr-FR","potentialAction":[{"@type":"ReadAction","target":["https:\/\/www.nguyensao.fr\/index.php\/en\/personal-exhibitions\/"]}]},{"@type":"WebSite","@id":"https:\/\/www.nguyensao.fr\/#website","url":"https:\/\/www.nguyensao.fr\/","name":"Nguyen Sao","description":"Un artiste aux multiples facettes","potentialAction":[{"@type":"SearchAction","target":{"@type":"EntryPoint","urlTemplate":"https:\/\/www.nguyensao.fr\/?s={search_term_string}"},"query-input":{"@type":"PropertyValueSpecification","valueRequired":true,"valueName":"search_term_string"}}],"inLanguage":"fr-FR"}]}},"_links":{"self":[{"href":"https:\/\/www.nguyensao.fr\/index.php\/wp-json\/wp\/v2\/pages\/745","targetHints":{"allow":["GET"]}}],"collection":[{"href":"https:\/\/www.nguyensao.fr\/index.php\/wp-json\/wp\/v2\/pages"}],"about":[{"href":"https:\/\/www.nguyensao.fr\/index.php\/wp-json\/wp\/v2\/types\/page"}],"author":[{"embeddable":true,"href":"https:\/\/www.nguyensao.fr\/index.php\/wp-json\/wp\/v2\/users\/1"}],"replies":[{"embeddable":true,"href":"https:\/\/www.nguyensao.fr\/index.php\/wp-json\/wp\/v2\/comments?post=745"}],"version-history":[{"count":7,"href":"https:\/\/www.nguyensao.fr\/index.php\/wp-json\/wp\/v2\/pages\/745\/revisions"}],"predecessor-version":[{"id":1912,"href":"https:\/\/www.nguyensao.fr\/index.php\/wp-json\/wp\/v2\/pages\/745\/revisions\/1912"}],"wp:attachment":[{"href":"https:\/\/www.nguyensao.fr\/index.php\/wp-json\/wp\/v2\/media?parent=745"}],"curies":[{"name":"wp","href":"https:\/\/api.w.org\/{rel}","templated":true}]}}