{"id":752,"date":"2016-02-12T10:27:51","date_gmt":"2016-02-12T09:27:51","guid":{"rendered":"http:\/\/www.nguyensao.fr\/?page_id=752"},"modified":"2025-03-27T09:42:29","modified_gmt":"2025-03-27T08:42:29","slug":"medals-and-awards","status":"publish","type":"page","link":"https:\/\/www.nguyensao.fr\/index.php\/en\/medals-and-awards\/","title":{"rendered":"Medals and awards"},"content":{"rendered":"<p>Esteemed by his peers, praised by the critics, his work was rewarded with several prizes :<\/p>\n<ul>\n<li>1935 : Silver Medal of the International Fair of Sa\u00efgon (Vi\u00eat-Nam)<\/li>\n<li>1941 : Grand Prize of Decorative Composition, Fine-Arts School of Avignon (Vaucluse)<\/li>\n<li>1942 : Poster Prize for Savings (Paris)<\/li>\n<li>1944 : Lefranc Grand Prize at the International Painting Exhibition (Paris)<\/li>\n<li>1973 : Medal of St-Paul de Vence &#8211; Prize of the Cannes Festival with Gold Trophy (Alpes-Maritimes)<\/li>\n<li>1974 : Prize of the \u00ab\u00a0<em>Sept Collines de Rome<\/em>\u00a0\u00bb &#8211; Silver Medal of\u00a0 Vicenza (Italy)<\/li>\n<li>1976 : Silver Medal of the <em>International Academy of Lut\u00e8ce<\/em> (Paris)<\/li>\n<li>1977 : Humanitarian Prize of France (Paris)<\/li>\n<li>1978 : Gold Palms of the \u00ab\u00a0<em>M\u00e9rite Belgo-hispanique<\/em>\u00a0\u00bb of Brussels &#8211; Rubens Medal of Anvers (Belgium) &#8211; Silver Medal of the \u00ab\u00a0<em>Soci\u00e9t\u00e9 d&rsquo;Encouragement au Progr\u00e8s<\/em>\u00a0\u00bb (Paris)<\/li>\n<li>1979 : Silver Medal of <em>Arts and Literature from France<\/em> (Bordeaux)<\/li>\n<li>1981 : Knight Cross of the \u00ab\u00a0<em>M\u00e9rite Belgo-hispanique<\/em>\u00a0\u00bb of Brussels (Belgium)<\/li>\n<li>1983 : Vermeil Medal of the \u00ab\u00a0<em>Soci\u00e9t\u00e9 d&rsquo;Encouragement au Progr\u00e8s<\/em>\u00a0\u00bb (Paris)<\/li>\n<li>1989 : Grand Prize of the European Prestige by the <em>European Service of Ministerial<\/em> <em>and<\/em> P<em>arlementary Information<\/em> for the <span style=\"color: #000080;\">\u00ab\u00a0<em>whole of his work and for his personal participation<\/em><em> to the artistic and cultural diffusion in Europe in general and in France in particular<\/em>\u00ab\u00a0.<\/span><\/li>\n<li>1994 : Paris City Silver Medal.<\/li>\n<\/ul>\n","protected":false},"excerpt":{"rendered":"<p>Esteemed by his peers, praised by the critics, his work was rewarded with several prizes : 1935 : Silver Medal of the International Fair of Sa\u00efgon (Vi\u00eat-Nam) 1941 : Grand Prize of Decorative Composition, Fine-Arts School of Avignon (Vaucluse) 1942 : Poster Prize for Savings (Paris) 1944 : Lefranc Grand Prize at the International Painting &hellip; <a href=\"https:\/\/www.nguyensao.fr\/index.php\/en\/medals-and-awards\/\" class=\"more-link\">Continuer la lecture de <span class=\"screen-reader-text\">Medals and awards<\/span> <span class=\"meta-nav\">&rarr;<\/span><\/a><\/p>\n","protected":false},"author":1,"featured_media":0,"parent":0,"menu_order":0,"comment_status":"closed","ping_status":"closed","template":"full-width-page.php","meta":{"iawp_total_views":12,"footnotes":""},"class_list":["post-752","page","type-page","status-publish","hentry"],"yoast_head":"<!-- This site is optimized with the Yoast SEO plugin v27.5 - https:\/\/yoast.com\/product\/yoast-seo-wordpress\/ -->\n<title>Medals and awards - Nguyen Sao<\/title>\n<meta name=\"robots\" content=\"index, follow, max-snippet:-1, max-image-preview:large, max-video-preview:-1\" \/>\n<link rel=\"canonical\" href=\"https:\/\/www.nguyensao.fr\/index.php\/en\/medals-and-awards\/\" \/>\n<meta property=\"og:locale\" content=\"fr_FR\" \/>\n<meta property=\"og:type\" content=\"article\" \/>\n<meta property=\"og:title\" content=\"Medals and awards - Nguyen Sao\" \/>\n<meta property=\"og:description\" content=\"Esteemed by his peers, praised by the critics, his work was rewarded with several prizes : 1935 : Silver Medal of the International Fair of Sa\u00efgon (Vi\u00eat-Nam) 1941 : Grand Prize of Decorative Composition, Fine-Arts School of Avignon (Vaucluse) 1942 : Poster Prize for Savings (Paris) 1944 : Lefranc Grand Prize at the International Painting &hellip; Continuer la lecture de Medals and awards &rarr;\" \/>\n<meta property=\"og:url\" content=\"https:\/\/www.nguyensao.fr\/index.php\/en\/medals-and-awards\/\" \/>\n<meta property=\"og:site_name\" content=\"Nguyen Sao\" \/>\n<meta property=\"article:modified_time\" content=\"2025-03-27T08:42:29+00:00\" \/>\n<meta name=\"twitter:card\" content=\"summary_large_image\" \/>\n<meta name=\"twitter:label1\" content=\"Dur\u00e9e de lecture estim\u00e9e\" \/>\n\t<meta name=\"twitter:data1\" content=\"2 minutes\" \/>\n<script type=\"application\/ld+json\" class=\"yoast-schema-graph\">{\"@context\":\"https:\\\/\\\/schema.org\",\"@graph\":[{\"@type\":\"WebPage\",\"@id\":\"https:\\\/\\\/www.nguyensao.fr\\\/index.php\\\/en\\\/medals-and-awards\\\/\",\"url\":\"https:\\\/\\\/www.nguyensao.fr\\\/index.php\\\/en\\\/medals-and-awards\\\/\",\"name\":\"Medals and awards - Nguyen Sao\",\"isPartOf\":{\"@id\":\"https:\\\/\\\/www.nguyensao.fr\\\/#website\"},\"datePublished\":\"2016-02-12T09:27:51+00:00\",\"dateModified\":\"2025-03-27T08:42:29+00:00\",\"inLanguage\":\"fr-FR\",\"potentialAction\":[{\"@type\":\"ReadAction\",\"target\":[\"https:\\\/\\\/www.nguyensao.fr\\\/index.php\\\/en\\\/medals-and-awards\\\/\"]}]},{\"@type\":\"WebSite\",\"@id\":\"https:\\\/\\\/www.nguyensao.fr\\\/#website\",\"url\":\"https:\\\/\\\/www.nguyensao.fr\\\/\",\"name\":\"Nguyen Sao\",\"description\":\"Un artiste aux multiples facettes\",\"potentialAction\":[{\"@type\":\"SearchAction\",\"target\":{\"@type\":\"EntryPoint\",\"urlTemplate\":\"https:\\\/\\\/www.nguyensao.fr\\\/?s={search_term_string}\"},\"query-input\":{\"@type\":\"PropertyValueSpecification\",\"valueRequired\":true,\"valueName\":\"search_term_string\"}}],\"inLanguage\":\"fr-FR\"}]}<\/script>\n<!-- \/ Yoast SEO plugin. -->","yoast_head_json":{"title":"Medals and awards - Nguyen Sao","robots":{"index":"index","follow":"follow","max-snippet":"max-snippet:-1","max-image-preview":"max-image-preview:large","max-video-preview":"max-video-preview:-1"},"canonical":"https:\/\/www.nguyensao.fr\/index.php\/en\/medals-and-awards\/","og_locale":"fr_FR","og_type":"article","og_title":"Medals and awards - Nguyen Sao","og_description":"Esteemed by his peers, praised by the critics, his work was rewarded with several prizes : 1935 : Silver Medal of the International Fair of Sa\u00efgon (Vi\u00eat-Nam) 1941 : Grand Prize of Decorative Composition, Fine-Arts School of Avignon (Vaucluse) 1942 : Poster Prize for Savings (Paris) 1944 : Lefranc Grand Prize at the International Painting &hellip; Continuer la lecture de Medals and awards &rarr;","og_url":"https:\/\/www.nguyensao.fr\/index.php\/en\/medals-and-awards\/","og_site_name":"Nguyen Sao","article_modified_time":"2025-03-27T08:42:29+00:00","twitter_card":"summary_large_image","twitter_misc":{"Dur\u00e9e de lecture estim\u00e9e":"2 minutes"},"schema":{"@context":"https:\/\/schema.org","@graph":[{"@type":"WebPage","@id":"https:\/\/www.nguyensao.fr\/index.php\/en\/medals-and-awards\/","url":"https:\/\/www.nguyensao.fr\/index.php\/en\/medals-and-awards\/","name":"Medals and awards - Nguyen Sao","isPartOf":{"@id":"https:\/\/www.nguyensao.fr\/#website"},"datePublished":"2016-02-12T09:27:51+00:00","dateModified":"2025-03-27T08:42:29+00:00","inLanguage":"fr-FR","potentialAction":[{"@type":"ReadAction","target":["https:\/\/www.nguyensao.fr\/index.php\/en\/medals-and-awards\/"]}]},{"@type":"WebSite","@id":"https:\/\/www.nguyensao.fr\/#website","url":"https:\/\/www.nguyensao.fr\/","name":"Nguyen Sao","description":"Un artiste aux multiples facettes","potentialAction":[{"@type":"SearchAction","target":{"@type":"EntryPoint","urlTemplate":"https:\/\/www.nguyensao.fr\/?s={search_term_string}"},"query-input":{"@type":"PropertyValueSpecification","valueRequired":true,"valueName":"search_term_string"}}],"inLanguage":"fr-FR"}]}},"_links":{"self":[{"href":"https:\/\/www.nguyensao.fr\/index.php\/wp-json\/wp\/v2\/pages\/752","targetHints":{"allow":["GET"]}}],"collection":[{"href":"https:\/\/www.nguyensao.fr\/index.php\/wp-json\/wp\/v2\/pages"}],"about":[{"href":"https:\/\/www.nguyensao.fr\/index.php\/wp-json\/wp\/v2\/types\/page"}],"author":[{"embeddable":true,"href":"https:\/\/www.nguyensao.fr\/index.php\/wp-json\/wp\/v2\/users\/1"}],"replies":[{"embeddable":true,"href":"https:\/\/www.nguyensao.fr\/index.php\/wp-json\/wp\/v2\/comments?post=752"}],"version-history":[{"count":2,"href":"https:\/\/www.nguyensao.fr\/index.php\/wp-json\/wp\/v2\/pages\/752\/revisions"}],"predecessor-version":[{"id":1914,"href":"https:\/\/www.nguyensao.fr\/index.php\/wp-json\/wp\/v2\/pages\/752\/revisions\/1914"}],"wp:attachment":[{"href":"https:\/\/www.nguyensao.fr\/index.php\/wp-json\/wp\/v2\/media?parent=752"}],"curies":[{"name":"wp","href":"https:\/\/api.w.org\/{rel}","templated":true}]}}